{"id":2386,"date":"2021-03-18T13:53:12","date_gmt":"2021-03-18T12:53:12","guid":{"rendered":"https:\/\/nicolefragrance.se\/?post_type=product&#038;p=2386"},"modified":"2025-07-07T20:34:04","modified_gmt":"2025-07-07T18:34:04","slug":"ysl-la-nuit-de-l-homme-nicole-edp","status":"publish","type":"product","link":"https:\/\/nicolefragrance.se\/hr\/proizvod\/ysl-la-nuit-de-l-homme-nicole-edp\/","title":{"rendered":"Nicole 3011 EDP inspiriran s La Nuit de L Homme Yves Saint Laurent"},"content":{"rendered":"<p><strong>La Nuit de L&#8217;Homme Eau de Parfum<\/strong> je nova verzija istoimenog mu\u0161kog parfema ku\u0107e Yves Saint Laurent, lansirana 2019. godine. Ovaj miris spaja senzualnost, dubinu i misteriju kako bi stvorio neodoljivu esencu za modernog mu\u0161karca.<\/p>\n<p>Gornje note ovog parfema zapo\u010dinju eksplozivno sa kardamomom i grejpfrutom. Kardamom dodaje za\u010dinjenu notu, dok grejpfrut osvje\u017eava i osna\u017euje. Srednje note obuhva\u0107aju senzualnu ko\u017eu, lavandu i mu\u0161katnu \u017ealfiju. Ove note dodaju dubinu i kompleksnost mirisu, stvaraju\u0107i bogatstvo i zavodljivost koja privla\u010di pa\u017enju. Bazne note parfema ple\u0161u klju\u010dnu ulogu u stvaranju njegove trajnosti i neodoljive privla\u010dnosti. Tonka mahune, sandalovina, pa\u010duli i vetiver kombiniraju se kako bi stvorili duboke i zavodljive tragove koji traju satima.<\/p>\n<p><strong>La Nuit de L&#8217;Homme Eau de Parfum<\/strong> je mu\u0161ki miris koji izaziva strast i senzualnost. Posve\u0107en je mu\u0161karcu koji je \u0161armantan, tajanstven i hrabar. Ovaj miris donosi novu vatrenost besprijekornom mu\u0161kom \u0161armu.<\/p>\n<p><strong>YSL La Nuit de L&#8217;Homme<\/strong>\u00a0je parfem koji \u0107e vam pomo\u0107i da istaknete svoju neodoljivu privla\u010dnost. Sna\u017ean, senzualan i misteriozan, ovaj miris je izbor za mu\u0161karca koji \u017eivi hrabro i strastveno. Neka vas ovaj parfem definira i ostavite neizbrisiv trag gdje god da krenete.<\/p>\n","protected":false},"excerpt":{"rendered":"<p>La Nuit de L&#8217;Homme Eau de Parfum je mu\u0161ki miris koji slavi strast i senzualnost. Posve\u0107en je mu\u0161karcu koji je \u0161armantan, tajanstven i hrabar. Ovaj miris donosi novu vatrenost besprijekornom mu\u0161kom \u0161armu. Sna\u017ean, senzualan i misteriozan, YSL La Nuit de L&#8217;Homme je izbor za mu\u0161karca koji \u017eivi hrabro i strastveno.<\/p>\n","protected":false},"featured_media":27154,"comment_status":"open","ping_status":"closed","template":"","meta":{"_acf_changed":false},"product_brand":[],"product_cat":[206,187],"product_tag":[],"class_list":{"0":"post-2386","1":"product","2":"type-product","3":"status-publish","4":"has-post-thumbnail","6":"product_cat-yves-saint-laurent-marka","7":"product_cat-za-muskarce","9":"first","10":"instock","11":"taxable","12":"shipping-taxable","13":"purchasable","14":"product-type-variable","15":"has-default-attributes"},"acf":[],"_links":{"self":[{"href":"https:\/\/nicolefragrance.se\/hr\/wp-json\/wp\/v2\/product\/2386","targetHints":{"allow":["GET"]}}],"collection":[{"href":"https:\/\/nicolefragrance.se\/hr\/wp-json\/wp\/v2\/product"}],"about":[{"href":"https:\/\/nicolefragrance.se\/hr\/wp-json\/wp\/v2\/types\/product"}],"replies":[{"embeddable":true,"href":"https:\/\/nicolefragrance.se\/hr\/wp-json\/wp\/v2\/comments?post=2386"}],"version-history":[{"count":0,"href":"https:\/\/nicolefragrance.se\/hr\/wp-json\/wp\/v2\/product\/2386\/revisions"}],"wp:featuredmedia":[{"embeddable":true,"href":"https:\/\/nicolefragrance.se\/hr\/wp-json\/wp\/v2\/media\/27154"}],"wp:attachment":[{"href":"https:\/\/nicolefragrance.se\/hr\/wp-json\/wp\/v2\/media?parent=2386"}],"wp:term":[{"taxonomy":"product_brand","embeddable":true,"href":"https:\/\/nicolefragrance.se\/hr\/wp-json\/wp\/v2\/product_brand?post=2386"},{"taxonomy":"product_cat","embeddable":true,"href":"https:\/\/nicolefragrance.se\/hr\/wp-json\/wp\/v2\/product_cat?post=2386"},{"taxonomy":"product_tag","embeddable":true,"href":"https:\/\/nicolefragrance.se\/hr\/wp-json\/wp\/v2\/product_tag?post=2386"}],"curies":[{"name":"wp","href":"https:\/\/api.w.org\/{rel}","templated":true}]}}