{"id":2374,"date":"2021-03-18T13:51:06","date_gmt":"2021-03-18T12:51:06","guid":{"rendered":"https:\/\/nicolefragrance.se\/?post_type=product&#038;p=2374"},"modified":"2025-07-07T20:36:28","modified_gmt":"2025-07-07T18:36:28","slug":"tom-ford-fucking-fabulous-nicole-edp","status":"publish","type":"product","link":"https:\/\/nicolefragrance.se\/hr\/proizvod\/tom-ford-fucking-fabulous-nicole-edp\/","title":{"rendered":"Nicole 3010 EDP inspiriran s Fucking Fabulous Tom Ford"},"content":{"rendered":"<p><b>Tom Ford Fucking Fabulous <\/b>je unisex parfem koji sa jednakom stra\u0161\u0107u privla\u010di oba spola. Njegova nekonvencionalna kompozicija spaja elemente ko\u017enog mirisa sa za\u010dinjenim, toplim i rasko\u0161nim notama.<\/p>\n<p>Baza parfema je istinski bogata i \u010dini ga dugotrajnim. Otvara se svje\u017eim notama \u0111umbira, mandarine, lista limuna, bosiljka, bergamota i listova ljubi\u010dice. U srcu ovog mirisa isti\u010du se note badema i irisa koje dodaju teksturalnu rasko\u0161 ko\u017enoj bazi. Cvjetna nota irisa poja\u010dava intenzitet ko\u017enog akorda. Ovaj parfem je zaista jedinstven i neobi\u010dno privla\u010dan.<\/p>\n<p>Srednje note ovog parfema donose mje\u0161avinu tuniske cvjetne note naran\u010de, papra, lista duhana i cvjetova grejpfruta. Harmoni\u010dna kombinacija dodaje dubinu i slo\u017eenost mirisu, \u010dine\u0107i ga izazovnim i zavodljivim.<\/p>\n<p><strong>Tom Ford Fucking Fabulous<\/strong> je miris koji se isti\u010de svojom provokativno\u0161\u0107u, sofisticirano\u0161\u0107u i jedinstvenim spojem ko\u017enih, za\u010dinjenih i gurmanskih nota. Ovaj parfem je kao stvoren za one koji tra\u017ee ne\u0161to novo i druga\u010dije u svijetu mirisa, ne\u0161to \u0161to \u0107e privu\u0107i pa\u017enju i ostaviti sna\u017ean utisak. Bez sumnje, ovaj miris je istinski rasko\u0161an i neodoljiv pa je vrlo brzo postao jedan od najprodavanijih iz linije Tom Ford\u00a0mirisa.<\/p>\n","protected":false},"excerpt":{"rendered":"<p>Tom Ford Fucking Fabulous je miris koji se isti\u010de svojom provokativno\u0161\u0107u, sofisticirano\u0161\u0107u i jedinstvenim spojem ko\u017enih, za\u010dinjenih i gurmanskih nota. Ovaj parfem je kao stvoren za one koji tra\u017ee ne\u0161to novo i druga\u010dije u svijetu mirisa, ne\u0161to \u0161to \u0107e privu\u0107i pa\u017enju i ostaviti sna\u017ean utisak. Bez sumnje, ovaj miris je istinski rasko\u0161an i neodoljiv.<\/p>\n","protected":false},"featured_media":27165,"comment_status":"open","ping_status":"closed","template":"","meta":{"_acf_changed":false},"product_brand":[],"product_cat":[203,188,187,186],"product_tag":[],"class_list":{"0":"post-2374","1":"product","2":"type-product","3":"status-publish","4":"has-post-thumbnail","6":"product_cat-tom-ford-marka","7":"product_cat-unisex","8":"product_cat-za-muskarce","9":"product_cat-za-zene","11":"first","12":"instock","13":"taxable","14":"shipping-taxable","15":"purchasable","16":"product-type-variable","17":"has-default-attributes"},"acf":[],"_links":{"self":[{"href":"https:\/\/nicolefragrance.se\/hr\/wp-json\/wp\/v2\/product\/2374","targetHints":{"allow":["GET"]}}],"collection":[{"href":"https:\/\/nicolefragrance.se\/hr\/wp-json\/wp\/v2\/product"}],"about":[{"href":"https:\/\/nicolefragrance.se\/hr\/wp-json\/wp\/v2\/types\/product"}],"replies":[{"embeddable":true,"href":"https:\/\/nicolefragrance.se\/hr\/wp-json\/wp\/v2\/comments?post=2374"}],"version-history":[{"count":0,"href":"https:\/\/nicolefragrance.se\/hr\/wp-json\/wp\/v2\/product\/2374\/revisions"}],"wp:featuredmedia":[{"embeddable":true,"href":"https:\/\/nicolefragrance.se\/hr\/wp-json\/wp\/v2\/media\/27165"}],"wp:attachment":[{"href":"https:\/\/nicolefragrance.se\/hr\/wp-json\/wp\/v2\/media?parent=2374"}],"wp:term":[{"taxonomy":"product_brand","embeddable":true,"href":"https:\/\/nicolefragrance.se\/hr\/wp-json\/wp\/v2\/product_brand?post=2374"},{"taxonomy":"product_cat","embeddable":true,"href":"https:\/\/nicolefragrance.se\/hr\/wp-json\/wp\/v2\/product_cat?post=2374"},{"taxonomy":"product_tag","embeddable":true,"href":"https:\/\/nicolefragrance.se\/hr\/wp-json\/wp\/v2\/product_tag?post=2374"}],"curies":[{"name":"wp","href":"https:\/\/api.w.org\/{rel}","templated":true}]}}