{"id":2350,"date":"2021-03-18T13:43:47","date_gmt":"2021-03-18T12:43:47","guid":{"rendered":"https:\/\/nicolefragrance.se\/?post_type=product&#038;p=2350"},"modified":"2025-07-07T20:40:46","modified_gmt":"2025-07-07T18:40:46","slug":"spicebomb-night-vision-nicole-edp","status":"publish","type":"product","link":"https:\/\/nicolefragrance.se\/hr\/proizvod\/spicebomb-night-vision-nicole-edp\/","title":{"rendered":"Nicole 3002 EDP inspiriran s Spicebomb Night Vision Viktor &#038; Rolf"},"content":{"rendered":"<p><strong>Spicebomb Night Vision by Viktor &amp; Rolf<\/strong> je mu\u0161ki parfem predstavljen 2019. godine. Spada u kategoriju amber-fud\u017eer parfema i predstavlja neodoljivu kombinaciju svje\u017eih zelenih nota i tamnih za\u010dina.<\/p>\n<p>Parfem se otvara notama zelene jabuke, mandarine, kardamoma i grejpfruta. Ove note zajedno stvaraju osvje\u017eavaju\u0107u i vo\u0107no-za\u010dinsku po\u010detnu eksploziju. U srcu mirisa, otkriti \u0107ete note papra, \u017ealfije, mu\u0161katnog ora\u0161\u010di\u0107a, crvene \u010dili paprike, karanfili\u0107a i geranija. Ove za\u010dinske note daju dubinu i kompleksnost mirisu, stvaraju\u0107i strastvenu i misterioznu srednju notu. Bazne note\u00a0uklju\u010duju tonka grah, drvene note i badem. Ove note pru\u017eaju trajnu i senzualnu osnovu mirisu, koja ostavlja neodoljiv utisak.<\/p>\n<p><strong>Spicebomb Night Vision<\/strong> je posebno dizajniran za ve\u010dernje sate. Ovaj miris donosi osje\u0107aj tajanstvenosti i mo\u0107i. Njegove duboke i mra\u010dne za\u010dinske note kombinirane sa svje\u017eim vo\u0107nim notama \u010dine ga senzualnim i privla\u010dnim.<\/p>\n<p><strong>Viktor &amp; Rolf Spicebomb Night Vision<\/strong> je savr\u0161en izbor za mu\u0161karce koji \u017eele da ostave neizbrisiv utisak svojom privla\u010dno\u0161\u0107u i samopouzdanjem, tijekom ve\u010derrnjih izlazaka ili posebnih prilika. Otkrijte tajnu mo\u0107i Spicebomb Night Vision i unesite eksploziju strasti i senzualnosti u svoj \u017eivot.<\/p>\n","protected":false},"excerpt":{"rendered":"<p>Viktor &amp; Rolf Spicebomb Night Vision je savr\u0161en izbor za mu\u0161karce koji \u017eele ostaviti neizbrisiv utisak svojom privla\u010dno\u0161\u0107u i samopouzdanjem, tijekom ve\u010derrnjih izlazaka ili posebnih prilika. Ovaj miris donosi osje\u0107aj tajanstvenosti i mo\u0107i. Otkrijte tajnu mo\u0107i Spicebomb Night Vision i unesite eksploziju strasti i senzualnosti u svoj \u017eivot.<\/p>\n","protected":false},"featured_media":27187,"comment_status":"open","ping_status":"closed","template":"","meta":{"_acf_changed":false},"product_brand":[],"product_cat":[230,187],"product_tag":[],"class_list":{"0":"post-2350","1":"product","2":"type-product","3":"status-publish","4":"has-post-thumbnail","6":"product_cat-viktor-rolf-marka","7":"product_cat-za-muskarce","9":"first","10":"instock","11":"taxable","12":"shipping-taxable","13":"purchasable","14":"product-type-variable","15":"has-default-attributes"},"acf":[],"_links":{"self":[{"href":"https:\/\/nicolefragrance.se\/hr\/wp-json\/wp\/v2\/product\/2350","targetHints":{"allow":["GET"]}}],"collection":[{"href":"https:\/\/nicolefragrance.se\/hr\/wp-json\/wp\/v2\/product"}],"about":[{"href":"https:\/\/nicolefragrance.se\/hr\/wp-json\/wp\/v2\/types\/product"}],"replies":[{"embeddable":true,"href":"https:\/\/nicolefragrance.se\/hr\/wp-json\/wp\/v2\/comments?post=2350"}],"version-history":[{"count":0,"href":"https:\/\/nicolefragrance.se\/hr\/wp-json\/wp\/v2\/product\/2350\/revisions"}],"wp:featuredmedia":[{"embeddable":true,"href":"https:\/\/nicolefragrance.se\/hr\/wp-json\/wp\/v2\/media\/27187"}],"wp:attachment":[{"href":"https:\/\/nicolefragrance.se\/hr\/wp-json\/wp\/v2\/media?parent=2350"}],"wp:term":[{"taxonomy":"product_brand","embeddable":true,"href":"https:\/\/nicolefragrance.se\/hr\/wp-json\/wp\/v2\/product_brand?post=2350"},{"taxonomy":"product_cat","embeddable":true,"href":"https:\/\/nicolefragrance.se\/hr\/wp-json\/wp\/v2\/product_cat?post=2350"},{"taxonomy":"product_tag","embeddable":true,"href":"https:\/\/nicolefragrance.se\/hr\/wp-json\/wp\/v2\/product_tag?post=2350"}],"curies":[{"name":"wp","href":"https:\/\/api.w.org\/{rel}","templated":true}]}}