{"id":2338,"date":"2021-03-18T13:42:16","date_gmt":"2021-03-18T12:42:16","guid":{"rendered":"https:\/\/nicolefragrance.se\/?post_type=product&#038;p=2338"},"modified":"2025-07-07T20:46:01","modified_gmt":"2025-07-07T18:46:01","slug":"paco-rabanne-pure-xs-night-nicole-edp","status":"publish","type":"product","link":"https:\/\/nicolefragrance.se\/hr\/proizvod\/paco-rabanne-pure-xs-night-nicole-edp\/","title":{"rendered":"Nicole 3001 EDP inspiriran s Pure XS Night Paco Rabanne"},"content":{"rendered":"<p><strong>Pure XS Night by Paco Rabanne<\/strong> je orijentalno-za\u010dinski mu\u0161ki parfem koji odra\u017eava senzualnost i strast mladog mu\u0161karca, nagla\u0161avaju\u0107i avanturisti\u010dki duh koji se budi no\u0107u.<\/p>\n<p><strong>Pure XS Night<\/strong> se otvara sna\u017enim notama ginsenga i \u0111umbira koje momentalno privla\u010de pa\u017enju. U srcu mirisa, kakaov prah, vanilija i cimet stvaraju slojevitu i privla\u010dnu mje\u0161avinu, dodaju\u0107i dubinu i senzualnost mirisu koji ga \u010dini zavodljivim i intrigantnim. Osnovne note ovog mirisa &#8211; karamela i smirna &#8211; doprinose slo\u017eenosti mirisne kompozicije. Ove tople i slatke note stvaraju suptilnu senzaciju koja zra\u010di samopouzdanjem i seksipilom. Ova bazna harmonija savr\u0161eno zaokru\u017euje cijelokupno iskustvo, stvaraju\u0107i neodoljivu i misterioznu privla\u010dnost.<\/p>\n<p><strong>Paco Rabanne Pure XS Night<\/strong> je miris koji simbolizira strast i avanturu, stvaraju\u0107i osje\u0107aj uzbudljive opasnosti. Ovaj miris je pogodan za no\u0161enje tijekom hladnih jesenskih i zimskih ve\u010deri, kada \u017eelite da istaknete svoju karizmu i samopouzdanje. Njegova jedinstvena i intrigantna aroma privla\u010di pa\u017enju i ostavlja nezaboravan utisak.<\/p>\n<p><strong>Pure XS Night<\/strong> predstavlja idealan miris za mu\u0161karce koji vole da istra\u017euju nove mogu\u0107nosti i \u017eele da istaknu svoju samouvjerenost i snagu. Ovaj miris je poput poziva da istra\u017eite svoju strast i hrabrost, stvaraju\u0107i do\u017eivljaj uzbu\u0111enja koji se ne zaboravlja. Iskoristite svoju unutra\u0161nju mo\u0107 i privucite pa\u017enju uz Pure XS Night by Paco Rabanne.<\/p>\n","protected":false},"excerpt":{"rendered":"<p>Pure XS Night by Paco Rabanne je miris koji simbolizira strast i avanturu, stvaraju\u0107i osje\u0107aj uzbudljive opasnosti. Ovaj miris je pogodan za no\u0161enje tijekom hladnih jesenskih i zimskih ve\u010deri, kada \u017eelite istaknuti svoju karizmu i samopouzdanje. Njegova jedinstvena i intrigantna aroma privla\u010di pa\u017enju i ostavlja nezaboravan utisak. Pure XS Night predstavlja idealan miris za mu\u0161karce koji vole istra\u017eivati nove mogu\u0107nosti i \u017eele istaknuti svoju samouvjerenost i snagu.<\/p>\n","protected":false},"featured_media":27198,"comment_status":"open","ping_status":"closed","template":"","meta":{"_acf_changed":false},"product_brand":[],"product_cat":[198,187],"product_tag":[],"class_list":{"0":"post-2338","1":"product","2":"type-product","3":"status-publish","4":"has-post-thumbnail","6":"product_cat-paco-rabanne-marka","7":"product_cat-za-muskarce","9":"first","10":"instock","11":"taxable","12":"shipping-taxable","13":"purchasable","14":"product-type-variable","15":"has-default-attributes"},"acf":[],"_links":{"self":[{"href":"https:\/\/nicolefragrance.se\/hr\/wp-json\/wp\/v2\/product\/2338","targetHints":{"allow":["GET"]}}],"collection":[{"href":"https:\/\/nicolefragrance.se\/hr\/wp-json\/wp\/v2\/product"}],"about":[{"href":"https:\/\/nicolefragrance.se\/hr\/wp-json\/wp\/v2\/types\/product"}],"replies":[{"embeddable":true,"href":"https:\/\/nicolefragrance.se\/hr\/wp-json\/wp\/v2\/comments?post=2338"}],"version-history":[{"count":0,"href":"https:\/\/nicolefragrance.se\/hr\/wp-json\/wp\/v2\/product\/2338\/revisions"}],"wp:featuredmedia":[{"embeddable":true,"href":"https:\/\/nicolefragrance.se\/hr\/wp-json\/wp\/v2\/media\/27198"}],"wp:attachment":[{"href":"https:\/\/nicolefragrance.se\/hr\/wp-json\/wp\/v2\/media?parent=2338"}],"wp:term":[{"taxonomy":"product_brand","embeddable":true,"href":"https:\/\/nicolefragrance.se\/hr\/wp-json\/wp\/v2\/product_brand?post=2338"},{"taxonomy":"product_cat","embeddable":true,"href":"https:\/\/nicolefragrance.se\/hr\/wp-json\/wp\/v2\/product_cat?post=2338"},{"taxonomy":"product_tag","embeddable":true,"href":"https:\/\/nicolefragrance.se\/hr\/wp-json\/wp\/v2\/product_tag?post=2338"}],"curies":[{"name":"wp","href":"https:\/\/api.w.org\/{rel}","templated":true}]}}