{"id":2326,"date":"2021-03-18T13:40:24","date_gmt":"2021-03-18T12:40:24","guid":{"rendered":"https:\/\/nicolefragrance.se\/?post_type=product&#038;p=2326"},"modified":"2025-07-07T20:47:41","modified_gmt":"2025-07-07T18:47:41","slug":"bad-boy-carolina-herrera-nicole-edp","status":"publish","type":"product","link":"https:\/\/nicolefragrance.se\/hr\/proizvod\/bad-boy-carolina-herrera-nicole-edp\/","title":{"rendered":"Nicole 3000 EDP inspiriran s Bad Boy Carolina Herrera"},"content":{"rendered":"<p><strong>Carolina Herrera Bad Boy<\/strong> je aromati\u010dni mu\u0161ki miris koji o\u017eivljava osjetila zahvaljuju\u0107i intrigantnoj kombinaciji crnog i bijelog papra sa talijanskim zelenim bergamotom.<\/p>\n<p>Bad Boy od Carolina Herrere je za\u010dinski miris za mu\u0161karce lansiran 2019. godine. Kreirali su ga talentirani parfimeri Quentin Bisch i Louise Turner. Gornje note ovog mirisa obuhva\u0107aju bijeli papar, bergamot i roze papar, dok se u srcu isti\u010du \u017ealfija i cedar. Baza ovog upe\u010datljivog mirisa \u010dine tonka grah i kakao.<\/p>\n<p><strong>Carolina Herrera Bad Boy<\/strong> po\u010dinje osvje\u017eavaju\u0107im notama grejpfruta i energi\u010dnim konopljinim akordom, koji se postepeno stapaju sa za\u010dinskim notama crnog papra i geranija. Ovaj miris se dalje razvija u senzualnu osnovu od drvenog vetivera i sun\u010dane ko\u017ee, koja poziva na strast i avanturu.<\/p>\n<p><strong>Carolina Herrera Bad Boy<\/strong> je miris za modernog mu\u0161karca, samopouzdanog i neodoljivog, spremanog da istra\u017ei sve \u0161to \u017eivot nudi. Ovaj parfem odi\u0161e snagom i sofisticirano\u0161\u0107u, ba\u0161 kao i mu\u0161karac koji ga nosi. Njegova trajnost i svje\u017ea, intrigantna kombinacija nota \u010dine ga savr\u0161enim izborom za sve prilike. Bilo da je u pitanju svakodnevna upotreba ili posebni trenuci koji zahtijevaju poseban miris.<\/p>\n","protected":false},"excerpt":{"rendered":"<p>Bad Boy by Carolina Herrera je miris za modernog mu\u0161karca, samopouzdanog i neodoljivog, spremanog istra\u017eivati sve \u0161to \u017eivot nudi. Ovaj parfem odi\u0161e snagom i sofisticirano\u0161\u0107u, ba\u0161 kao i mu\u0161karac koji ga nosi. Njegova trajnost i svje\u017ea, intrigantna kombinacija nota \u010dine ga savr\u0161enim izborom za sve prilike &#8211; bilo da je u pitanju svakodnevna upotreba ili posebni trenuci koji zahtijevaju poseban miris.<\/p>\n","protected":false},"featured_media":27209,"comment_status":"open","ping_status":"closed","template":"","meta":{"_acf_changed":false},"product_brand":[],"product_cat":[205,187],"product_tag":[],"class_list":{"0":"post-2326","1":"product","2":"type-product","3":"status-publish","4":"has-post-thumbnail","6":"product_cat-carolina-herrera-marka","7":"product_cat-za-muskarce","9":"first","10":"instock","11":"taxable","12":"shipping-taxable","13":"purchasable","14":"product-type-variable","15":"has-default-attributes"},"acf":[],"_links":{"self":[{"href":"https:\/\/nicolefragrance.se\/hr\/wp-json\/wp\/v2\/product\/2326","targetHints":{"allow":["GET"]}}],"collection":[{"href":"https:\/\/nicolefragrance.se\/hr\/wp-json\/wp\/v2\/product"}],"about":[{"href":"https:\/\/nicolefragrance.se\/hr\/wp-json\/wp\/v2\/types\/product"}],"replies":[{"embeddable":true,"href":"https:\/\/nicolefragrance.se\/hr\/wp-json\/wp\/v2\/comments?post=2326"}],"version-history":[{"count":0,"href":"https:\/\/nicolefragrance.se\/hr\/wp-json\/wp\/v2\/product\/2326\/revisions"}],"wp:featuredmedia":[{"embeddable":true,"href":"https:\/\/nicolefragrance.se\/hr\/wp-json\/wp\/v2\/media\/27209"}],"wp:attachment":[{"href":"https:\/\/nicolefragrance.se\/hr\/wp-json\/wp\/v2\/media?parent=2326"}],"wp:term":[{"taxonomy":"product_brand","embeddable":true,"href":"https:\/\/nicolefragrance.se\/hr\/wp-json\/wp\/v2\/product_brand?post=2326"},{"taxonomy":"product_cat","embeddable":true,"href":"https:\/\/nicolefragrance.se\/hr\/wp-json\/wp\/v2\/product_cat?post=2326"},{"taxonomy":"product_tag","embeddable":true,"href":"https:\/\/nicolefragrance.se\/hr\/wp-json\/wp\/v2\/product_tag?post=2326"}],"curies":[{"name":"wp","href":"https:\/\/api.w.org\/{rel}","templated":true}]}}