{"id":2290,"date":"2021-03-18T13:34:41","date_gmt":"2021-03-18T12:34:41","guid":{"rendered":"https:\/\/nicolefragrance.se\/?post_type=product&#038;p=2290"},"modified":"2025-07-11T07:50:24","modified_gmt":"2025-07-11T05:50:24","slug":"hugo-boss-bottled-tonic-nicole-edp","status":"publish","type":"product","link":"https:\/\/nicolefragrance.se\/hr\/proizvod\/hugo-boss-bottled-tonic-nicole-edp\/","title":{"rendered":"Nicole 819 EDP inspiriran s Bottled Tonic Hugo Boss"},"content":{"rendered":"<p><strong>Bottled Tonic by Hugo Boss<\/strong> je mu\u0161ki parfem koji osvaja svojom suptilnom elegancijom i osvje\u017eavaju\u0107om notom. Ovaj miris je lansiran 2017. godine i predstavlja mu\u017eevnu svje\u017einu koja donosi novo svjetlo i osvje\u017eenje originalnom Boss Bottled mirisu.<\/p>\n<p>Bottled Tonic je kombinacija citrusnih nota, za\u010dina i drvenih akorda, stvaraju\u0107i harmoni\u010dan mirisni do\u017eivljaj. Ovaj miris je suptilan i elegantan, a istovremeno osvje\u017eavaju\u0107, \u010dine\u0107i ga savr\u0161enim izborom za suvremenog mu\u0161karca koji \u017eeli da ostavi pozitivan utisak.<\/p>\n<p>Ovaj miris ima impresivnu postojanost od 6-8 sati i umjerenu projekciju mirisa, \u0161to ga \u010dini idealnim izborom za radne dane i svakodnevne prilike. Bottled Tonic nije previ\u0161e intenzivan, ve\u0107 pru\u017ea blagu osvje\u017eavaju\u0107u notu koja \u0107e vas o\u017eivjeti.<\/p>\n<p>Zato neka <strong>Bottled Tonic by Hugo Boss<\/strong>\u00a0bude va\u0161a tajna svje\u017eine i elegancije. Bez obzira da li ga nosite na poslu ili u svakodnevnim prilikama, ovaj miris \u0107e vas pratiti tijekom cijelog dana i ista\u0107i va\u0161u suptilnu mu\u017eevnost. Hugo Boss Bottled Tonic je miris za mu\u0161karca koji te\u017ei uspjehu i \u017eivi \u017eivot u punom sjaju.<\/p>\n","protected":false},"excerpt":{"rendered":"<p>Bottled Tonic by Hugo Boss je mu\u0161ki parfem koji osvaja svojom suptilnom elegancijom i osvje\u017eavaju\u0107om notom. Ovaj miris ima impresivnu postojanost od 6-8 sati i umjerenu projekciju mirisa, \u0161to ga \u010dini idealnim izborom za radne dane i svakodnevne prilike. Bottled Tonic nije previ\u0161e intenzivan, ve\u0107 pru\u017ea blagu osvje\u017eavaju\u0107u notu koja \u0107e vas o\u017eivjeti.<\/p>\n","protected":false},"featured_media":28766,"comment_status":"open","ping_status":"closed","template":"","meta":{"_acf_changed":false},"product_brand":[],"product_cat":[193,187],"product_tag":[],"class_list":{"0":"post-2290","1":"product","2":"type-product","3":"status-publish","4":"has-post-thumbnail","6":"product_cat-hugo-boss-marka","7":"product_cat-za-muskarce","9":"first","10":"outofstock","11":"taxable","12":"shipping-taxable","13":"purchasable","14":"product-type-variable","15":"has-default-attributes"},"acf":[],"_links":{"self":[{"href":"https:\/\/nicolefragrance.se\/hr\/wp-json\/wp\/v2\/product\/2290","targetHints":{"allow":["GET"]}}],"collection":[{"href":"https:\/\/nicolefragrance.se\/hr\/wp-json\/wp\/v2\/product"}],"about":[{"href":"https:\/\/nicolefragrance.se\/hr\/wp-json\/wp\/v2\/types\/product"}],"replies":[{"embeddable":true,"href":"https:\/\/nicolefragrance.se\/hr\/wp-json\/wp\/v2\/comments?post=2290"}],"version-history":[{"count":0,"href":"https:\/\/nicolefragrance.se\/hr\/wp-json\/wp\/v2\/product\/2290\/revisions"}],"wp:featuredmedia":[{"embeddable":true,"href":"https:\/\/nicolefragrance.se\/hr\/wp-json\/wp\/v2\/media\/28766"}],"wp:attachment":[{"href":"https:\/\/nicolefragrance.se\/hr\/wp-json\/wp\/v2\/media?parent=2290"}],"wp:term":[{"taxonomy":"product_brand","embeddable":true,"href":"https:\/\/nicolefragrance.se\/hr\/wp-json\/wp\/v2\/product_brand?post=2290"},{"taxonomy":"product_cat","embeddable":true,"href":"https:\/\/nicolefragrance.se\/hr\/wp-json\/wp\/v2\/product_cat?post=2290"},{"taxonomy":"product_tag","embeddable":true,"href":"https:\/\/nicolefragrance.se\/hr\/wp-json\/wp\/v2\/product_tag?post=2290"}],"curies":[{"name":"wp","href":"https:\/\/api.w.org\/{rel}","templated":true}]}}