{"id":2278,"date":"2021-03-18T13:33:12","date_gmt":"2021-03-18T12:33:12","guid":{"rendered":"https:\/\/nicolefragrance.se\/?post_type=product&#038;p=2278"},"modified":"2025-07-08T08:37:23","modified_gmt":"2025-07-08T06:37:23","slug":"tom-ford-neroli-portofino-nicole-edp","status":"publish","type":"product","link":"https:\/\/nicolefragrance.se\/hr\/proizvod\/tom-ford-neroli-portofino-nicole-edp\/","title":{"rendered":"Nicole 817 EDP inspiriran s Neroli Portofino Tom Ford"},"content":{"rendered":"<p><strong>Tom Ford Neroli Portofino<\/strong> je unisex parfem u kome su pomije\u0161ana osvje\u017eavaju\u0107a citrusna ulja, cvjetne note i amber tonovi. Ovaj parfem je \u017eivahna Tom Ford-ova oda talijanskoj Rivijeri. Naime, ovaj miris savr\u0161eno do\u010darava hladne povjetarce, bistru vodu i bujnu vegetaciju talijanske Rivijere. Njegova reinterpretacija klasi\u010dne toaletne vode sadr\u017ei osvje\u017eavaju\u0107e citrusne note, iznena\u0111uju\u0107e cvjetne akorde i tople amber tonove, ostavljaju\u0107i utisak istovremeno osvje\u017eavaju\u0107 i dubok.<\/p>\n<p>Ovaj parfem miri\u0161e na kristalno jasne citruse i osvje\u017eavaju\u0107e ulje naran\u010de. U srcu ovog mirisa nalaze se note bergamota, mandarine, limuna, nerolija, lavande, ru\u017emarina, jasmina i ambera. Na samom po\u010detku, do\u010dekuje vas svijetla, \u017eivahna kombinacija citrusa.<\/p>\n<p><strong>Tom Ford Neroli Portofino<\/strong> je deklarisan kao unisex parfem i zaista to jeste. Rekla bih da vi\u0161e naginje \u017eenskoj strani, jer je prili\u010dno cvjetan, ali ne previ\u0161e, i nije dovoljno \u017eenstven da bi se izgubila uniseks karakteristika.<\/p>\n<p>Neroli Portofino od Tom Forda vas poziva na putovanje kroz svje\u017einu morskih povjetaraca i sjaj sunca, donose\u0107i vam luksuzno iskustvo. Ovaj parfem je \u017eivahan i osvje\u017eavaju\u0107, savr\u0161en za svakodnevnu upotrebu, ali i za posebne prilike. Sa svojim prepoznatljivim notama citrusa i cvjetova, Neroli Portofino ostavlja nezaboravan utisak gdje god da se pojavi.<\/p>\n","protected":false},"excerpt":{"rendered":"<p>Neroli Portofino od Tom Forda vas poziva na putovanje kroz svje\u017einu morskih povjetaraca i sjaj sunca, donose\u0107i vam luksuzno iskustvo. Ovaj parfem je \u017eivahan i osvje\u017eavaju\u0107, savr\u0161en za svakodnevnu upotrebu, ali i za posebne prilike. Sa svojim prepoznatljivim notama citrusa i cvjetova, Tom Ford Neroli Portofino ostavlja nezaboravan utisak gdje god da se pojavi.<\/p>\n","protected":false},"featured_media":27223,"comment_status":"open","ping_status":"closed","template":"","meta":{"_acf_changed":false},"product_brand":[],"product_cat":[203,188,187,186],"product_tag":[],"class_list":{"0":"post-2278","1":"product","2":"type-product","3":"status-publish","4":"has-post-thumbnail","6":"product_cat-tom-ford-marka","7":"product_cat-unisex","8":"product_cat-za-muskarce","9":"product_cat-za-zene","11":"first","12":"instock","13":"taxable","14":"shipping-taxable","15":"purchasable","16":"product-type-variable","17":"has-default-attributes"},"acf":[],"_links":{"self":[{"href":"https:\/\/nicolefragrance.se\/hr\/wp-json\/wp\/v2\/product\/2278","targetHints":{"allow":["GET"]}}],"collection":[{"href":"https:\/\/nicolefragrance.se\/hr\/wp-json\/wp\/v2\/product"}],"about":[{"href":"https:\/\/nicolefragrance.se\/hr\/wp-json\/wp\/v2\/types\/product"}],"replies":[{"embeddable":true,"href":"https:\/\/nicolefragrance.se\/hr\/wp-json\/wp\/v2\/comments?post=2278"}],"version-history":[{"count":0,"href":"https:\/\/nicolefragrance.se\/hr\/wp-json\/wp\/v2\/product\/2278\/revisions"}],"wp:featuredmedia":[{"embeddable":true,"href":"https:\/\/nicolefragrance.se\/hr\/wp-json\/wp\/v2\/media\/27223"}],"wp:attachment":[{"href":"https:\/\/nicolefragrance.se\/hr\/wp-json\/wp\/v2\/media?parent=2278"}],"wp:term":[{"taxonomy":"product_brand","embeddable":true,"href":"https:\/\/nicolefragrance.se\/hr\/wp-json\/wp\/v2\/product_brand?post=2278"},{"taxonomy":"product_cat","embeddable":true,"href":"https:\/\/nicolefragrance.se\/hr\/wp-json\/wp\/v2\/product_cat?post=2278"},{"taxonomy":"product_tag","embeddable":true,"href":"https:\/\/nicolefragrance.se\/hr\/wp-json\/wp\/v2\/product_tag?post=2278"}],"curies":[{"name":"wp","href":"https:\/\/api.w.org\/{rel}","templated":true}]}}