{"id":2266,"date":"2021-03-18T13:30:22","date_gmt":"2021-03-18T12:30:22","guid":{"rendered":"https:\/\/nicolefragrance.se\/?post_type=product&#038;p=2266"},"modified":"2025-07-08T08:40:17","modified_gmt":"2025-07-08T06:40:17","slug":"versace-eros-nicole-edp","status":"publish","type":"product","link":"https:\/\/nicolefragrance.se\/hr\/proizvod\/versace-eros-nicole-edp\/","title":{"rendered":"Nicole 815 EDP inspiriran s Eros Versace"},"content":{"rendered":"<p><strong>Versace Eros<\/strong> je parfem stvoren za sna\u017enog i strastvenog mu\u0161karca koji je gospodar svoje sudbine. Ovaj miris tuma\u010di uzvi\u0161eno mu\u017eevno putem svijetle aure, sa intenzivnom, \u017eivahnom i sjajnom kombinacijom svje\u017eih listova nane, limunove kore i zelene jabuke.<\/p>\n<p>To je svje\u017e, mu\u017eevan parfem koji ima \u010distu mediteransku notu. Neki od senzualnih tonova uklju\u010duju aromu limunove kore, listova nane, zelenu jabuku, tonka grah, geranij, vaniliju, kedar, hrastovu mahovinu i vetiver. Ovaj parfem se preporu\u010duje sna\u017enom i karizmati\u010dnom mu\u0161karcu koji \u017eeli da ima svoj prepoznatljiv mirisni potpis.<\/p>\n<p><strong>Versace Eros<\/strong> je privla\u010dan mu\u0161ki parfem, mami svojom dra\u017eesnom notom i istinski je mu\u017eevan \u2013 savr\u0161eno odra\u017eava svoj mitolo\u0161ki naziv. Ovaj parfem je omiljen kod \u017eena i savr\u0161en je za samouvjerenog mu\u0161karca ili onoga ko \u017eeli da se tako osje\u0107a. Miris nane pru\u017ea notu za\u010dina koja dominira, budu\u0107i da je glavna nota u prezentaciji Versace Erosa.<\/p>\n<p><strong>Versace Eros<\/strong> je vi\u0161e od mirisa &#8211; to je izraz snage, strasti i samopouzdanja. Neka ovaj parfem postane va\u0161 mirisni talizman, simbol va\u0161e unutarnje mo\u0107i i neodoljivosti.<\/p>\n","protected":false},"excerpt":{"rendered":"<p>Versace Eros je privla\u010dan mu\u0161ki parfem, mami svojom dra\u017eesnom notom i istinski je mu\u017eevan \u2013 savr\u0161eno odra\u017eava svoj mitolo\u0161ki naziv. Ovaj parfem je omiljen kod \u017eena i savr\u0161en je za samouvjerenog mu\u0161karca ili onoga tko \u017eeli da se tako osje\u0107a. To je svje\u017e, mu\u017eevan parfem koji ima \u010distu mediteransku notu.<\/p>\n","protected":false},"featured_media":27235,"comment_status":"open","ping_status":"closed","template":"","meta":{"_acf_changed":false},"product_brand":[],"product_cat":[211,187],"product_tag":[],"class_list":{"0":"post-2266","1":"product","2":"type-product","3":"status-publish","4":"has-post-thumbnail","6":"product_cat-versace-marka","7":"product_cat-za-muskarce","9":"first","10":"instock","11":"taxable","12":"shipping-taxable","13":"purchasable","14":"product-type-variable","15":"has-default-attributes"},"acf":[],"_links":{"self":[{"href":"https:\/\/nicolefragrance.se\/hr\/wp-json\/wp\/v2\/product\/2266","targetHints":{"allow":["GET"]}}],"collection":[{"href":"https:\/\/nicolefragrance.se\/hr\/wp-json\/wp\/v2\/product"}],"about":[{"href":"https:\/\/nicolefragrance.se\/hr\/wp-json\/wp\/v2\/types\/product"}],"replies":[{"embeddable":true,"href":"https:\/\/nicolefragrance.se\/hr\/wp-json\/wp\/v2\/comments?post=2266"}],"version-history":[{"count":0,"href":"https:\/\/nicolefragrance.se\/hr\/wp-json\/wp\/v2\/product\/2266\/revisions"}],"wp:featuredmedia":[{"embeddable":true,"href":"https:\/\/nicolefragrance.se\/hr\/wp-json\/wp\/v2\/media\/27235"}],"wp:attachment":[{"href":"https:\/\/nicolefragrance.se\/hr\/wp-json\/wp\/v2\/media?parent=2266"}],"wp:term":[{"taxonomy":"product_brand","embeddable":true,"href":"https:\/\/nicolefragrance.se\/hr\/wp-json\/wp\/v2\/product_brand?post=2266"},{"taxonomy":"product_cat","embeddable":true,"href":"https:\/\/nicolefragrance.se\/hr\/wp-json\/wp\/v2\/product_cat?post=2266"},{"taxonomy":"product_tag","embeddable":true,"href":"https:\/\/nicolefragrance.se\/hr\/wp-json\/wp\/v2\/product_tag?post=2266"}],"curies":[{"name":"wp","href":"https:\/\/api.w.org\/{rel}","templated":true}]}}