{"id":22558,"date":"2025-02-21T21:33:56","date_gmt":"2025-02-21T20:33:56","guid":{"rendered":"https:\/\/nicolefragrance.se\/?post_type=product&#038;p=22558"},"modified":"2025-07-11T08:17:07","modified_gmt":"2025-07-11T06:17:07","slug":"paradiso-azzurro-roberto-cavalli-nicole-edp","status":"publish","type":"product","link":"https:\/\/nicolefragrance.se\/hr\/proizvod\/paradiso-azzurro-roberto-cavalli-nicole-edp\/","title":{"rendered":"Nicole 2065 EDP inspiriran s Paradiso Azzurro Roberto Cavalli"},"content":{"rendered":"<p><strong>Paradiso Azzurro by Roberto Cavalli<\/strong> je sofisticirani cvetno-morski parfem za \u017eene, lansiran 2016. godine. Savr\u0161en je za letnje dane, kada tra\u017eite miris koji donosi osve\u017eenje i eleganciju, uz blagi dodir luksuza.<\/p>\n<p>Po\u010detne note parfema donose osve\u017eavaju\u0107i spoj lavande, bergamota i mandarine, koje zajedno stvaraju \u017eivahnu i citrusnu notu. U srcu parfema nalazi se raznolik cvetni buket, gde se vodeni akordi me\u0161aju sa divljim jasminom, breskvom, tuberozom, ru\u017eom i jabukom, pru\u017eaju\u0107i bogat, sve\u017e i senzualan miris koji mami \u010dula. U bazi parfema nalaze se drvenaste i tople note kiparisa, ka\u0161mira, sandalovine, ambera i vanile, koje daju dubinu i trajnost ovom mirisu, ostavljaju\u0107i dugotrajan i elegantan trag.<\/p>\n<p><strong>Paradiso Azzurro<\/strong> je parfem koji je idealan za \u017eene koje tra\u017ee savr\u0161en balans izme\u0111u sve\u017eine i sofisticiranosti. Njegova lagana, ali upe\u010datljiva aroma \u010dini ga pogodnim za svakodnevne prilike, ali i za opu\u0161tene trenutke nakon napornog dana. Ovaj miris je odli\u010dan za letnje vreme, kao i za sportsku eleganciju, pru\u017eaju\u0107i vam sve\u017einu koja traje.<\/p>\n<p>Ako \u017eelite parfem koji donosi miris slobode, luksuza i sve\u017eine, <strong>Roberto Cavalli Paradiso Azzurro<\/strong> je savr\u0161en izbor za vas.<\/p>\n","protected":false},"excerpt":{"rendered":"<p>Paradiso Azzurro Roberto Cavalli je parfem koji je idealan za \u017eene koje tra\u017ee savr\u0161en balans izme\u0111u sve\u017eine i sofisticiranosti. Njegova lagana, ali upe\u010datljiva aroma \u010dini ga pogodnim za svakodnevne prilike, ali i za opu\u0161tene trenutke nakon napornog dana. Ovaj miris je odli\u010dan za letnje vreme, kao i za sportsku eleganciju, pru\u017eaju\u0107i vam sve\u017einu koja traje.<\/p>\n","protected":false},"featured_media":28821,"comment_status":"open","ping_status":"closed","template":"","meta":{"_acf_changed":false},"product_brand":[],"product_cat":[716,186],"product_tag":[],"class_list":{"0":"post-22558","1":"product","2":"type-product","3":"status-publish","4":"has-post-thumbnail","6":"product_cat-roberto-cavalli-marka","7":"product_cat-za-zene","9":"first","10":"instock","11":"taxable","12":"shipping-taxable","13":"purchasable","14":"product-type-variable","15":"has-default-attributes"},"acf":[],"_links":{"self":[{"href":"https:\/\/nicolefragrance.se\/hr\/wp-json\/wp\/v2\/product\/22558","targetHints":{"allow":["GET"]}}],"collection":[{"href":"https:\/\/nicolefragrance.se\/hr\/wp-json\/wp\/v2\/product"}],"about":[{"href":"https:\/\/nicolefragrance.se\/hr\/wp-json\/wp\/v2\/types\/product"}],"replies":[{"embeddable":true,"href":"https:\/\/nicolefragrance.se\/hr\/wp-json\/wp\/v2\/comments?post=22558"}],"version-history":[{"count":0,"href":"https:\/\/nicolefragrance.se\/hr\/wp-json\/wp\/v2\/product\/22558\/revisions"}],"wp:featuredmedia":[{"embeddable":true,"href":"https:\/\/nicolefragrance.se\/hr\/wp-json\/wp\/v2\/media\/28821"}],"wp:attachment":[{"href":"https:\/\/nicolefragrance.se\/hr\/wp-json\/wp\/v2\/media?parent=22558"}],"wp:term":[{"taxonomy":"product_brand","embeddable":true,"href":"https:\/\/nicolefragrance.se\/hr\/wp-json\/wp\/v2\/product_brand?post=22558"},{"taxonomy":"product_cat","embeddable":true,"href":"https:\/\/nicolefragrance.se\/hr\/wp-json\/wp\/v2\/product_cat?post=22558"},{"taxonomy":"product_tag","embeddable":true,"href":"https:\/\/nicolefragrance.se\/hr\/wp-json\/wp\/v2\/product_tag?post=22558"}],"curies":[{"name":"wp","href":"https:\/\/api.w.org\/{rel}","templated":true}]}}