{"id":2254,"date":"2021-03-18T13:27:23","date_gmt":"2021-03-18T12:27:23","guid":{"rendered":"https:\/\/nicolefragrance.se\/?post_type=product&#038;p=2254"},"modified":"2025-07-08T08:42:12","modified_gmt":"2025-07-08T06:42:12","slug":"wanted-azzaro-nicole-edp","status":"publish","type":"product","link":"https:\/\/nicolefragrance.se\/hr\/proizvod\/wanted-azzaro-nicole-edp\/","title":{"rendered":"Nicole 812 EDP inspiriran s Wanted Azzaro"},"content":{"rendered":"<p><strong>Azzaro Wanted<\/strong> je mu\u0161ki parfem koji odi\u0161e mu\u017eevno\u0161\u0107u i avanturisti\u010dkim duhom. Ovaj parfem je stvoren za hrabre mu\u0161karce koji neustra\u0161ivo idu kroz \u017eivot, preuzimaju rizike i oblikuju svoju sudbinu.<\/p>\n<p><strong>Azzaro Wanted<\/strong> kombinira svje\u017einu nota kardamoma, eleganciju drvenastih akorda vetivera i toplinu tonka drveta, stvaraju\u0107i mirisnu kompoziciju koja je sofisticirana i neodoljiva.<\/p>\n<p>Na samom vrhu mirisnih nota, majstori parfema Cresp i Pellegrin su upotrijebili osvje\u017eavaju\u0107e arome limuna, lavande, mente i \u0111umbira. U srcu mirisa, otkriva se bogatija paleta nota, koja uklju\u010duje smolu dature, kleku, jabuku, geranij i kardamom iz Gvatemale. Ove note dodaju dubinu i kompleksnost parfemu, stvaraju\u0107i slo\u017een i intrigantan mirisni profil. Bazne note ovog mirisa obuhva\u0107aju vetiver, mahune tonka graha i pa\u010duli, pru\u017eaju\u0107i mu postojanost i dubinu.<\/p>\n<p>Ovaj parfem je savr\u0161en za no\u0161enje tijekom ve\u0107eg dijela godine, ali bi se tijekom vrelih ljetnih mjeseci amber i balzami\u010dne karakteristike mogle \u010diniti prete\u0161kim za ko\u017eu. Me\u0111utim, tijekom jeseni i zime, <strong>Azzaro Wanted<\/strong> \u0107e vas obaviti toplinom i elegancijom, isti\u010du\u0107i va\u0161u samouvjerenost i karizmu.<\/p>\n<p>Uzmite kontrolu nad svojom sudbinom i osvojite svijet uz <strong>Azzaro Wanted<\/strong>, miris koji vas \u010dini neodoljivim i hrabrim u svakoj prilici.<\/p>\n","protected":false},"excerpt":{"rendered":"<p>Azzaro Wanted kombinira svje\u017einu nota kardamoma, eleganciju drvenastih akorda vetivera i toplinu tonka drveta, stvaraju\u0107i mirisnu kompoziciju koja je sofisticirana i neodoljiva. Ovaj parfem odi\u0161e mu\u017eevno\u0161\u0107u i avanturisti\u010dkim duhom. Stvoren je za hrabre mu\u0161karce koji neustra\u0161ivo idu kroz \u017eivot, preuzimaju rizike i oblikuju svoju sudbinu.<\/p>\n","protected":false},"featured_media":27246,"comment_status":"open","ping_status":"closed","template":"","meta":{"_acf_changed":false},"product_brand":[],"product_cat":[216,187],"product_tag":[],"class_list":{"0":"post-2254","1":"product","2":"type-product","3":"status-publish","4":"has-post-thumbnail","6":"product_cat-azzaro-marka","7":"product_cat-za-muskarce","9":"first","10":"instock","11":"taxable","12":"shipping-taxable","13":"purchasable","14":"product-type-variable","15":"has-default-attributes"},"acf":[],"_links":{"self":[{"href":"https:\/\/nicolefragrance.se\/hr\/wp-json\/wp\/v2\/product\/2254","targetHints":{"allow":["GET"]}}],"collection":[{"href":"https:\/\/nicolefragrance.se\/hr\/wp-json\/wp\/v2\/product"}],"about":[{"href":"https:\/\/nicolefragrance.se\/hr\/wp-json\/wp\/v2\/types\/product"}],"replies":[{"embeddable":true,"href":"https:\/\/nicolefragrance.se\/hr\/wp-json\/wp\/v2\/comments?post=2254"}],"version-history":[{"count":0,"href":"https:\/\/nicolefragrance.se\/hr\/wp-json\/wp\/v2\/product\/2254\/revisions"}],"wp:featuredmedia":[{"embeddable":true,"href":"https:\/\/nicolefragrance.se\/hr\/wp-json\/wp\/v2\/media\/27246"}],"wp:attachment":[{"href":"https:\/\/nicolefragrance.se\/hr\/wp-json\/wp\/v2\/media?parent=2254"}],"wp:term":[{"taxonomy":"product_brand","embeddable":true,"href":"https:\/\/nicolefragrance.se\/hr\/wp-json\/wp\/v2\/product_brand?post=2254"},{"taxonomy":"product_cat","embeddable":true,"href":"https:\/\/nicolefragrance.se\/hr\/wp-json\/wp\/v2\/product_cat?post=2254"},{"taxonomy":"product_tag","embeddable":true,"href":"https:\/\/nicolefragrance.se\/hr\/wp-json\/wp\/v2\/product_tag?post=2254"}],"curies":[{"name":"wp","href":"https:\/\/api.w.org\/{rel}","templated":true}]}}