{"id":22490,"date":"2025-02-21T20:23:44","date_gmt":"2025-02-21T19:23:44","guid":{"rendered":"https:\/\/nicolefragrance.se\/?post_type=product&#038;p=22490"},"modified":"2025-07-04T09:30:57","modified_gmt":"2025-07-04T07:30:57","slug":"valentino-uomo-born-in-roma-intense-nicole-edp","status":"publish","type":"product","link":"https:\/\/nicolefragrance.se\/hr\/proizvod\/valentino-uomo-born-in-roma-intense-nicole-edp\/","title":{"rendered":"Nicole 3092 EDP inspiriran s Valentino Uomo Born In Roma Intense"},"content":{"rendered":"<p><strong>Valentino Uomo Born In Roma Intense<\/strong> je sofisticiran mu\u0161ki parfem koji odi\u0161e samopouzdanjem i snagom. Inspirisan magi\u010dnim zalascima sunca u Rimu, ovaj miris slavi modernu mu\u017eevnost kroz smelu kombinaciju toplih i aromati\u010dnih nota.<\/p>\n<p>Otvaranje parfema donosi rasko\u0161nu notu vanile, koja pru\u017ea toplinu i dubinu, ali bez preterane slatko\u0107e. Ova sofisticirana aroma postaje jo\u0161 interesantnija kada se u srcu parfema razvije lavanda. Ova osve\u017eavaju\u0107a i blago cvetna nota unosi elegantnu aromati\u010dnu dimenziju u kompoziciju. Na kraju, vetiver u bazi dodaje drvenastu, suptilno zadimljenu notu, ostavljaju\u0107i prepoznatljiv i mu\u017eevan trag na ko\u017ei. Ova kombinacija mirisnih nota stvara sna\u017ean i privla\u010dan parfem koji odi\u0161e luksuzom.<\/p>\n<p><strong>Valentino Uomo Born In Roma Intense<\/strong> je parfem za mu\u0161karce koji vole izra\u017eajne i dugotrajne mirise i koji \u017eele da ostave sna\u017ean utisak zavodljivom aromom koja traje satima. Idealan je za ve\u010dernje prilike, posebne trenutke i izlaske, kada \u017eelite da naglasite svoj stil i harizmu. Njegova smela i zavodljiva aroma ostavlja upe\u010datljiv trag, savr\u0161en za one koji \u017eele da budu prime\u0107eni.<\/p>\n<p>Ako tra\u017eite parfem koji odi\u0161e elegancijom, snagom i modernim duhom Rima, <strong>Valentino Uomo Born In Roma Intense<\/strong> je pravi izbor za vas.<\/p>\n","protected":false},"excerpt":{"rendered":"<p>Valentino Uomo Born In Roma Intense je parfem za mu\u0161karce koji vole izra\u017eajne i dugotrajne mirise i koji \u017eele da ostave sna\u017ean utisak zavodljivom aromom koja traje satima. Idealan je za ve\u010dernje prilike, posebne trenutke i izlaske, kada \u017eelite da naglasite svoj stil i harizmu. Njegova smela i zavodljiva aroma ostavlja upe\u010datljiv trag, savr\u0161en za one koji \u017eele da budu prime\u0107eni.<\/p>\n","protected":false},"featured_media":25505,"comment_status":"open","ping_status":"closed","template":"","meta":{"_acf_changed":false},"product_brand":[],"product_cat":[720,623],"product_tag":[],"class_list":{"0":"post-22490","1":"product","2":"type-product","3":"status-publish","4":"has-post-thumbnail","6":"product_cat-valentino-marke","7":"product_cat-for-man","9":"first","10":"instock","11":"taxable","12":"shipping-taxable","13":"purchasable","14":"product-type-variable","15":"has-default-attributes"},"acf":[],"_links":{"self":[{"href":"https:\/\/nicolefragrance.se\/hr\/wp-json\/wp\/v2\/product\/22490","targetHints":{"allow":["GET"]}}],"collection":[{"href":"https:\/\/nicolefragrance.se\/hr\/wp-json\/wp\/v2\/product"}],"about":[{"href":"https:\/\/nicolefragrance.se\/hr\/wp-json\/wp\/v2\/types\/product"}],"replies":[{"embeddable":true,"href":"https:\/\/nicolefragrance.se\/hr\/wp-json\/wp\/v2\/comments?post=22490"}],"version-history":[{"count":0,"href":"https:\/\/nicolefragrance.se\/hr\/wp-json\/wp\/v2\/product\/22490\/revisions"}],"wp:featuredmedia":[{"embeddable":true,"href":"https:\/\/nicolefragrance.se\/hr\/wp-json\/wp\/v2\/media\/25505"}],"wp:attachment":[{"href":"https:\/\/nicolefragrance.se\/hr\/wp-json\/wp\/v2\/media?parent=22490"}],"wp:term":[{"taxonomy":"product_brand","embeddable":true,"href":"https:\/\/nicolefragrance.se\/hr\/wp-json\/wp\/v2\/product_brand?post=22490"},{"taxonomy":"product_cat","embeddable":true,"href":"https:\/\/nicolefragrance.se\/hr\/wp-json\/wp\/v2\/product_cat?post=22490"},{"taxonomy":"product_tag","embeddable":true,"href":"https:\/\/nicolefragrance.se\/hr\/wp-json\/wp\/v2\/product_tag?post=22490"}],"curies":[{"name":"wp","href":"https:\/\/api.w.org\/{rel}","templated":true}]}}