{"id":22458,"date":"2025-02-21T19:06:39","date_gmt":"2025-02-21T18:06:39","guid":{"rendered":"https:\/\/nicolefragrance.se\/?post_type=product&#038;p=22458"},"modified":"2025-07-04T20:01:14","modified_gmt":"2025-07-04T18:01:14","slug":"bianco-latte-giardini-di-toscana-nicole-edp","status":"publish","type":"product","link":"https:\/\/nicolefragrance.se\/hr\/proizvod\/bianco-latte-giardini-di-toscana-nicole-edp\/","title":{"rendered":"Nicole 3091 EDP inspiriran s Bianco Latte Giardini Di Toscana"},"content":{"rendered":"<p><strong>Bianco Latte<\/strong> by <strong>Giardini Di Toscana<\/strong> je rasko\u0161an gurmanski parfem koji o\u010darava svojim toplim, kremastim notama. Ova unisex mirisna kompozicija savr\u0161eno spaja senzualnost i udobnost, stvaraju\u0107i neodoljivu aromu koja osvaja \u010dula ve\u0107 pri prvom mirisu.<\/p>\n<p>Otvaranje ovog parfema donosi bogatu notu karamele, koja osve\u017eava \u010dula i pru\u017ea toplu, privla\u010dnu slatko\u0107u. U srcu mirisa razvijaju se note kumarina i meda, dodaju\u0107i dubinu i zavodljivost celokupnoj kompoziciji. Baza se smiruje uz dominantnu vanilu, koja zajedno sa belim mo\u0161usom ostavlja mekan, kremast i dugotrajan trag na ko\u017ei. Ova harmonija sastojaka stvara ose\u0107aj luksuza i topline, dok istovremeno pru\u017ea zavodljiv, intiman mirisni oblak koji traje satima.<\/p>\n<p><strong>Bianco Latte<\/strong> je parfem koji evocira ose\u0107aj toplog zagrljaja, savr\u0161en za one koji vole elegantne, a istovremeno intenzivne mirise. Idealan je izbor za ljubitelje gurmanskih parfema, bilo da se nosi tokom hladnijih dana kada pru\u017ea dodatnu toplinu ili u posebnim trenucima kada \u017eelite da ostavite neodoljiv utisak. Njegova intenzivna projekcija i dugotrajnost \u010dine ga savr\u0161enim za ve\u010dernje prilike, dok ga njegova ne\u017ena slatko\u0107a \u010dini prikladnim i za svakodnevnu upotrebu.<\/p>\n<p>Ako ste ljubitelj parfema sa bogatim, mle\u010dno-slatkim karakterom, <strong>Bianco Latte Giardini Di Toscana<\/strong> je pravi izbor za vas.<\/p>\n","protected":false},"excerpt":{"rendered":"<p>Bianco Latte Giardini Di Toscana je parfem koji evocira ose\u0107aj toplog zagrljaja, savr\u0161en za one koji vole elegantne, a istovremeno intenzivne mirise. Idealan je izbor za ljubitelje gurmanskih parfema, bilo da se nosi tokom hladnijih dana kada pru\u017ea dodatnu toplinu ili u posebnim trenucima kada \u017eelite da ostavite neodoljiv utisak.<\/p>\n","protected":false},"featured_media":25535,"comment_status":"open","ping_status":"closed","template":"","meta":{"_acf_changed":false},"product_brand":[],"product_cat":[717,188,187,186],"product_tag":[],"class_list":{"0":"post-22458","1":"product","2":"type-product","3":"status-publish","4":"has-post-thumbnail","6":"product_cat-giardini-di-toscana-marka","7":"product_cat-unisex","8":"product_cat-za-muskarce","9":"product_cat-za-zene","11":"first","12":"instock","13":"taxable","14":"shipping-taxable","15":"purchasable","16":"product-type-variable","17":"has-default-attributes"},"acf":[],"_links":{"self":[{"href":"https:\/\/nicolefragrance.se\/hr\/wp-json\/wp\/v2\/product\/22458","targetHints":{"allow":["GET"]}}],"collection":[{"href":"https:\/\/nicolefragrance.se\/hr\/wp-json\/wp\/v2\/product"}],"about":[{"href":"https:\/\/nicolefragrance.se\/hr\/wp-json\/wp\/v2\/types\/product"}],"replies":[{"embeddable":true,"href":"https:\/\/nicolefragrance.se\/hr\/wp-json\/wp\/v2\/comments?post=22458"}],"version-history":[{"count":0,"href":"https:\/\/nicolefragrance.se\/hr\/wp-json\/wp\/v2\/product\/22458\/revisions"}],"wp:featuredmedia":[{"embeddable":true,"href":"https:\/\/nicolefragrance.se\/hr\/wp-json\/wp\/v2\/media\/25535"}],"wp:attachment":[{"href":"https:\/\/nicolefragrance.se\/hr\/wp-json\/wp\/v2\/media?parent=22458"}],"wp:term":[{"taxonomy":"product_brand","embeddable":true,"href":"https:\/\/nicolefragrance.se\/hr\/wp-json\/wp\/v2\/product_brand?post=22458"},{"taxonomy":"product_cat","embeddable":true,"href":"https:\/\/nicolefragrance.se\/hr\/wp-json\/wp\/v2\/product_cat?post=22458"},{"taxonomy":"product_tag","embeddable":true,"href":"https:\/\/nicolefragrance.se\/hr\/wp-json\/wp\/v2\/product_tag?post=22458"}],"curies":[{"name":"wp","href":"https:\/\/api.w.org\/{rel}","templated":true}]}}