{"id":2242,"date":"2021-03-18T13:25:42","date_gmt":"2021-03-18T12:25:42","guid":{"rendered":"https:\/\/nicolefragrance.se\/?post_type=product&#038;p=2242"},"modified":"2026-02-13T10:32:31","modified_gmt":"2026-02-13T09:32:31","slug":"hugo-boss-the-scent-nicole-edp","status":"publish","type":"product","link":"https:\/\/nicolefragrance.se\/hr\/proizvod\/hugo-boss-the-scent-nicole-edp\/","title":{"rendered":"Nicole 811 EDP inspiriran s The Scent Hugo Boss"},"content":{"rendered":"<p><strong>The Scent by Hugo Boss <\/strong> je neodoljiv orijentalno-drveni mu\u0161ki parfem lansiran 2015. godine. Ovo je miris koji ostavlja nezaboravan utisak, poput pa\u017eljivo isplaniranog zavo\u0111enja. Ovaj parfem otkriva slojeve mirisa tijekom vremena, stvaraju\u0107i magneti\u010dnu aromu koja ostaje na ko\u017ei tijekom cijelog dana.<\/p>\n<p>Ako tra\u017eite parfem koji \u0107e vas ista\u0107i i ostaviti neizbrisiv utisak, <strong>Hugo Boss The Scent<\/strong> je pravi izbor. Ovaj parfem otvara se neodoljivim notama \u0111umbira i egzoti\u010dnog maninka vo\u0107a, koje su za\u0161titni znak mirisa The Scent. U kontrastu s tim, srcem parfema dominira dragocijeni iris, postavljaju\u0107i strastvenu pozornicu za cijelo iskustvo. Duboka mu\u017eevna baza od ko\u017ee dodaje toplinu ovoj privla\u010dnoj kombinaciji mirisa.<\/p>\n<p><strong>The Scent by Hugo Boss<\/strong> je parfem koji izaziva toplinu, zavodljivost i mu\u017eevnost. Sa notama \u0111umbira, lavande, maninka vo\u0107a i ko\u017ee, ovo je miris koji \u0107e vam pomo\u0107i da se istaknete u svakoj prilici. Bilo da ga nosite tijekom dana ili u ve\u010derrnjim satima, The Scent \u0107e vas u\u010diniti neodoljivim i privla\u010dnim.<\/p>\n<p>Ovaj parfem je poput tajnog oru\u017eja koje vas \u010dini neodoljivim i samopouzdanim. Neka vas <strong>Hugo Boss The Scent<\/strong> prati u va\u0161im avanturama i pomogne vam da ostavite nezaboravan utisak gdje god da se pojavite.<\/p>\n","protected":false},"excerpt":{"rendered":"<p>Hugo Boss The Scent je parfem koji izaziva toplinu, zavodljivost i mu\u017eevnost. Sa notama \u0111umbira, lavande, maninka vo\u0107a i ko\u017ee, ovo je miris koji \u0107e vam pomo\u0107i da se istaknete u svakoj prilici. Bilo da ga nosite tijekom dana ili u ve\u010derrnjim satima, The Scent \u0107e vas u\u010diniti neodoljivim i privla\u010dnim.<\/p>\n","protected":false},"featured_media":27258,"comment_status":"open","ping_status":"closed","template":"","meta":{"_acf_changed":false},"product_brand":[],"product_cat":[193,187],"product_tag":[],"class_list":{"0":"post-2242","1":"product","2":"type-product","3":"status-publish","4":"has-post-thumbnail","6":"product_cat-hugo-boss-marka","7":"product_cat-za-muskarce","9":"first","10":"instock","11":"taxable","12":"shipping-taxable","13":"purchasable","14":"product-type-variable","15":"has-default-attributes"},"acf":[],"_links":{"self":[{"href":"https:\/\/nicolefragrance.se\/hr\/wp-json\/wp\/v2\/product\/2242","targetHints":{"allow":["GET"]}}],"collection":[{"href":"https:\/\/nicolefragrance.se\/hr\/wp-json\/wp\/v2\/product"}],"about":[{"href":"https:\/\/nicolefragrance.se\/hr\/wp-json\/wp\/v2\/types\/product"}],"replies":[{"embeddable":true,"href":"https:\/\/nicolefragrance.se\/hr\/wp-json\/wp\/v2\/comments?post=2242"}],"version-history":[{"count":0,"href":"https:\/\/nicolefragrance.se\/hr\/wp-json\/wp\/v2\/product\/2242\/revisions"}],"wp:featuredmedia":[{"embeddable":true,"href":"https:\/\/nicolefragrance.se\/hr\/wp-json\/wp\/v2\/media\/27258"}],"wp:attachment":[{"href":"https:\/\/nicolefragrance.se\/hr\/wp-json\/wp\/v2\/media?parent=2242"}],"wp:term":[{"taxonomy":"product_brand","embeddable":true,"href":"https:\/\/nicolefragrance.se\/hr\/wp-json\/wp\/v2\/product_brand?post=2242"},{"taxonomy":"product_cat","embeddable":true,"href":"https:\/\/nicolefragrance.se\/hr\/wp-json\/wp\/v2\/product_cat?post=2242"},{"taxonomy":"product_tag","embeddable":true,"href":"https:\/\/nicolefragrance.se\/hr\/wp-json\/wp\/v2\/product_tag?post=2242"}],"curies":[{"name":"wp","href":"https:\/\/api.w.org\/{rel}","templated":true}]}}