{"id":22399,"date":"2025-02-19T21:26:53","date_gmt":"2025-02-19T20:26:53","guid":{"rendered":"https:\/\/nicolefragrance.se\/?post_type=product&#038;p=22399"},"modified":"2025-07-04T20:30:07","modified_gmt":"2025-07-04T18:30:07","slug":"flora-gorgeous-orchid-gucci-nicole-edp","status":"publish","type":"product","link":"https:\/\/nicolefragrance.se\/hr\/proizvod\/flora-gorgeous-orchid-gucci-nicole-edp\/","title":{"rendered":"Nicole 2067 EDP inspiriran s Flora Gorgeous Orchid Gucci"},"content":{"rendered":"<p><strong>Flora Gorgeous Orchid <\/strong><strong>Gucci\u00a0<\/strong>je novi \u017eenski parfem lansiran 2024. godine, koji donosi osve\u017eavaju\u0107u i senzualnu interpretaciju vanile i orhideje. Ovaj parfem spaja cvetne, vo\u0107ne i gurmanske note u jedinstvenu kompoziciju, koja osve\u017eava i nagla\u0161ava ne\u017enu lepotu \u017eenske prirode.<\/p>\n<p>Po\u010detne note parfema otkrivaju slatku, kremastu vanilu koja donosi toplinu i dubinu mirisu. U srcu parfema nalazi se vanila orhideja, koja je klju\u010dna za ovaj miris, donose\u0107i luksuznu, cvetnu dimenziju koja je istovremeno bogata i ne\u017ena. Baza parfema se oslanja na ozonske note, koje unose sve\u017einu i prozra\u010dnost, pru\u017eaju\u0107i kontrast bogatstvu i slatko\u0107i gornjih nota. Ova inovativna kombinacija stvara jedinstven miris koji je lagan, ali duboko senzualan.<\/p>\n<p><strong>Gucci Flora Gorgeous Orchid<\/strong> je savr\u0161en za dame koje \u017eele da ostave nezaboravan utisak sa sofisticiranim, ali suptilnim mirisom. Odli\u010dan je izbor za modernu \u017eenu koja tra\u017ei parfem sa kreativnim i jedinstvenim spojem mirisa. Njegov cvetni i gurmanski karakter idealan je za svakodnevnu upotrebu, kao i za specijalne prilike kada \u017eelite da zra\u010dite elegancijom i \u0161armom.<\/p>\n<p>Ako \u017eelite da do\u017eivite miris koji je istovremeno bogat i sve\u017e, <strong>Gucci Flora Gorgeous Orchid<\/strong> je pravi izbor za vas.<\/p>\n","protected":false},"excerpt":{"rendered":"<p>Flora Gorgeous Orchid Gucci je savr\u0161en za dame koje \u017eele da ostave nezaboravan utisak sa sofisticiranim, ali suptilnim mirisom. Odli\u010dan je izbor za modernu \u017eenu koja tra\u017ei parfem sa kreativnim i jedinstvenim spojem mirisa. Njegov cvetni i gurmanski karakter idealan je za svakodnevnu upotrebu, kao i za specijalne prilike kada \u017eelite da zra\u010dite elegancijom i \u0161armom.<\/p>\n","protected":false},"featured_media":25549,"comment_status":"open","ping_status":"closed","template":"","meta":{"_acf_changed":false},"product_brand":[],"product_cat":[199,186],"product_tag":[],"class_list":{"0":"post-22399","1":"product","2":"type-product","3":"status-publish","4":"has-post-thumbnail","6":"product_cat-gucci-marka","7":"product_cat-za-zene","9":"first","10":"instock","11":"taxable","12":"shipping-taxable","13":"purchasable","14":"product-type-variable","15":"has-default-attributes"},"acf":[],"_links":{"self":[{"href":"https:\/\/nicolefragrance.se\/hr\/wp-json\/wp\/v2\/product\/22399","targetHints":{"allow":["GET"]}}],"collection":[{"href":"https:\/\/nicolefragrance.se\/hr\/wp-json\/wp\/v2\/product"}],"about":[{"href":"https:\/\/nicolefragrance.se\/hr\/wp-json\/wp\/v2\/types\/product"}],"replies":[{"embeddable":true,"href":"https:\/\/nicolefragrance.se\/hr\/wp-json\/wp\/v2\/comments?post=22399"}],"version-history":[{"count":0,"href":"https:\/\/nicolefragrance.se\/hr\/wp-json\/wp\/v2\/product\/22399\/revisions"}],"wp:featuredmedia":[{"embeddable":true,"href":"https:\/\/nicolefragrance.se\/hr\/wp-json\/wp\/v2\/media\/25549"}],"wp:attachment":[{"href":"https:\/\/nicolefragrance.se\/hr\/wp-json\/wp\/v2\/media?parent=22399"}],"wp:term":[{"taxonomy":"product_brand","embeddable":true,"href":"https:\/\/nicolefragrance.se\/hr\/wp-json\/wp\/v2\/product_brand?post=22399"},{"taxonomy":"product_cat","embeddable":true,"href":"https:\/\/nicolefragrance.se\/hr\/wp-json\/wp\/v2\/product_cat?post=22399"},{"taxonomy":"product_tag","embeddable":true,"href":"https:\/\/nicolefragrance.se\/hr\/wp-json\/wp\/v2\/product_tag?post=22399"}],"curies":[{"name":"wp","href":"https:\/\/api.w.org\/{rel}","templated":true}]}}