{"id":22366,"date":"2025-02-19T19:38:02","date_gmt":"2025-02-19T18:38:02","guid":{"rendered":"https:\/\/nicolefragrance.se\/?post_type=product&#038;p=22366"},"modified":"2025-07-04T20:40:48","modified_gmt":"2025-07-04T18:40:48","slug":"1-million-royal-paco-rabanne-nicole-edp","status":"publish","type":"product","link":"https:\/\/nicolefragrance.se\/hr\/proizvod\/1-million-royal-paco-rabanne-nicole-edp\/","title":{"rendered":"Nicole 3093 EDP inspiriran s 1 Million Royal Paco Rabanne"},"content":{"rendered":"<p><strong>1 Million Royal Paco Rabanne<\/strong> je novi mu\u0161ki parfem, lansiran 2023. godine, koji predstavlja savr\u0161eni spoj orijentalnih i drvenastih nota. 1 Million Royal je moderna i odva\u017ena interpretacija ve\u0107 poznate kolekcije 1 Million, koja u sebi nosi neograni\u010denu slobodu i samopouzdanje.<\/p>\n<p>Po\u010detne note parfema pru\u017eaju osve\u017eavaju\u0107i i energi\u010dni uvod kroz kardamom, mandarinu i bergamot. Ovakvo otvaranje nagove\u0161tava dinami\u010dan i citrusno-za\u010dinski miris koji odmah privla\u010di pa\u017enju. U srcu parfema nalazi se me\u0161avina lavande, ljubi\u010dastog lista i \u017ealfije, koji donose da\u0161ak sve\u017eine i aromati\u010dnosti, dodaju\u0107i dubinu ovom mirisu. Baza parfema je izra\u017eena kombinacijom benzoina, kedra i pa\u010dulija, koji donosi drvenast i topao, senzualan karakter.<\/p>\n<p><strong>1 Million Royal Paco Rabanne<\/strong> je je simbol slobode, ekskluzivnosti i hrabrosti. Namenjen je mu\u0161karcima koji \u017eele da ostave sna\u017ean utisak i \u017eive prema sopstvenim pravilima. Mu\u0161karcima koji \u017eele da se istaknu i osvoje svojim prisustvom. Njegov bogat, drvenasti miris sa elementima za\u010dina i citrusa \u010dini ga savr\u0161enim za svakodnevnu upotrebu, ali i za specijalne momente kada \u017eelite da zra\u010dite \u0161armom i sofisticirano\u0161\u0107u.<\/p>\n<p>Ako tra\u017eite parfem koji spaja sve\u017einu, drvenaste note i senzualnost, <strong>1 Million Royal Paco Rabanne <\/strong>je pravi izbor.<\/p>\n","protected":false},"excerpt":{"rendered":"<p>1 Million Royal Paco Rabanne je je simbol slobode, ekskluzivnosti i hrabrosti. Namenjen je mu\u0161karcima koji \u017eele da ostave sna\u017ean utisak i \u017eive prema sopstvenim pravilima. Njegov bogat, drvenasti miris sa elementima za\u010dina i citrusa \u010dini ga savr\u0161enim za svakodnevnu upotrebu, ali i za specijalne momente kada \u017eelite da zra\u010dite \u0161armom i sofisticirano\u0161\u0107u.<\/p>\n","protected":false},"featured_media":25560,"comment_status":"open","ping_status":"closed","template":"","meta":{"_acf_changed":false},"product_brand":[],"product_cat":[198,187],"product_tag":[],"class_list":{"0":"post-22366","1":"product","2":"type-product","3":"status-publish","4":"has-post-thumbnail","6":"product_cat-paco-rabanne-marka","7":"product_cat-za-muskarce","9":"first","10":"instock","11":"taxable","12":"shipping-taxable","13":"purchasable","14":"product-type-variable","15":"has-default-attributes"},"acf":[],"_links":{"self":[{"href":"https:\/\/nicolefragrance.se\/hr\/wp-json\/wp\/v2\/product\/22366","targetHints":{"allow":["GET"]}}],"collection":[{"href":"https:\/\/nicolefragrance.se\/hr\/wp-json\/wp\/v2\/product"}],"about":[{"href":"https:\/\/nicolefragrance.se\/hr\/wp-json\/wp\/v2\/types\/product"}],"replies":[{"embeddable":true,"href":"https:\/\/nicolefragrance.se\/hr\/wp-json\/wp\/v2\/comments?post=22366"}],"version-history":[{"count":0,"href":"https:\/\/nicolefragrance.se\/hr\/wp-json\/wp\/v2\/product\/22366\/revisions"}],"wp:featuredmedia":[{"embeddable":true,"href":"https:\/\/nicolefragrance.se\/hr\/wp-json\/wp\/v2\/media\/25560"}],"wp:attachment":[{"href":"https:\/\/nicolefragrance.se\/hr\/wp-json\/wp\/v2\/media?parent=22366"}],"wp:term":[{"taxonomy":"product_brand","embeddable":true,"href":"https:\/\/nicolefragrance.se\/hr\/wp-json\/wp\/v2\/product_brand?post=22366"},{"taxonomy":"product_cat","embeddable":true,"href":"https:\/\/nicolefragrance.se\/hr\/wp-json\/wp\/v2\/product_cat?post=22366"},{"taxonomy":"product_tag","embeddable":true,"href":"https:\/\/nicolefragrance.se\/hr\/wp-json\/wp\/v2\/product_tag?post=22366"}],"curies":[{"name":"wp","href":"https:\/\/api.w.org\/{rel}","templated":true}]}}