{"id":22332,"date":"2025-02-19T19:15:55","date_gmt":"2025-02-19T18:15:55","guid":{"rendered":"https:\/\/nicolefragrance.se\/?post_type=product&#038;p=22332"},"modified":"2025-07-04T20:47:26","modified_gmt":"2025-07-04T18:47:26","slug":"black-opium-over-red-yves-saint-laurent-nicole-edp","status":"publish","type":"product","link":"https:\/\/nicolefragrance.se\/hr\/proizvod\/black-opium-over-red-yves-saint-laurent-nicole-edp\/","title":{"rendered":"Nicole 2066 EDP inspiriran s Black Opium Over Red Saint Laurent"},"content":{"rendered":"<p><strong>Black Opium Over Red by Yves Saint Laurent<\/strong> je nova verzija jednog od najpoznatijih parfema brenda YSL, lansirana 2024. godine. Ovaj cvetno-vo\u0107ni gurmanski parfem za \u017eene predstavlja eksploziju energije, strasti i senzualnosti, prenose\u0107i kultni miris <strong>Black Opium<\/strong> u novu dimenziju.<\/p>\n<p>Po\u010detne note <strong>Black Opium Over Red<\/strong> parfema donose so\u010dan miris tre\u0161nje i zelene mandarine, koji donose zanosnu sve\u017einu. U srcu parfema nalazi se prelep cvetni buket jasmina, narand\u017einog cveta i crnog \u010daja, koji pru\u017eaju duboku senzualnost i \u017eenstvenost. Baza parfema sadr\u017ei savr\u0161enu kombinaciju madagaskarske vanile, kafe i indone\u017eanskog pat\u010doulija, koji daju mirisu toplinu, dubinu i zavodljivost.<\/p>\n<p>Inspirisan crvenim akcentima, ovaj parfem budi strast i \u017eelju, a istovremeno pru\u017ea nezaboravan i luksuzan mirisni do\u017eivljaj. Savr\u0161en je izbor za \u017eene koje \u017eele da se izdvoje iz mase i ostave nezaboravan utisak. <strong>Black Opium Over Red<\/strong> je za \u017eene koje su samosvestne, strastvene i odva\u017ene, a savr\u0161en je za no\u0107ne izlaske, elegantne ve\u010dere i posebne prilike.<\/p>\n<p>Ako \u017eelite parfem koji spaja senzualnost, vo\u0107ne i gurmanske note, <strong>Yves Saint Laurent Black Opium Over Red<\/strong> je pravi izbor za vas.<\/p>\n","protected":false},"excerpt":{"rendered":"<p>Black Opium Over Red by Yves Saint Laurent je nova verzija jednog od najpoznatijih parfema brenda YSL. Savr\u0161en je izbor za \u017eene koje \u017eele da se izdvoje iz mase i ostave nezaboravan utisak. Ovaj parfem namenjen je \u017eenama koje su samosvestne, strastvene i odva\u017ene, a savr\u0161en je za no\u0107ne izlaske, elegantne ve\u010dere i posebne prilike.<\/p>\n","protected":false},"featured_media":25571,"comment_status":"open","ping_status":"closed","template":"","meta":{"_acf_changed":false},"product_brand":[],"product_cat":[636,621],"product_tag":[],"class_list":{"0":"post-22332","1":"product","2":"type-product","3":"status-publish","4":"has-post-thumbnail","6":"product_cat-yves-saint-laurent-marke","7":"product_cat-for-kvinnor","9":"first","10":"instock","11":"taxable","12":"shipping-taxable","13":"purchasable","14":"product-type-variable","15":"has-default-attributes"},"acf":[],"_links":{"self":[{"href":"https:\/\/nicolefragrance.se\/hr\/wp-json\/wp\/v2\/product\/22332","targetHints":{"allow":["GET"]}}],"collection":[{"href":"https:\/\/nicolefragrance.se\/hr\/wp-json\/wp\/v2\/product"}],"about":[{"href":"https:\/\/nicolefragrance.se\/hr\/wp-json\/wp\/v2\/types\/product"}],"replies":[{"embeddable":true,"href":"https:\/\/nicolefragrance.se\/hr\/wp-json\/wp\/v2\/comments?post=22332"}],"version-history":[{"count":0,"href":"https:\/\/nicolefragrance.se\/hr\/wp-json\/wp\/v2\/product\/22332\/revisions"}],"wp:featuredmedia":[{"embeddable":true,"href":"https:\/\/nicolefragrance.se\/hr\/wp-json\/wp\/v2\/media\/25571"}],"wp:attachment":[{"href":"https:\/\/nicolefragrance.se\/hr\/wp-json\/wp\/v2\/media?parent=22332"}],"wp:term":[{"taxonomy":"product_brand","embeddable":true,"href":"https:\/\/nicolefragrance.se\/hr\/wp-json\/wp\/v2\/product_brand?post=22332"},{"taxonomy":"product_cat","embeddable":true,"href":"https:\/\/nicolefragrance.se\/hr\/wp-json\/wp\/v2\/product_cat?post=22332"},{"taxonomy":"product_tag","embeddable":true,"href":"https:\/\/nicolefragrance.se\/hr\/wp-json\/wp\/v2\/product_tag?post=22332"}],"curies":[{"name":"wp","href":"https:\/\/api.w.org\/{rel}","templated":true}]}}