{"id":22298,"date":"2025-02-19T19:00:21","date_gmt":"2025-02-19T18:00:21","guid":{"rendered":"https:\/\/nicolefragrance.se\/?post_type=product&#038;p=22298"},"modified":"2025-07-04T20:54:10","modified_gmt":"2025-07-04T18:54:10","slug":"velvet-orchid-tom-ford-nicole-edp","status":"publish","type":"product","link":"https:\/\/nicolefragrance.se\/hr\/proizvod\/velvet-orchid-tom-ford-nicole-edp\/","title":{"rendered":"Nicole 2064 EDP inspiriran s Velvet Orchid Tom Ford"},"content":{"rendered":"<p><strong>Tom Ford Velvet Orchid<\/strong> je rasko\u0161an \u017eenski parfem koji odi\u0161e senzualno\u0161\u0107u, glamurozno\u0161\u0107u i sofisticirano\u0161\u0107u. Kreiran 2014. godine, ovaj miris je naslednik kultnog parfema <strong>Black Orchid<\/strong>, ali sa ne\u017enijim, toplijim i cvetnijim karakterom. Njegova bogata kompozicija nudi jedinstveno mirisno iskustvo koje nagla\u0161ava \u017eenstvenost i samopouzdanje.<\/p>\n<p>Ve\u0107 na samom po\u010detku, <strong>Velvet Orchid<\/strong> o\u010darava zavodljivim notama ruma, meda i mandarine, stvaraju\u0107i topao i opojan uvod koji mami \u010dula. Ova slatko-za\u010dinska kombinacija postavlja osnovu za rasko\u0161an cvetni buket u srcu parfema, gde se crna orhideja prepli\u0107e sa jasminom, heliotropom, narcisom, ru\u017einim uljem i cvetom pomorand\u017ee. Ovi cvetni akordi donose bogat i intrigantan mirisni potpis koji ostavlja sna\u017ean utisak. U bazi, senzualna vanila, smola mire, sandalovina i ko\u017ea dodaju dubinu i dugotrajnost, pru\u017eaju\u0107i ose\u0107aj topline i luksuza.<\/p>\n<p><strong>Tom Ford Velvet Orchid<\/strong> je parfem namenjen \u017eenama koje vole izra\u017eajne, sofisticirane i zavodljive mirise. Njegova senzualna aroma savr\u0161eno se uklapa uz ve\u010dernje izlaske, posebne prilike i trenutke kada \u017eelite da ostavite neizbrisiv trag. Opojni i bogati akordi \u010dine ga idealnim izborom za hladnije dane, kada njegova toplina dolazi do punog izra\u017eaja.<\/p>\n<p>Ako ste u potrazi za parfemom koji kombinuje eleganciju, senzualnost i beskompromisni luksuz, <strong>Velvet Orchid<\/strong> je pravi izbor za vas.<\/p>\n","protected":false},"excerpt":{"rendered":"<p>Tom Ford Velvet Orchid je parfem namenjen \u017eenama koje vole izra\u017eajne, sofisticirane i zavodljive mirise. Njegova senzualna aroma savr\u0161eno se uklapa uz ve\u010dernje izlaske, posebne prilike i trenutke kada \u017eelite da ostavite neizbrisiv trag. Opojni i bogati akordi \u010dine ga idealnim izborom za hladnije dane, kada njegova toplina dolazi do punog izra\u017eaja.<\/p>\n","protected":false},"featured_media":25582,"comment_status":"open","ping_status":"closed","template":"","meta":{"_acf_changed":false},"product_brand":[],"product_cat":[203,186],"product_tag":[],"class_list":{"0":"post-22298","1":"product","2":"type-product","3":"status-publish","4":"has-post-thumbnail","6":"product_cat-tom-ford-marka","7":"product_cat-za-zene","9":"first","10":"instock","11":"taxable","12":"shipping-taxable","13":"purchasable","14":"product-type-variable","15":"has-default-attributes"},"acf":[],"_links":{"self":[{"href":"https:\/\/nicolefragrance.se\/hr\/wp-json\/wp\/v2\/product\/22298","targetHints":{"allow":["GET"]}}],"collection":[{"href":"https:\/\/nicolefragrance.se\/hr\/wp-json\/wp\/v2\/product"}],"about":[{"href":"https:\/\/nicolefragrance.se\/hr\/wp-json\/wp\/v2\/types\/product"}],"replies":[{"embeddable":true,"href":"https:\/\/nicolefragrance.se\/hr\/wp-json\/wp\/v2\/comments?post=22298"}],"version-history":[{"count":0,"href":"https:\/\/nicolefragrance.se\/hr\/wp-json\/wp\/v2\/product\/22298\/revisions"}],"wp:featuredmedia":[{"embeddable":true,"href":"https:\/\/nicolefragrance.se\/hr\/wp-json\/wp\/v2\/media\/25582"}],"wp:attachment":[{"href":"https:\/\/nicolefragrance.se\/hr\/wp-json\/wp\/v2\/media?parent=22298"}],"wp:term":[{"taxonomy":"product_brand","embeddable":true,"href":"https:\/\/nicolefragrance.se\/hr\/wp-json\/wp\/v2\/product_brand?post=22298"},{"taxonomy":"product_cat","embeddable":true,"href":"https:\/\/nicolefragrance.se\/hr\/wp-json\/wp\/v2\/product_cat?post=22298"},{"taxonomy":"product_tag","embeddable":true,"href":"https:\/\/nicolefragrance.se\/hr\/wp-json\/wp\/v2\/product_tag?post=22298"}],"curies":[{"name":"wp","href":"https:\/\/api.w.org\/{rel}","templated":true}]}}