{"id":22265,"date":"2025-02-19T18:43:54","date_gmt":"2025-02-19T17:43:54","guid":{"rendered":"https:\/\/nicolefragrance.se\/?post_type=product&#038;p=22265"},"modified":"2025-07-04T21:04:13","modified_gmt":"2025-07-04T19:04:13","slug":"very-irresistible-givenchy-nicole-edp","status":"publish","type":"product","link":"https:\/\/nicolefragrance.se\/hr\/proizvod\/very-irresistible-givenchy-nicole-edp\/","title":{"rendered":"Nicole 2063 EDP inspiriran s Very Irresistible Givenchy"},"content":{"rendered":"<p><strong>Givenchy Very Irresistible<\/strong> je bezvremenski \u017eenski parfem koji slavi prirodnu eleganciju i \u0161arm. Kreiran 2005. godine, <strong>Very Irresistible<\/strong> spaja klasi\u010dnu lepotu ru\u017ee sa modernim i neo\u010dekivanim akordima, stvaraju\u0107i neodoljivu kombinaciju sve\u017eine, slatko\u0107e i senzualnosti.<\/p>\n<p>Uvodne note parfema donose osve\u017eavaju\u0107i spoj zelene jabuke, kru\u0161ke i anisa, unose\u0107i dozu neo\u010dekivane za\u010dinske sve\u017eine. Ova kombinacija daje parfemu dinami\u010dan i energi\u010dan po\u010detak koji osvaja na prvi miris. U srcu se krije rasko\u0161an buket pet razli\u010ditih vrsta ru\u017ea, dopunjen ne\u017enim cvetnim notama bo\u017eura i magnolije, koji ovom mirisu daju duboku \u017eenstvenost i romanti\u010dnu privla\u010dnost. U bazi, senzualna vanila i misti\u010dni pa\u010duli donose toplinu i dugotrajnost, ostavljaju\u0107i trag koji o\u010darava i mami komplimente.<\/p>\n<p>Ovaj cvetni miris odi\u0161e sofisticirano\u0161\u0107u i ne\u017enom zavodljivo\u0161\u0107u, savr\u0161en za \u017eene koje vole da istaknu svoju harizmu i \u017eenstvenost. <strong>Givenchy Very Irresistible<\/strong> je idealan parfem za dame koje vole sofisticirane i zavodljive mirise. Njegova elegancija i postojanost \u010dine ga savr\u0161enim izborom za posebne prilike, ve\u010dernje izlaske i romanti\u010dne trenutke. Ovaj parfem se \u010desto opisuje kao hipnoti\u0161u\u0107i i neodoljiv, \u0161to ga \u010dini odli\u010dnim izborom za \u017eene koje \u017eele da budu prime\u0107ene i da ostave sna\u017ean utisak.<\/p>\n<p>Ako tra\u017eite miris koji savr\u0161eno spaja luksuz, \u017eenstvenost i zavodljivost, <strong>Givenchy Very Irresistible<\/strong> je pravi izbor za vas.<\/p>\n","protected":false},"excerpt":{"rendered":"<p>Givenchy Very Irresistible je idealan parfem za dame koje vole sofisticirane i zavodljive mirise. Njegova elegancija i postojanost \u010dine ga savr\u0161enim izborom za posebne prilike, ve\u010dernje izlaske i romanti\u010dne trenutke. Ovaj parfem se \u010desto opisuje kao hipnoti\u0161u\u0107i i neodoljiv, \u0161to ga \u010dini odli\u010dnim izborom za \u017eene koje \u017eele da budu prime\u0107ene i da ostave sna\u017ean utisak.<\/p>\n","protected":false},"featured_media":25595,"comment_status":"open","ping_status":"closed","template":"","meta":{"_acf_changed":false},"product_brand":[],"product_cat":[200,186],"product_tag":[],"class_list":{"0":"post-22265","1":"product","2":"type-product","3":"status-publish","4":"has-post-thumbnail","6":"product_cat-givenchy-marka","7":"product_cat-za-zene","9":"first","10":"instock","11":"taxable","12":"shipping-taxable","13":"purchasable","14":"product-type-variable","15":"has-default-attributes"},"acf":[],"_links":{"self":[{"href":"https:\/\/nicolefragrance.se\/hr\/wp-json\/wp\/v2\/product\/22265","targetHints":{"allow":["GET"]}}],"collection":[{"href":"https:\/\/nicolefragrance.se\/hr\/wp-json\/wp\/v2\/product"}],"about":[{"href":"https:\/\/nicolefragrance.se\/hr\/wp-json\/wp\/v2\/types\/product"}],"replies":[{"embeddable":true,"href":"https:\/\/nicolefragrance.se\/hr\/wp-json\/wp\/v2\/comments?post=22265"}],"version-history":[{"count":0,"href":"https:\/\/nicolefragrance.se\/hr\/wp-json\/wp\/v2\/product\/22265\/revisions"}],"wp:featuredmedia":[{"embeddable":true,"href":"https:\/\/nicolefragrance.se\/hr\/wp-json\/wp\/v2\/media\/25595"}],"wp:attachment":[{"href":"https:\/\/nicolefragrance.se\/hr\/wp-json\/wp\/v2\/media?parent=22265"}],"wp:term":[{"taxonomy":"product_brand","embeddable":true,"href":"https:\/\/nicolefragrance.se\/hr\/wp-json\/wp\/v2\/product_brand?post=22265"},{"taxonomy":"product_cat","embeddable":true,"href":"https:\/\/nicolefragrance.se\/hr\/wp-json\/wp\/v2\/product_cat?post=22265"},{"taxonomy":"product_tag","embeddable":true,"href":"https:\/\/nicolefragrance.se\/hr\/wp-json\/wp\/v2\/product_tag?post=22265"}],"curies":[{"name":"wp","href":"https:\/\/api.w.org\/{rel}","templated":true}]}}