{"id":22231,"date":"2025-02-19T18:28:24","date_gmt":"2025-02-19T17:28:24","guid":{"rendered":"https:\/\/nicolefragrance.se\/?post_type=product&#038;p=22231"},"modified":"2025-07-04T21:13:13","modified_gmt":"2025-07-04T19:13:13","slug":"sauvage-eau-forte-dior-nicole-edp","status":"publish","type":"product","link":"https:\/\/nicolefragrance.se\/hr\/proizvod\/sauvage-eau-forte-dior-nicole-edp\/","title":{"rendered":"Nicole 3090 EDP inspiriran s Sauvage Eau Forte Dior"},"content":{"rendered":"<p><strong>Dior Sauvage Eau Forte<\/strong> je novi aromati\u010dno-papratni mu\u0161ki parfem, lansiran 2024. godine. Inspirisan neukrotivom snagom vode, <strong>Sauvage Eau Forte<\/strong> predstavlja produ\u017eenu verziju legendarne <strong>Sauvage<\/strong> kompozicije i pru\u017ea do sada nevi\u0111enu sve\u017einu, dugotrajnost i neodoljiv ose\u0107aj \u010disto\u0107e na ko\u017ei.<\/p>\n<p>Gornje note otvaraju se smolastim i za\u010dinskim akordima elemi smole, koji pru\u017eaju bogatu, ali prozra\u010dnu toplinu. U srcu dominira plemenita lavanda, koja donosi aromati\u010dnu sve\u017einu i balans celokupnoj kompoziciji. U osnovi mirisa, mo\u0161us i drvene note ostavljaju dugotrajan, senzualan trag, \u010dine\u0107i parfem elegantnim i sofisticiranim. Inovativna formula bez alkohola pru\u017ea blago mle\u010dnu teksturu, dok visok stepen koncentracije obezbe\u0111uje intenzitet koji traje satima.<\/p>\n<p><strong>Dior Sauvage Eau Forte<\/strong> je namenjen mu\u0161karcima koji vole sve\u017ee, ali postojane parfeme sa modernim i luksuznim karakterom. Savr\u0161en je za svakodnevnu upotrebu, kao i za posebne prilike kada \u017eelite da ostavite sna\u017ean, ali suptilan utisak. Idealan je za mu\u0161karce koji cene autenti\u010dnost i prefinjenost, bez kompromisa po pitanju dugotrajnosti i kvaliteta mirisa.<\/p>\n<p>Otkrijte snagu <strong>Sauvage Eau Forte by Dior<\/strong> i do\u017eivite novu dimenziju sve\u017eine i elegancije. Poru\u010dite svoj primerak i prepustite se neodoljivoj mo\u0107i ovog inovativnog mirisa!<\/p>\n","protected":false},"excerpt":{"rendered":"<p>Dior Sauvage Eau Forte je namenjen mu\u0161karcima koji vole sve\u017ee, ali postojane parfeme sa modernim i luksuznim karakterom. Savr\u0161en je za svakodnevnu upotrebu, kao i za posebne prilike kada \u017eelite da ostavite sna\u017ean, ali suptilan utisak. Idealan je za mu\u0161karce koji cene autenti\u010dnost i prefinjenost, bez kompromisa po pitanju dugotrajnosti i kvaliteta mirisa.<\/p>\n","protected":false},"featured_media":25606,"comment_status":"open","ping_status":"closed","template":"","meta":{"_acf_changed":false},"product_brand":[],"product_cat":[192,187],"product_tag":[],"class_list":{"0":"post-22231","1":"product","2":"type-product","3":"status-publish","4":"has-post-thumbnail","6":"product_cat-dior-marka","7":"product_cat-za-muskarce","9":"first","10":"instock","11":"featured","12":"taxable","13":"shipping-taxable","14":"purchasable","15":"product-type-variable","16":"has-default-attributes"},"acf":[],"_links":{"self":[{"href":"https:\/\/nicolefragrance.se\/hr\/wp-json\/wp\/v2\/product\/22231","targetHints":{"allow":["GET"]}}],"collection":[{"href":"https:\/\/nicolefragrance.se\/hr\/wp-json\/wp\/v2\/product"}],"about":[{"href":"https:\/\/nicolefragrance.se\/hr\/wp-json\/wp\/v2\/types\/product"}],"replies":[{"embeddable":true,"href":"https:\/\/nicolefragrance.se\/hr\/wp-json\/wp\/v2\/comments?post=22231"}],"version-history":[{"count":0,"href":"https:\/\/nicolefragrance.se\/hr\/wp-json\/wp\/v2\/product\/22231\/revisions"}],"wp:featuredmedia":[{"embeddable":true,"href":"https:\/\/nicolefragrance.se\/hr\/wp-json\/wp\/v2\/media\/25606"}],"wp:attachment":[{"href":"https:\/\/nicolefragrance.se\/hr\/wp-json\/wp\/v2\/media?parent=22231"}],"wp:term":[{"taxonomy":"product_brand","embeddable":true,"href":"https:\/\/nicolefragrance.se\/hr\/wp-json\/wp\/v2\/product_brand?post=22231"},{"taxonomy":"product_cat","embeddable":true,"href":"https:\/\/nicolefragrance.se\/hr\/wp-json\/wp\/v2\/product_cat?post=22231"},{"taxonomy":"product_tag","embeddable":true,"href":"https:\/\/nicolefragrance.se\/hr\/wp-json\/wp\/v2\/product_tag?post=22231"}],"curies":[{"name":"wp","href":"https:\/\/api.w.org\/{rel}","templated":true}]}}