{"id":22108,"date":"2025-02-19T16:35:41","date_gmt":"2025-02-19T15:35:41","guid":{"rendered":"https:\/\/nicolefragrance.se\/?post_type=product&#038;p=22108"},"modified":"2025-07-04T21:27:43","modified_gmt":"2025-07-04T19:27:43","slug":"attrape-reves-louis-vuitton-nicole-edp","status":"publish","type":"product","link":"https:\/\/nicolefragrance.se\/hr\/proizvod\/attrape-reves-louis-vuitton-nicole-edp\/","title":{"rendered":"Nicole 2060 EDP inspiriran s Attrape Reves Louis Vuitton"},"content":{"rendered":"<p><strong>Attrape Reves Louis Vuitton <\/strong>je orijentalno-cvetni \u017eenski parfem, lansiran 2018. godine. Njegova magi\u010dna kombinacija slatkih, cvetnih i za\u010dinskih nota stvara nezaboravno olfaktorno iskustvo, \u010dine\u0107i ga idealnim izborom za \u017eene koje \u017eele da ostave poseban trag gde god da se pojave.<\/p>\n<p>Gornje note parfema \u010dine li\u010di, \u0111umbir i\u00a0 bergamot. Ovaj osve\u017eavaju\u0107i i blago za\u010dinski uvod donosi energi\u010dan i iskri\u010dav po\u010detak mirisne kompozicije. U srcu mirisa isti\u010du se bo\u017eur, turska ru\u017ea, kakao \u2013 rasko\u0161an cvetni buket sa dodatkom toplog kakaoa koji pru\u017ea parfemu senzualnu i sofisticiranu dimenziju. U osnovi parfema je pa\u010duli koji daje mirisu dubinu i postojanost, ostavljaju\u0107i zavodljiv i elegantan trag na ko\u017ei.<\/p>\n<p><strong>Attrape Reves<\/strong> je parfem za samouverene i moderne \u017eene koje vole luksuzne mirise. Njegova savr\u0161eno izbalansirana kombinacija slatkih, cvetnih i drvenastih nota \u010dini ga idealnim za ve\u010dernje prilike, romanti\u010dne izlaske, ali i za trenutke kada \u017eelite da se ose\u0107ate posebno. Njegova sna\u017ena postojanost i izra\u017eajna aura osvajaju na prvi miris i ostavljaju dugotrajan utisak.<\/p>\n<p>Ako tra\u017eite parfem koji spaja \u017eenstvenost, luksuz i dozu misti\u010dnosti, <strong>Attrape Reves by<\/strong> <strong>Louis Vuitton<\/strong> je savr\u0161en izbor. Neka ovaj miris postane va\u0161 omiljeni saputnik u posebnim trenucima \u2013 isprobajte ga i otkrijte \u010daroliju snova u bo\u010dici.<\/p>\n","protected":false},"excerpt":{"rendered":"<p>Attrape Reves by Louis Vuitton je parfem za samouverene i moderne \u017eene koje vole luksuzne mirise. Njegova savr\u0161eno izbalansirana kombinacija slatkih, cvetnih i drvenastih nota \u010dini ga idealnim za ve\u010dernje prilike, romanti\u010dne izlaske, ali i za trenutke kada \u017eelite da se ose\u0107ate posebno. Njegova sna\u017ena postojanost i izra\u017eajna aura osvajaju na prvi miris i ostavljaju dugotrajan utisak.<\/p>\n","protected":false},"featured_media":25642,"comment_status":"open","ping_status":"closed","template":"","meta":{"_acf_changed":false},"product_brand":[],"product_cat":[361,186],"product_tag":[],"class_list":{"0":"post-22108","1":"product","2":"type-product","3":"status-publish","4":"has-post-thumbnail","6":"product_cat-louis-vuitton-marka","7":"product_cat-za-zene","9":"first","10":"instock","11":"taxable","12":"shipping-taxable","13":"purchasable","14":"product-type-variable","15":"has-default-attributes"},"acf":[],"_links":{"self":[{"href":"https:\/\/nicolefragrance.se\/hr\/wp-json\/wp\/v2\/product\/22108","targetHints":{"allow":["GET"]}}],"collection":[{"href":"https:\/\/nicolefragrance.se\/hr\/wp-json\/wp\/v2\/product"}],"about":[{"href":"https:\/\/nicolefragrance.se\/hr\/wp-json\/wp\/v2\/types\/product"}],"replies":[{"embeddable":true,"href":"https:\/\/nicolefragrance.se\/hr\/wp-json\/wp\/v2\/comments?post=22108"}],"version-history":[{"count":0,"href":"https:\/\/nicolefragrance.se\/hr\/wp-json\/wp\/v2\/product\/22108\/revisions"}],"wp:featuredmedia":[{"embeddable":true,"href":"https:\/\/nicolefragrance.se\/hr\/wp-json\/wp\/v2\/media\/25642"}],"wp:attachment":[{"href":"https:\/\/nicolefragrance.se\/hr\/wp-json\/wp\/v2\/media?parent=22108"}],"wp:term":[{"taxonomy":"product_brand","embeddable":true,"href":"https:\/\/nicolefragrance.se\/hr\/wp-json\/wp\/v2\/product_brand?post=22108"},{"taxonomy":"product_cat","embeddable":true,"href":"https:\/\/nicolefragrance.se\/hr\/wp-json\/wp\/v2\/product_cat?post=22108"},{"taxonomy":"product_tag","embeddable":true,"href":"https:\/\/nicolefragrance.se\/hr\/wp-json\/wp\/v2\/product_tag?post=22108"}],"curies":[{"name":"wp","href":"https:\/\/api.w.org\/{rel}","templated":true}]}}