{"id":2182,"date":"2021-03-18T13:10:47","date_gmt":"2021-03-18T12:10:47","guid":{"rendered":"https:\/\/nicolefragrance.se\/?post_type=product&#038;p=2182"},"modified":"2025-07-08T08:49:36","modified_gmt":"2025-07-08T06:49:36","slug":"calvin-klein-euphoria-men-nicole-edp","status":"publish","type":"product","link":"https:\/\/nicolefragrance.se\/hr\/proizvod\/calvin-klein-euphoria-men-nicole-edp\/","title":{"rendered":"Nicole 780 EDP inspiriran s Euphoria Men Calvin Klein"},"content":{"rendered":"<p><strong>Euphoria Men by Calvin Klein<\/strong> je parfem koji istra\u017euje sve nijanse mu\u0161ke privla\u010dnosti i modernog senzibiliteta. Ovaj drveno-aromati\u010dni miris, lansiran 2006. godine, pru\u017ea eufori\u010dno iskustvo i otvara vrata svijetu mirisa koji kombinira svje\u017einu i senzualnost na neodoljiv na\u010din.<\/p>\n<p><strong>Euphoria Men by Calvin Klein<\/strong> otvara se eufori\u010dno, privla\u010de\u0107i pa\u017enju svojim gornjim notama \u0111umbira i papra. Ovaj po\u010detak je energi\u010dan i osvje\u017eavaju\u0107i, ali istovremeno suptilan. U srcu mirisa, otkrivamo crni bosiljak, \u017ealfiju i kedar, koji stvaraju aromati\u010dni vrtlog koji dodaje dubinu i mu\u017eevnost. U osnovi mirisa, nalazimo toplu kombinaciju ambera, pa\u010dulija, brazilskog crvenog drveta i semi\u0161a, koja pru\u017ea dugotrajnost i senzualnost ovom mirisu.<\/p>\n<p>Euphoria Men je &#8221;zarazan&#8221; miris sa intrigantnom svje\u017einom i modernom senzualno\u0161\u0107u. Pru\u017ea nesvakida\u0161nje mirisno iskustvo koje odi\u0161e mu\u017eevno\u0161\u0107u i sofisticirano\u0161\u0107u.<\/p>\n<p><strong>Euphoria Men by Calvin Klein<\/strong> je idealan izbor za suvremenog mu\u0161karca koji te\u017ei da istra\u017ei nove horizonte i privu\u010de pa\u017enju svojom karizmom. Bez obzira na priliku, ovaj miris \u0107e vam pomo\u0107i da ostavite neizbrisiv utisak. Uzmite Euphoria Men i do\u017eivite euforiju senzualnosti i svje\u017eine.<\/p>\n","protected":false},"excerpt":{"rendered":"<p>Euphoria Men by Calvin Klein je &#8221;zarazan&#8221; miris sa intrigantnom svje\u017einom i modernom senzualno\u0161\u0107u. Idealan je izbor za suvremenog mu\u0161karca koji te\u017ei da istra\u017ei nove horizonte i privu\u010de pa\u017enju svojom karizmom. Bez obzira na priliku, ovaj miris \u0107e vam pomo\u0107i da ostavite neizbrisiv utisak. Uzmite Euphoria Men i do\u017eivite euforiju senzualnosti i svje\u017eine.<\/p>\n","protected":false},"featured_media":27269,"comment_status":"open","ping_status":"closed","template":"","meta":{"_acf_changed":false},"product_brand":[],"product_cat":[209,187],"product_tag":[],"class_list":{"0":"post-2182","1":"product","2":"type-product","3":"status-publish","4":"has-post-thumbnail","6":"product_cat-calvin-klein-marka","7":"product_cat-za-muskarce","9":"first","10":"instock","11":"taxable","12":"shipping-taxable","13":"purchasable","14":"product-type-variable","15":"has-default-attributes"},"acf":[],"_links":{"self":[{"href":"https:\/\/nicolefragrance.se\/hr\/wp-json\/wp\/v2\/product\/2182","targetHints":{"allow":["GET"]}}],"collection":[{"href":"https:\/\/nicolefragrance.se\/hr\/wp-json\/wp\/v2\/product"}],"about":[{"href":"https:\/\/nicolefragrance.se\/hr\/wp-json\/wp\/v2\/types\/product"}],"replies":[{"embeddable":true,"href":"https:\/\/nicolefragrance.se\/hr\/wp-json\/wp\/v2\/comments?post=2182"}],"version-history":[{"count":0,"href":"https:\/\/nicolefragrance.se\/hr\/wp-json\/wp\/v2\/product\/2182\/revisions"}],"wp:featuredmedia":[{"embeddable":true,"href":"https:\/\/nicolefragrance.se\/hr\/wp-json\/wp\/v2\/media\/27269"}],"wp:attachment":[{"href":"https:\/\/nicolefragrance.se\/hr\/wp-json\/wp\/v2\/media?parent=2182"}],"wp:term":[{"taxonomy":"product_brand","embeddable":true,"href":"https:\/\/nicolefragrance.se\/hr\/wp-json\/wp\/v2\/product_brand?post=2182"},{"taxonomy":"product_cat","embeddable":true,"href":"https:\/\/nicolefragrance.se\/hr\/wp-json\/wp\/v2\/product_cat?post=2182"},{"taxonomy":"product_tag","embeddable":true,"href":"https:\/\/nicolefragrance.se\/hr\/wp-json\/wp\/v2\/product_tag?post=2182"}],"curies":[{"name":"wp","href":"https:\/\/api.w.org\/{rel}","templated":true}]}}