{"id":2122,"date":"2021-03-18T11:30:47","date_gmt":"2021-03-18T10:30:47","guid":{"rendered":"https:\/\/nicolefragrance.se\/?post_type=product&#038;p=2122"},"modified":"2025-07-08T09:13:02","modified_gmt":"2025-07-08T07:13:02","slug":"davidoff-echo-nicole-edp","status":"publish","type":"product","link":"https:\/\/nicolefragrance.se\/hr\/proizvod\/davidoff-echo-nicole-edp\/","title":{"rendered":"Nicole 770 EDP inspiriran s Echo Davidoff"},"content":{"rendered":"<p><strong>Echo by Davidoff<\/strong> je mu\u0161ki parfem lansiran 2003. godine. Predstavlja pravu poslasticu za mu\u0161karce koji cijene sofisticiranost i eleganciju. Ovaj miris spada u kategoriju drveno-za\u010dinskih parfema, a njegova jedinstvena kompozicija isti\u010de se me\u0111u mirisima svoje vrste.<\/p>\n<p><strong>Davidoff Echo <\/strong>otvara svoju pri\u010du osvje\u017eavaju\u0107im morskim notama, koje unose osje\u0107aj vitalnosti i energije. Ove note stvaraju prvi utisak i pripremaju vas za dublje slojeve mirisa. U srcu ovog mirisa isti\u010du se topli za\u010dini poput crnog papra, kardamoma i mu\u0161katnog ora\u0161\u010di\u0107a. Ove note dodaju mirisu dubinu i senzualnost, istovremeno odr\u017eavaju\u0107i svje\u017einu. Baza mirisa Echo obuhva\u0107a drvene note poput kedra i sandalovine, koje doprinose eleganciji i trajnosti mirisa. Bijela ko\u017ea i bijeli \u0161u\u0161kavac dodaju osje\u0107aj luksuza i sofisticiranosti.<\/p>\n<p><strong>Echo by Davidoff<\/strong> je miris koji odra\u017eava univerzalnu eleganciju i sofisticiranost. Namijenjen je mu\u0161karcima koji znaju \u0161to \u017eele i koji cijene mirise koji se isti\u010du. Ovaj miris je idealan izbor kako za svakodnevnu upotrebu tako i za posebne prilike.<\/p>\n<p>Echo by Davidoff\u00a0 je sofisticiran i privla\u010dan miris koji \u0107e vam pru\u017eiti osje\u0107aj samopouzdanja i elegancije. Ovo je miris za mu\u0161karce koji znaju kako da istaknu svoju univerzalnu privla\u010dnost i sofisticiranost. Osjetite eleganciju uz <strong>Davidoff Echo<\/strong>.<\/p>\n","protected":false},"excerpt":{"rendered":"<p>Echo by Davidoff je miris koji odra\u017eava univerzalnu eleganciju i sofisticiranost. namijenjen je mu\u0161karcima koji znaju \u0161to \u017eele i koji cijene mirise koji se isti\u010du. Ovaj miris je idealan izbor kako za svakodnevnu upotrebu tako i za posebne prilike. Echo by Davidoff\u00a0 je privla\u010dan miris koji \u0107e vam pru\u017eiti osje\u0107aj samopouzdanja i izuzetne elegancije.<\/p>\n","protected":false},"featured_media":27308,"comment_status":"open","ping_status":"closed","template":"","meta":{"_acf_changed":false},"product_brand":[],"product_cat":[208,187],"product_tag":[],"class_list":{"0":"post-2122","1":"product","2":"type-product","3":"status-publish","4":"has-post-thumbnail","6":"product_cat-davidoff-marka","7":"product_cat-za-muskarce","9":"first","10":"instock","11":"taxable","12":"shipping-taxable","13":"purchasable","14":"product-type-variable","15":"has-default-attributes"},"acf":[],"_links":{"self":[{"href":"https:\/\/nicolefragrance.se\/hr\/wp-json\/wp\/v2\/product\/2122","targetHints":{"allow":["GET"]}}],"collection":[{"href":"https:\/\/nicolefragrance.se\/hr\/wp-json\/wp\/v2\/product"}],"about":[{"href":"https:\/\/nicolefragrance.se\/hr\/wp-json\/wp\/v2\/types\/product"}],"replies":[{"embeddable":true,"href":"https:\/\/nicolefragrance.se\/hr\/wp-json\/wp\/v2\/comments?post=2122"}],"version-history":[{"count":0,"href":"https:\/\/nicolefragrance.se\/hr\/wp-json\/wp\/v2\/product\/2122\/revisions"}],"wp:featuredmedia":[{"embeddable":true,"href":"https:\/\/nicolefragrance.se\/hr\/wp-json\/wp\/v2\/media\/27308"}],"wp:attachment":[{"href":"https:\/\/nicolefragrance.se\/hr\/wp-json\/wp\/v2\/media?parent=2122"}],"wp:term":[{"taxonomy":"product_brand","embeddable":true,"href":"https:\/\/nicolefragrance.se\/hr\/wp-json\/wp\/v2\/product_brand?post=2122"},{"taxonomy":"product_cat","embeddable":true,"href":"https:\/\/nicolefragrance.se\/hr\/wp-json\/wp\/v2\/product_cat?post=2122"},{"taxonomy":"product_tag","embeddable":true,"href":"https:\/\/nicolefragrance.se\/hr\/wp-json\/wp\/v2\/product_tag?post=2122"}],"curies":[{"name":"wp","href":"https:\/\/api.w.org\/{rel}","templated":true}]}}