{"id":2098,"date":"2021-03-18T11:16:08","date_gmt":"2021-03-18T10:16:08","guid":{"rendered":"https:\/\/nicolefragrance.se\/?post_type=product&#038;p=2098"},"modified":"2025-10-31T19:12:04","modified_gmt":"2025-10-31T18:12:04","slug":"ysl-opium-pour-homme-nicole-edp","status":"publish","type":"product","link":"https:\/\/nicolefragrance.se\/hr\/proizvod\/ysl-opium-pour-homme-nicole-edp\/","title":{"rendered":"Nicole 716 EDP inspiriran s Opium Pour Homme Yves Saint Laurent"},"content":{"rendered":"<p><strong>YSL Opium Pour Homme<\/strong> lansiran je 1995. godine i predstavlja provokativan i tajanstven miris inspiriran drevnim Orijentom. Ovaj parfem predstavlja intenzivan spoj egzoti\u010dnih nota kao \u0161to su crni ribizl, galangal i zvjezdasti anis, sa toplijim notama zemljastog kedra i ambera, stvaraju\u0107i osje\u0107aj mistike i povezanosti sa sada\u0161njo\u0161\u0107u.<\/p>\n<p><strong>Opium Pour Homme<\/strong> po\u010dinje intenzivno i uzbudljivo, sa egzoti\u010dnim notama crnog ribizla koje unose osvje\u017eenje, dok galangal i zvjezdasti anis dodaju tajanstvenu i zavodljivu dimenziju. Ova eksplozija mirisa nosi sa sobom osje\u0107aj avanture i luksuza. U srcu mirisa dominira zemljasti kedar i duboki amber, stvaraju\u0107i toplinu i dubinu. Ove note daju parfemu ozbiljnost i sofisticiranost, \u010dine\u0107i ga idealnim izborom za zrele i samouvjerene mu\u0161karce. Sichuan papar u zavr\u0161nici ovog mirisa dodaje mu potpuno neodoljivu kvalitetu.<\/p>\n<p>Miris ostavlja iza sebe sna\u017ean utisak i traje \u010ditav dan, sa impresivnom projekcijom koja privla\u010di pa\u017enju.<\/p>\n<p><strong>YSL Opium Pour Homme<\/strong> je miris koji izra\u017eava tajanstvenu i provokativnu stranu moderne mu\u0161kosti. Ovaj sofisticirani miris je idealan izbor za zrele mu\u0161karce koji \u017eele da se istaknu svojom snala\u017eljivo\u0161\u0107u i samopouzdanjem.<\/p>\n","protected":false},"excerpt":{"rendered":"<p>YSL Opium Pour Homme je parfem koji izra\u017eava tajanstvenu i provokativnu stranu moderne mu\u0161kosti. Miris ostavlja iza sebe sna\u017ean utisak i traje \u010ditav dan, sa impresivnom projekcijom koja privla\u010di pa\u017enju. Ovaj sofisticirani miris je idealan izbor za zrele mu\u0161karce koji \u017eele da se istaknu svojom snala\u017eljivo\u0161\u0107u i samopouzdanjem.<\/p>\n","protected":false},"featured_media":27320,"comment_status":"open","ping_status":"closed","template":"","meta":{"_acf_changed":false},"product_brand":[],"product_cat":[206,187],"product_tag":[],"class_list":{"0":"post-2098","1":"product","2":"type-product","3":"status-publish","4":"has-post-thumbnail","6":"product_cat-yves-saint-laurent-marka","7":"product_cat-za-muskarce","9":"first","10":"instock","11":"taxable","12":"shipping-taxable","13":"purchasable","14":"product-type-variable","15":"has-default-attributes"},"acf":[],"_links":{"self":[{"href":"https:\/\/nicolefragrance.se\/hr\/wp-json\/wp\/v2\/product\/2098","targetHints":{"allow":["GET"]}}],"collection":[{"href":"https:\/\/nicolefragrance.se\/hr\/wp-json\/wp\/v2\/product"}],"about":[{"href":"https:\/\/nicolefragrance.se\/hr\/wp-json\/wp\/v2\/types\/product"}],"replies":[{"embeddable":true,"href":"https:\/\/nicolefragrance.se\/hr\/wp-json\/wp\/v2\/comments?post=2098"}],"version-history":[{"count":0,"href":"https:\/\/nicolefragrance.se\/hr\/wp-json\/wp\/v2\/product\/2098\/revisions"}],"wp:featuredmedia":[{"embeddable":true,"href":"https:\/\/nicolefragrance.se\/hr\/wp-json\/wp\/v2\/media\/27320"}],"wp:attachment":[{"href":"https:\/\/nicolefragrance.se\/hr\/wp-json\/wp\/v2\/media?parent=2098"}],"wp:term":[{"taxonomy":"product_brand","embeddable":true,"href":"https:\/\/nicolefragrance.se\/hr\/wp-json\/wp\/v2\/product_brand?post=2098"},{"taxonomy":"product_cat","embeddable":true,"href":"https:\/\/nicolefragrance.se\/hr\/wp-json\/wp\/v2\/product_cat?post=2098"},{"taxonomy":"product_tag","embeddable":true,"href":"https:\/\/nicolefragrance.se\/hr\/wp-json\/wp\/v2\/product_tag?post=2098"}],"curies":[{"name":"wp","href":"https:\/\/api.w.org\/{rel}","templated":true}]}}