{"id":2086,"date":"2021-03-15T21:32:32","date_gmt":"2021-03-15T20:32:32","guid":{"rendered":"https:\/\/nicolefragrance.se\/?post_type=product&#038;p=2086"},"modified":"2025-07-08T09:20:15","modified_gmt":"2025-07-08T07:20:15","slug":"guerlain-mon-guerlain-nicole-edp","status":"publish","type":"product","link":"https:\/\/nicolefragrance.se\/hr\/proizvod\/guerlain-mon-guerlain-nicole-edp\/","title":{"rendered":"Nicole 204 EDP inspiriran s Mon Guerlain"},"content":{"rendered":"<p><strong>Mon Guerlain by Guerlain<\/strong> je \u017eenski parfem koji slavi \u017eenstvenost dana\u0161njice &#8211; sna\u017enu, slobodnu i senzualnu \u017eenu. Ovaj prefinjeni orijentalno-drveni miris lansiran je 2017. godine i postao je sinonim za eleganciju i toplinu.<\/p>\n<p>Najzna\u010dajniji sastojci u <strong>Mon Guerlain<\/strong>-u dolaze iz razli\u010ditih krajeva svijeta, stvaraju\u0107i posebnu i bogatu harmoniju mirisa. To je miris koji isti\u010de izvanredne sirovine &#8211; lavandu Provanse, indijski Sambac jasmin, sandalovinu Australje i vaniliju Tahitija. Kombinacija lavande i vanilije stvara predivno iskustvo koje \u0107e stvoriti osje\u0107aj smirenosti i sre\u0107e. Topal, mekan, puderast i blago sladak, ovaj miris odi\u0161e elegancijom i senzualno\u0161\u0107u.<\/p>\n<p><strong>Mon Guerlain by Guerlain<\/strong> je miris za \u017eene koje cijene istinsku eleganciju i \u017eele se osje\u0107ati sna\u017eno i privla\u010dno. Ovaj miris ostavlja nezaboravan utisak i pru\u017ea vam osje\u0107aj luksuza svaki put kad ga nanesete. <strong>Mon Guerlain<\/strong> je vi\u0161e od mirisa, to je izjava o \u017eivotnom stilu &#8211; izjava o va\u0161oj slobodnoj i senzualnoj \u017eenstvenosti.<\/p>\n","protected":false},"excerpt":{"rendered":"<p>Mon Guerlain by Guerlain je miris za \u017eene koje cijene istinsku eleganciju i \u017eele se osje\u0107ati sna\u017eno i privla\u010dno. Ovaj miris ostavlja nezaboravan utisak i pru\u017ea vam osje\u0107aj luksuza svaki put kad ga nanesete. Mon Guerlain je vi\u0161e od mirisa, to je izjava o \u017eivotnom stilu &#8211; izjava o va\u0161oj slobodnoj i senzualnoj \u017eenstvenosti.<\/p>\n","protected":false},"featured_media":27332,"comment_status":"open","ping_status":"closed","template":"","meta":{"_acf_changed":false},"product_brand":[],"product_cat":[228,186],"product_tag":[],"class_list":{"0":"post-2086","1":"product","2":"type-product","3":"status-publish","4":"has-post-thumbnail","6":"product_cat-guerlain-marka","7":"product_cat-za-zene","9":"first","10":"instock","11":"taxable","12":"shipping-taxable","13":"purchasable","14":"product-type-variable","15":"has-default-attributes"},"acf":[],"_links":{"self":[{"href":"https:\/\/nicolefragrance.se\/hr\/wp-json\/wp\/v2\/product\/2086","targetHints":{"allow":["GET"]}}],"collection":[{"href":"https:\/\/nicolefragrance.se\/hr\/wp-json\/wp\/v2\/product"}],"about":[{"href":"https:\/\/nicolefragrance.se\/hr\/wp-json\/wp\/v2\/types\/product"}],"replies":[{"embeddable":true,"href":"https:\/\/nicolefragrance.se\/hr\/wp-json\/wp\/v2\/comments?post=2086"}],"version-history":[{"count":0,"href":"https:\/\/nicolefragrance.se\/hr\/wp-json\/wp\/v2\/product\/2086\/revisions"}],"wp:featuredmedia":[{"embeddable":true,"href":"https:\/\/nicolefragrance.se\/hr\/wp-json\/wp\/v2\/media\/27332"}],"wp:attachment":[{"href":"https:\/\/nicolefragrance.se\/hr\/wp-json\/wp\/v2\/media?parent=2086"}],"wp:term":[{"taxonomy":"product_brand","embeddable":true,"href":"https:\/\/nicolefragrance.se\/hr\/wp-json\/wp\/v2\/product_brand?post=2086"},{"taxonomy":"product_cat","embeddable":true,"href":"https:\/\/nicolefragrance.se\/hr\/wp-json\/wp\/v2\/product_cat?post=2086"},{"taxonomy":"product_tag","embeddable":true,"href":"https:\/\/nicolefragrance.se\/hr\/wp-json\/wp\/v2\/product_tag?post=2086"}],"curies":[{"name":"wp","href":"https:\/\/api.w.org\/{rel}","templated":true}]}}