{"id":2062,"date":"2021-03-15T20:51:26","date_gmt":"2021-03-15T19:51:26","guid":{"rendered":"https:\/\/nicolefragrance.se\/?post_type=product&#038;p=2062"},"modified":"2025-07-08T09:25:14","modified_gmt":"2025-07-08T07:25:14","slug":"chanel-n5-l-eau-nicole-edp","status":"publish","type":"product","link":"https:\/\/nicolefragrance.se\/hr\/proizvod\/chanel-n5-l-eau-nicole-edp\/","title":{"rendered":"Nicole 190 EDP inspiriran s Chanel No 5 L Eau Chanel"},"content":{"rendered":"<p><strong>Chanel N\u00b05 L\u2019Eau<\/strong> predstavlja modernu interpretaciju legendarnog mirisa Chanel No 5. Kreiran 2016. godine, ovaj \u017eenski parfem donosi svje\u017einu i dinamiku koja istovremeno odi\u0161e jednostavno\u0161\u0107u i sofisticirano\u0161\u0107u. N\u00b05 L\u2019Eau je miris koji nosi u sebi duh sada\u0161njosti i budu\u0107nosti, \u010dine\u0107i ga vanvremenskim i hrabrim izborom.<\/p>\n<p>Ovaj parfem zapo\u010dinje svoje putovanje dinami\u010dnim i svje\u017eim notama limuna, mandarine i naran\u010de. Ove note donose vedrinu i prozra\u010dnost, otvaraju\u0107i vrata ka univerzumu N\u00b05 L\u2019Eau. Nakon osvje\u017eavaju\u0107eg otvaranja, srce parfema se otvara bogatim buketom ru\u017ee, jasmina i note ylang-ylang. Ove cvjetne note dodaju dubinu i slojevitost mirisu, \u010dine\u0107i ga \u017eivopisnim i modernim. Ovaj cvjetni vrt oslikava suvremenu \u017eenu, samouvjerenu i elegantnu. Kako se miris razvija na ko\u017ei, osje\u0107ate kako se otkriva dublji sloj. U pozadini bujnog cvjetnog vrtloga krije se osje\u0107aj vitalnosti: dinami\u010dni zvuk kedra koji prati nje\u017enost pamuka i muskusa. Ovaj zavr\u0161etak ostavlja neizbrisiv utisak i dopu\u0161ta vam da osjetite \u017eivost i snagu mirisa.<\/p>\n<p><strong>Chanel N\u00b05 L\u2019Eau<\/strong> odi\u0161e svje\u017einom, jednostavno\u0161\u0107u i sofisticirano\u0161\u0107u, \u0161to ga \u010dini idealnim izborom za \u017eene koje \u017eele da istaknu svoju samouvjerenost i eleganciju. Bilo da ga nosite tijekom dana ili za posebne prilike, ovaj miris \u0107e vas osvje\u017eiti vanvremenskom elegancijom. Chanel N\u00b05 L\u2019Eau je miris sada\u0161njosti i budu\u0107nosti, prava oda suvremenoj \u017eeni.<\/p>\n","protected":false},"excerpt":{"rendered":"<p>Chanel N\u00b05 L\u2019Eau predstavlja modernu interpretaciju legendarnog mirisa Chanel No 5. Ovaj miris odi\u0161e svje\u017einom, jednostavno\u0161\u0107u i sofisticirano\u0161\u0107u, \u0161to ga \u010dini idealnim izborom za \u017eene koje \u017eele istaknuti svoju samouvjerenost i eleganciju. Bilo da ga nosite tijekom dana ili za posebne prilike, ovaj miris \u0107e vas osvje\u017eiti vanvremenskom elegancijom. Chanel N\u00b05 L\u2019Eau je miris sada\u0161njosti i budu\u0107nosti, prava oda suvremenoj \u017eeni.<\/p>\n","protected":false},"featured_media":27354,"comment_status":"open","ping_status":"closed","template":"","meta":{"_acf_changed":false},"product_brand":[],"product_cat":[195,186],"product_tag":[],"class_list":{"0":"post-2062","1":"product","2":"type-product","3":"status-publish","4":"has-post-thumbnail","6":"product_cat-chanel-marka","7":"product_cat-za-zene","9":"first","10":"instock","11":"taxable","12":"shipping-taxable","13":"purchasable","14":"product-type-variable","15":"has-default-attributes"},"acf":[],"_links":{"self":[{"href":"https:\/\/nicolefragrance.se\/hr\/wp-json\/wp\/v2\/product\/2062","targetHints":{"allow":["GET"]}}],"collection":[{"href":"https:\/\/nicolefragrance.se\/hr\/wp-json\/wp\/v2\/product"}],"about":[{"href":"https:\/\/nicolefragrance.se\/hr\/wp-json\/wp\/v2\/types\/product"}],"replies":[{"embeddable":true,"href":"https:\/\/nicolefragrance.se\/hr\/wp-json\/wp\/v2\/comments?post=2062"}],"version-history":[{"count":0,"href":"https:\/\/nicolefragrance.se\/hr\/wp-json\/wp\/v2\/product\/2062\/revisions"}],"wp:featuredmedia":[{"embeddable":true,"href":"https:\/\/nicolefragrance.se\/hr\/wp-json\/wp\/v2\/media\/27354"}],"wp:attachment":[{"href":"https:\/\/nicolefragrance.se\/hr\/wp-json\/wp\/v2\/media?parent=2062"}],"wp:term":[{"taxonomy":"product_brand","embeddable":true,"href":"https:\/\/nicolefragrance.se\/hr\/wp-json\/wp\/v2\/product_brand?post=2062"},{"taxonomy":"product_cat","embeddable":true,"href":"https:\/\/nicolefragrance.se\/hr\/wp-json\/wp\/v2\/product_cat?post=2062"},{"taxonomy":"product_tag","embeddable":true,"href":"https:\/\/nicolefragrance.se\/hr\/wp-json\/wp\/v2\/product_tag?post=2062"}],"curies":[{"name":"wp","href":"https:\/\/api.w.org\/{rel}","templated":true}]}}