{"id":2050,"date":"2021-03-15T20:46:17","date_gmt":"2021-03-15T19:46:17","guid":{"rendered":"https:\/\/nicolefragrance.se\/?post_type=product&#038;p=2050"},"modified":"2025-07-08T09:38:05","modified_gmt":"2025-07-08T07:38:05","slug":"versace-vanitas-nicole-edp","status":"publish","type":"product","link":"https:\/\/nicolefragrance.se\/hr\/proizvod\/versace-vanitas-nicole-edp\/","title":{"rendered":"Nicole 187 EDP inspiriran s Vanitas Versace"},"content":{"rendered":"<p><strong>Versace Vanitas<\/strong> je \u017eenski parfem koji je svojom cvjetnom kompozicijom osvojio srca mnogih dama \u0161irom svijeta. Lansiran 2011. godine, ovaj miris kombinira osvje\u017eavaju\u0107e vo\u0107ne note sa nje\u017enim cvjetnim akordima i dubokim drvenim notama, stvaraju\u0107i harmoni\u010dan i svestran miris.<\/p>\n<p>Ovaj parfem otvara se zvonkim notama limete koje donose osje\u0107aj svijetlosti i svje\u017eine. Limeta je citrusna nota koja momentalno osvje\u017eava osjetila i priprema vas za suptilne slojeve koji dolaze. Srednje note ovog mirisa obuhva\u0107aju cvjetni akord tiare i frezije. Tiara je egzoti\u010dni cvijet koji donosi nje\u017enost i \u017eenstvenost mirisu, dok frezija dodaje dodatnu cvjetnu dimenziju. Ove note \u010dine <strong>Versace Vanitas<\/strong> savr\u0161enim izborom za romanti\u010dne trenutke. Osnova mirisa kombinira tonku i kedrovinu. Tonka daje mirisu dubinu i senzualnost, dok kedar donosi notu ozbiljnosti i topline. Ova kombinacija drvenih nota \u010dini da miris traje dugo na ko\u017ei.<\/p>\n<p><strong>Versace Vanitas<\/strong> je pristojan i svestran, idealan za dame koje \u017eele da izraze svoju nje\u017enu stranu, ali tako\u0111er tra\u017ee notu ozbiljnosti. Versace Vanitas je svijetla i blistava opcija koja nije napadna i mo\u017ee se nositi u razli\u010ditim prilikama.<\/p>\n<p>Ako volite mirise koji su osvje\u017eavaju\u0107e suptilni i nisu preslatki, onda je <strong>Versace Vanitas<\/strong> pravi izbor za vas. Osvje\u017eite svoju svakodnevnu rutinu ovim mirisom i osjetite njegovu svijetlu i nje\u017enu \u010daroliju.<\/p>\n","protected":false},"excerpt":{"rendered":"<p>Versace Vanitas je solidan i svestran parfem, idealan za dame koje \u017eele izraziti svoju nje\u017enu stranu, ali tako\u0111er tra\u017ee notu ozbiljnosti. Ovo je svijetla i blistava mirisna opcija koja nije napadna i mo\u017ee se nositi u razli\u010ditim prilikama. Ako volite mirise koji su osvje\u017eavaju\u0107e suptilni i nisu preslatki, onda je Versace Vanitas pravi izbor za vas.<\/p>\n","protected":false},"featured_media":27365,"comment_status":"open","ping_status":"closed","template":"","meta":{"_acf_changed":false},"product_brand":[],"product_cat":[211,186],"product_tag":[],"class_list":{"0":"post-2050","1":"product","2":"type-product","3":"status-publish","4":"has-post-thumbnail","6":"product_cat-versace-marka","7":"product_cat-za-zene","9":"first","10":"instock","11":"taxable","12":"shipping-taxable","13":"purchasable","14":"product-type-variable","15":"has-default-attributes"},"acf":[],"_links":{"self":[{"href":"https:\/\/nicolefragrance.se\/hr\/wp-json\/wp\/v2\/product\/2050","targetHints":{"allow":["GET"]}}],"collection":[{"href":"https:\/\/nicolefragrance.se\/hr\/wp-json\/wp\/v2\/product"}],"about":[{"href":"https:\/\/nicolefragrance.se\/hr\/wp-json\/wp\/v2\/types\/product"}],"replies":[{"embeddable":true,"href":"https:\/\/nicolefragrance.se\/hr\/wp-json\/wp\/v2\/comments?post=2050"}],"version-history":[{"count":0,"href":"https:\/\/nicolefragrance.se\/hr\/wp-json\/wp\/v2\/product\/2050\/revisions"}],"wp:featuredmedia":[{"embeddable":true,"href":"https:\/\/nicolefragrance.se\/hr\/wp-json\/wp\/v2\/media\/27365"}],"wp:attachment":[{"href":"https:\/\/nicolefragrance.se\/hr\/wp-json\/wp\/v2\/media?parent=2050"}],"wp:term":[{"taxonomy":"product_brand","embeddable":true,"href":"https:\/\/nicolefragrance.se\/hr\/wp-json\/wp\/v2\/product_brand?post=2050"},{"taxonomy":"product_cat","embeddable":true,"href":"https:\/\/nicolefragrance.se\/hr\/wp-json\/wp\/v2\/product_cat?post=2050"},{"taxonomy":"product_tag","embeddable":true,"href":"https:\/\/nicolefragrance.se\/hr\/wp-json\/wp\/v2\/product_tag?post=2050"}],"curies":[{"name":"wp","href":"https:\/\/api.w.org\/{rel}","templated":true}]}}