{"id":2038,"date":"2021-03-12T20:44:24","date_gmt":"2021-03-12T19:44:24","guid":{"rendered":"https:\/\/nicolefragrance.se\/?post_type=product&#038;p=2038"},"modified":"2025-07-08T09:40:45","modified_gmt":"2025-07-08T07:40:45","slug":"marc-jacobs-daisy-nicole-edp","status":"publish","type":"product","link":"https:\/\/nicolefragrance.se\/hr\/proizvod\/marc-jacobs-daisy-nicole-edp\/","title":{"rendered":"Nicole 173 EDP inspiriran s Daisy Marc Jacobs"},"content":{"rendered":"<p><strong>Daisy by Marc Jacobs <\/strong>je \u017eenski parfem koji osvaja svje\u017einom i sofisticiranom \u017eenstveno\u0161\u0107u. Lansiran 2007. godine, ovaj miris postao je simbol svje\u017eine i \u017eenstvenog luksuza, postaju\u0107i omiljeni parfem \u017eenama \u0161irom svijeta.<\/p>\n<p>Parfem se otvara notama divlje jagode, bar\u0161unastim laticama ljubi\u010dice i svijetlucavim spojem gardenije i jasmina kojima Daisy ostavlja neodoljiv utisak ve\u0107 na po\u010detku. bijeli akordi breze i kedra dodaju dubinu i intenzitet ovom mirisu. Njegovo srce kuca u cvjetnom ritmu, sastavljenom od svilenkasto zavodljive gardenije, delikatne ljubi\u010dice i latica jasmina. Na kraju, suhi trag u osnovi ovog mirisa \u010dine bijeli drveni akordi, vanilija i mo\u0161us.<\/p>\n<p>Daisy je miris koji istovremeno pru\u017ea svje\u017einu i \u017eenstvenost. namijenjen je sofisticiranim, zavodljivim \u017eenama koje te\u017ee jednostavnosti.<\/p>\n<p><strong>Daisy by Marc Jacobs<\/strong> je vi\u0161e od mirisa &#8211; to je iskustvo sofisticiranosti i privla\u010dnosti koje \u0107ete nositi sa sobom gdje god da krenete. Ovaj miris grli va\u0161e osjetilo mirisa i \u010dini da se osje\u0107ate svje\u017ee i \u017eenstveno, dodaju\u0107i notu luksuza svakom trenutku.<\/p>\n<p>Neka Marc Jacobs Daisy bude va\u0161 za\u0161titni znak, miris koji \u0107e vas pratiti u svim va\u0161im avanturama i osvajati svojom svje\u017einom i sofisticirano\u0161\u0107u.<\/p>\n","protected":false},"excerpt":{"rendered":"<p>Marc Jacobs Daisy je miris koji istovremeno pru\u017ea svje\u017einu i \u017eenstvenost. namijenjen je sofisticiranim, zavodljivim \u017eenama koje te\u017ee jednostavnosti. Ovaj miris grli va\u0161e osjetilo mirisa i \u010dini da se osje\u0107ate svje\u017ee i \u017eenstveno, dodaju\u0107i notu luksuza svakom trenutku. Neka Daisy bude va\u0161 za\u0161titni znak, miris koji \u0107e vas pratiti u svim va\u0161im avanturama i osvajati svojom svje\u017einom i sofisticirano\u0161\u0107u.<\/p>\n","protected":false},"featured_media":27377,"comment_status":"open","ping_status":"closed","template":"","meta":{"_acf_changed":false},"product_brand":[],"product_cat":[227,186],"product_tag":[],"class_list":{"0":"post-2038","1":"product","2":"type-product","3":"status-publish","4":"has-post-thumbnail","6":"product_cat-marc-jacobs-marka","7":"product_cat-za-zene","9":"first","10":"instock","11":"taxable","12":"shipping-taxable","13":"purchasable","14":"product-type-variable","15":"has-default-attributes"},"acf":[],"_links":{"self":[{"href":"https:\/\/nicolefragrance.se\/hr\/wp-json\/wp\/v2\/product\/2038","targetHints":{"allow":["GET"]}}],"collection":[{"href":"https:\/\/nicolefragrance.se\/hr\/wp-json\/wp\/v2\/product"}],"about":[{"href":"https:\/\/nicolefragrance.se\/hr\/wp-json\/wp\/v2\/types\/product"}],"replies":[{"embeddable":true,"href":"https:\/\/nicolefragrance.se\/hr\/wp-json\/wp\/v2\/comments?post=2038"}],"version-history":[{"count":0,"href":"https:\/\/nicolefragrance.se\/hr\/wp-json\/wp\/v2\/product\/2038\/revisions"}],"wp:featuredmedia":[{"embeddable":true,"href":"https:\/\/nicolefragrance.se\/hr\/wp-json\/wp\/v2\/media\/27377"}],"wp:attachment":[{"href":"https:\/\/nicolefragrance.se\/hr\/wp-json\/wp\/v2\/media?parent=2038"}],"wp:term":[{"taxonomy":"product_brand","embeddable":true,"href":"https:\/\/nicolefragrance.se\/hr\/wp-json\/wp\/v2\/product_brand?post=2038"},{"taxonomy":"product_cat","embeddable":true,"href":"https:\/\/nicolefragrance.se\/hr\/wp-json\/wp\/v2\/product_cat?post=2038"},{"taxonomy":"product_tag","embeddable":true,"href":"https:\/\/nicolefragrance.se\/hr\/wp-json\/wp\/v2\/product_tag?post=2038"}],"curies":[{"name":"wp","href":"https:\/\/api.w.org\/{rel}","templated":true}]}}