{"id":2026,"date":"2021-03-12T20:40:55","date_gmt":"2021-03-12T19:40:55","guid":{"rendered":"https:\/\/nicolefragrance.se\/?post_type=product&#038;p=2026"},"modified":"2025-07-08T09:52:32","modified_gmt":"2025-07-08T07:52:32","slug":"calvin-klein-sheer-beauty-essence-nicole-edp","status":"publish","type":"product","link":"https:\/\/nicolefragrance.se\/hr\/proizvod\/calvin-klein-sheer-beauty-essence-nicole-edp\/","title":{"rendered":"Nicole 170 EDP inspiriran s Sheer Beauty Essence Calvin Klein"},"content":{"rendered":"<p><strong>Sheer Beauty Essence by Calvin Klein<\/strong> je sinonim za suptilnost i eleganciju me\u0111u \u017eenskim parfemima. Ovaj miris, lansiran 2013. godine, donosi svje\u017einu cvjetnih nota i pru\u017ea osje\u0107aj neodoljive sofisticiranosti za sve dame.<\/p>\n<p><strong>Sheer Beauty Essence<\/strong> otvara se svje\u017eim notama breskve i cvijeta kru\u0161ke. Ova osvje\u017eavaju\u0107a kombinacija stvara nesvakida\u0161nji mirisni do\u017eivljaj koji odmah privla\u010di pa\u017enju. U srcu parfema otkrivaju se bogate note bo\u017eura, ru\u017ee i ljiljana, koje mu daju dubinu i karakter. U osnovi mirisa, otkriti \u0107ete note kedra, vanilije i mo\u0161usa, koje pru\u017eaju trajnost i toplinu mirisu.<\/p>\n<p>Ono \u0161to ovaj parfem \u010dini posebnim je njegova izra\u017eajna elegancija. Ovaj miris je inspiriran \u017eenstveno\u0161\u0107u i samopouzdanjem moderne \u017eene. Njegove jednostavne cvjetne note stvaraju miris koji je pogodan za razli\u010dite prilike. Bilo da idete na posao, sastanak ili romanti\u010dnu ve\u010deru, Sheer Beauty Essence \u0107e vas pratiti svojom elegancijom.<\/p>\n<p><strong>Sheer Beauty Essence<\/strong> je svestrani miris koji odgovara razli\u010ditim godi\u0161njim dobima. Njegova svje\u017eina ga \u010dini idealnim za dnevnu upotrebu, dok dublje note daju dovoljno sofisticiranosti za ve\u010der. Ovaj miris je dovoljno suptilan da ne optere\u0107uje, ali dovoljno izra\u017eajan da privla\u010di pa\u017enju.<\/p>\n<p>Dopustite da <strong>Sheer Beauty Essence<\/strong> istakne va\u0161u eleganciju i postane va\u0161a svakodnevna aroma koja \u0107e vas u\u010diniti neodoljivom.<\/p>\n","protected":false},"excerpt":{"rendered":"<p>Sheer Beauty Essence by Calvin Klein je svestran miris koji odgovara razli\u010ditim godi\u0161njim dobima. Njegova svje\u017eina ga \u010dini idealnim za dnevnu upotrebu, dok dublje note daju dovoljno sofisticiranosti za ve\u010der. Ovaj miris je dovoljno suptilan da ne optere\u0107uje, ali i dovoljno izra\u017eajan da privla\u010di pa\u017enju. Dopustite da Sheer Beauty Essence istakne va\u0161u eleganciju i postane va\u0161a svakodnevna aroma koja \u0107e vas u\u010diniti neodoljivom.<\/p>\n","protected":false},"featured_media":27388,"comment_status":"open","ping_status":"closed","template":"","meta":{"_acf_changed":false},"product_brand":[],"product_cat":[209,186],"product_tag":[],"class_list":{"0":"post-2026","1":"product","2":"type-product","3":"status-publish","4":"has-post-thumbnail","6":"product_cat-calvin-klein-marka","7":"product_cat-za-zene","9":"first","10":"outofstock","11":"taxable","12":"shipping-taxable","13":"purchasable","14":"product-type-variable","15":"has-default-attributes"},"acf":[],"_links":{"self":[{"href":"https:\/\/nicolefragrance.se\/hr\/wp-json\/wp\/v2\/product\/2026","targetHints":{"allow":["GET"]}}],"collection":[{"href":"https:\/\/nicolefragrance.se\/hr\/wp-json\/wp\/v2\/product"}],"about":[{"href":"https:\/\/nicolefragrance.se\/hr\/wp-json\/wp\/v2\/types\/product"}],"replies":[{"embeddable":true,"href":"https:\/\/nicolefragrance.se\/hr\/wp-json\/wp\/v2\/comments?post=2026"}],"version-history":[{"count":0,"href":"https:\/\/nicolefragrance.se\/hr\/wp-json\/wp\/v2\/product\/2026\/revisions"}],"wp:featuredmedia":[{"embeddable":true,"href":"https:\/\/nicolefragrance.se\/hr\/wp-json\/wp\/v2\/media\/27388"}],"wp:attachment":[{"href":"https:\/\/nicolefragrance.se\/hr\/wp-json\/wp\/v2\/media?parent=2026"}],"wp:term":[{"taxonomy":"product_brand","embeddable":true,"href":"https:\/\/nicolefragrance.se\/hr\/wp-json\/wp\/v2\/product_brand?post=2026"},{"taxonomy":"product_cat","embeddable":true,"href":"https:\/\/nicolefragrance.se\/hr\/wp-json\/wp\/v2\/product_cat?post=2026"},{"taxonomy":"product_tag","embeddable":true,"href":"https:\/\/nicolefragrance.se\/hr\/wp-json\/wp\/v2\/product_tag?post=2026"}],"curies":[{"name":"wp","href":"https:\/\/api.w.org\/{rel}","templated":true}]}}