{"id":2002,"date":"2021-03-12T19:43:29","date_gmt":"2021-03-12T18:43:29","guid":{"rendered":"https:\/\/nicolefragrance.se\/?post_type=product&#038;p=2002"},"modified":"2025-07-11T07:46:46","modified_gmt":"2025-07-11T05:46:46","slug":"see-by-chloe-nicole-edp","status":"publish","type":"product","link":"https:\/\/nicolefragrance.se\/hr\/proizvod\/see-by-chloe-nicole-edp\/","title":{"rendered":"Nicole 158 EDP inspiriran s See By Chloe"},"content":{"rendered":"<p><strong>See by Chloe<\/strong> je o\u010daravaju\u0107i cvjetno-vo\u0107ni \u017eenski miris, lansiran 2012. godine. U usporedbi sa klasi\u010dnim Chlo\u00e9 parfemom, <strong>See by Chlo\u00e9<\/strong> je na neki na\u010din prikladniji za mla\u0111e dame koje preferiraju svakodnevne stilove, ali \u017eele da zadr\u017ee i izuzetno \u017eenstvenu estetiku. Ovaj miris je \u0161ik, elegantan i energi\u010dan.<\/p>\n<p><strong>See by Chloe<\/strong> se otvara svje\u017eim notama bergamota i cvijeta jabuke, prelazi u srce gdje dominiraju jasmin i ilang-ilang, da bi se na kraju smirio na bazi vanilije. Mo\u017ee se re\u0107i da je rije\u010d o slatkom i cvjetnom mirisu koji odra\u017eava lako\u0107u i veselost. Ova bogata kombinacija nota stvara jedinstvenu aromu koja isti\u010de \u017eenstvenost i sofisticiranost nosilaca.<\/p>\n<p><strong>See by Chloe<\/strong> EDP je idealan izbor za \u017eene koje \u017eele da se osje\u0107aju sofisticirano, a istovremeno \u017eele da zadr\u017ee svoju mladala\u010dku energiju. Ovaj miris nagla\u0161ava ljepotu svakodnevnog \u017eivota i donosi osje\u0107aj svje\u017eine i radosti. Bez obzira na va\u0161 karakter, ovaj miris \u0107e vam pru\u017eiti dodir elegancije i \u0161arma svakog dana.<\/p>\n","protected":false},"excerpt":{"rendered":"<p>See by Chloe je o\u010daravaju\u0107i cvjetno-vo\u0107ni \u017eenski miris. Ovaj parfem\u00a0je idealan izbor za \u017eene koje se \u017eele osje\u0107ati sofisticirano, a istovremeno \u017eele zadr\u017eati svoju mladala\u010dku energiju. Ovaj miris nagla\u0161ava ljepotu svakodnevnog \u017eivota i donosi osje\u0107aj svje\u017eine i radosti. Bez obzira na va\u0161 karakter, ovaj miris \u0107e vam pru\u017eiti dodir elegancije i \u0161arma svaki dan.<\/p>\n","protected":false},"featured_media":28766,"comment_status":"open","ping_status":"closed","template":"","meta":{"_acf_changed":false},"product_brand":[],"product_cat":[212,186],"product_tag":[],"class_list":{"0":"post-2002","1":"product","2":"type-product","3":"status-publish","4":"has-post-thumbnail","6":"product_cat-chloe-marka","7":"product_cat-za-zene","9":"first","10":"outofstock","11":"taxable","12":"shipping-taxable","13":"purchasable","14":"product-type-variable","15":"has-default-attributes"},"acf":[],"_links":{"self":[{"href":"https:\/\/nicolefragrance.se\/hr\/wp-json\/wp\/v2\/product\/2002","targetHints":{"allow":["GET"]}}],"collection":[{"href":"https:\/\/nicolefragrance.se\/hr\/wp-json\/wp\/v2\/product"}],"about":[{"href":"https:\/\/nicolefragrance.se\/hr\/wp-json\/wp\/v2\/types\/product"}],"replies":[{"embeddable":true,"href":"https:\/\/nicolefragrance.se\/hr\/wp-json\/wp\/v2\/comments?post=2002"}],"version-history":[{"count":0,"href":"https:\/\/nicolefragrance.se\/hr\/wp-json\/wp\/v2\/product\/2002\/revisions"}],"wp:featuredmedia":[{"embeddable":true,"href":"https:\/\/nicolefragrance.se\/hr\/wp-json\/wp\/v2\/media\/28766"}],"wp:attachment":[{"href":"https:\/\/nicolefragrance.se\/hr\/wp-json\/wp\/v2\/media?parent=2002"}],"wp:term":[{"taxonomy":"product_brand","embeddable":true,"href":"https:\/\/nicolefragrance.se\/hr\/wp-json\/wp\/v2\/product_brand?post=2002"},{"taxonomy":"product_cat","embeddable":true,"href":"https:\/\/nicolefragrance.se\/hr\/wp-json\/wp\/v2\/product_cat?post=2002"},{"taxonomy":"product_tag","embeddable":true,"href":"https:\/\/nicolefragrance.se\/hr\/wp-json\/wp\/v2\/product_tag?post=2002"}],"curies":[{"name":"wp","href":"https:\/\/api.w.org\/{rel}","templated":true}]}}