{"id":1990,"date":"2021-03-12T19:39:58","date_gmt":"2021-03-12T18:39:58","guid":{"rendered":"https:\/\/nicolefragrance.se\/?post_type=product&#038;p=1990"},"modified":"2025-07-08T09:56:14","modified_gmt":"2025-07-08T07:56:14","slug":"bottega-veneta-nicole-edp","status":"publish","type":"product","link":"https:\/\/nicolefragrance.se\/hr\/proizvod\/bottega-veneta-nicole-edp\/","title":{"rendered":"Nicole 147 EDP inspiriran s Bottega Veneta"},"content":{"rendered":"<p><strong>Bottega Veneta<\/strong> je topli \u017eenski parfem koji jednostavno o\u010darava svojim mirisnim notama. Tajanstven i zavodljiv, ovaj parfem predstavlja savr\u0161enu harmoniju suprotnosti. Bottega Veneta je lansiran 2011. godine, a kreirao ga je Michel Almairac.<\/p>\n<p>Gornje note ovog parfema obuhva\u0107aju crni papar i bergamot, dok se u srcu mirisa isti\u010de jasmin. Bazu ovog izuzetnog parfema \u010dine ko\u017ea, hrastova mahovina i pa\u010duli. Kroz vrijeme, <strong>Bottega Veneta<\/strong> se razvija, a benzoin i pa\u010duli nastavljaju da ga oboga\u0107uju, odr\u017eavaju\u0107i toplinu i prisutnost.<\/p>\n<p><strong>Bottega Veneta<\/strong> odi\u0161e puno\u0107om i zaobljeno\u0161\u0107u, a istovremeno je suptilan kao ma\u010dji dlan. Lako se nosi i prisutan je bez nametljivosti. Karakterizira ga kompleksnost, umjerena projekcija i dugotrajnost, \u010dine\u0107i da traje \u010ditav dan na ko\u017ei.<\/p>\n<p>Ovaj miris je poput neuhvatljive elegancije i suptilne sofisticiranosti, kao da je stvoren za osobu koja zra\u010di tajanstvenom privla\u010dno\u0161\u0107u. Ovaj parfem je prava aroma za one dame koje cijene mirise koji se razvijaju i otkrivaju svoje slojeve tijekom dana.<\/p>\n<p><strong>Bottega Veneta<\/strong> je prava poslastica za osjetila, dovoljno sna\u017ean da privu\u010de pa\u017enju, a opet dovoljno nje\u017ean da vas prati tijekom va\u0161ih najlijep\u0161ih trenutaka.<\/p>\n","protected":false},"excerpt":{"rendered":"<p>Bottega Veneta odi\u0161e puno\u0107om i zaobljeno\u0161\u0107u, istovremeno suptilan kao ma\u010dji dlan. Lako se nosi i prisutan je bez nametljivosti. karakterizira ga umjerena projekcija i dugotrajnost, traje \u010ditav dan na ko\u017ei. Ovaj miris je poput neuhvatljive elegancije i suptilne sofisticiranosti, kao da je stvoren za osobu koja zra\u010di tajanstvenom privla\u010dno\u0161\u0107u.<\/p>\n","protected":false},"featured_media":27399,"comment_status":"open","ping_status":"closed","template":"","meta":{"_acf_changed":false},"product_brand":[],"product_cat":[226,186],"product_tag":[],"class_list":{"0":"post-1990","1":"product","2":"type-product","3":"status-publish","4":"has-post-thumbnail","6":"product_cat-bottega-veneta-marka","7":"product_cat-za-zene","9":"first","10":"instock","11":"taxable","12":"shipping-taxable","13":"purchasable","14":"product-type-variable","15":"has-default-attributes"},"acf":[],"_links":{"self":[{"href":"https:\/\/nicolefragrance.se\/hr\/wp-json\/wp\/v2\/product\/1990","targetHints":{"allow":["GET"]}}],"collection":[{"href":"https:\/\/nicolefragrance.se\/hr\/wp-json\/wp\/v2\/product"}],"about":[{"href":"https:\/\/nicolefragrance.se\/hr\/wp-json\/wp\/v2\/types\/product"}],"replies":[{"embeddable":true,"href":"https:\/\/nicolefragrance.se\/hr\/wp-json\/wp\/v2\/comments?post=1990"}],"version-history":[{"count":0,"href":"https:\/\/nicolefragrance.se\/hr\/wp-json\/wp\/v2\/product\/1990\/revisions"}],"wp:featuredmedia":[{"embeddable":true,"href":"https:\/\/nicolefragrance.se\/hr\/wp-json\/wp\/v2\/media\/27399"}],"wp:attachment":[{"href":"https:\/\/nicolefragrance.se\/hr\/wp-json\/wp\/v2\/media?parent=1990"}],"wp:term":[{"taxonomy":"product_brand","embeddable":true,"href":"https:\/\/nicolefragrance.se\/hr\/wp-json\/wp\/v2\/product_brand?post=1990"},{"taxonomy":"product_cat","embeddable":true,"href":"https:\/\/nicolefragrance.se\/hr\/wp-json\/wp\/v2\/product_cat?post=1990"},{"taxonomy":"product_tag","embeddable":true,"href":"https:\/\/nicolefragrance.se\/hr\/wp-json\/wp\/v2\/product_tag?post=1990"}],"curies":[{"name":"wp","href":"https:\/\/api.w.org\/{rel}","templated":true}]}}