{"id":1978,"date":"2021-03-12T19:28:57","date_gmt":"2021-03-12T18:28:57","guid":{"rendered":"https:\/\/nicolefragrance.se\/?post_type=product&#038;p=1978"},"modified":"2025-07-08T09:59:34","modified_gmt":"2025-07-08T07:59:34","slug":"nina-ricci-nina-l-eau-nicole-edp","status":"publish","type":"product","link":"https:\/\/nicolefragrance.se\/hr\/proizvod\/nina-ricci-nina-l-eau-nicole-edp\/","title":{"rendered":"Nicole 146 EDP inspiriran s Nina L Eau Nina Ricci"},"content":{"rendered":"<p><strong>Nina L&#8217;Eau by Nina Ricci<\/strong> je parfem koji je osvojio srca \u017eena \u0161irom svijeta. Lansiran 2013. godine, ovaj \u017eenski miris predstavlja neodoljivu kombinaciju vo\u0107nih i cvjetnih nota, stvaraju\u0107i aromu koja je istovremeno romanti\u010dna i osvje\u017eavaju\u0107a.<\/p>\n<p><strong>Nina L&#8217;Eau<\/strong> otvara se svje\u017eim notama jabuke, grejpfruta, mandarine i nerolija. Ovaj po\u010detak pru\u017ea trenutni osje\u0107aj osvje\u017eenja i vitalnosti. Vo\u0107ne note donose optimizam i radost, \u010dine\u0107i ovaj miris idealnim za svakodnevno no\u0161enje. U srcu ovog mirisa, osje\u0107aju se vodeni akordi zajedno sa gardenijom i vi\u0161njom. cvjetne note unose \u017eenstvenost i romanti\u010dnu dimenziju ovom mirisu. Nina L&#8217;Eau nagla\u0161ava va\u0161u nje\u017enu stranu i stvara osje\u0107aj elegancije. Baza\u00a0mirisa sastoji se od senzualnog mo\u0161usa. Mo\u0161us daje dubinu i trajnost mirisu, ostavljaju\u0107i za sobom suptilan i zavodljiv trag.<\/p>\n<p><strong>Nina Ricci Nina L&#8217;Eau<\/strong> je parfem koji je istovremeno osvje\u017eavaju\u0107 i romanti\u010dan. Ovaj miris je idealan za \u017eene koje \u017eele da izraze svoju nje\u017enu, ali i strastvenu stranu.<\/p>\n<p>Nina L&#8217;Eau je miris koji \u0107e vas pratiti tijekom cijelog dana, ostavljaju\u0107i iza sebe neodoljivu aromu. Do\u017eivite harmoni\u010dan sklad vo\u0107a i cvije\u0107a uz <strong>Nina Ricci Nina L&#8217;Eau.<\/strong><\/p>\n","protected":false},"excerpt":{"rendered":"<p>Nina L&#8217;Eau by Nina Ricci je parfem koji je osvojio srca \u017eena \u0161irom svijeta. Ovaj miris je istovremeno osvje\u017eavaju\u0107 i romanti\u010dan. Idealan je za \u017eene koje \u017eele izraziti svoju nje\u017enu, romanti\u010dnu, ali i strastvenu stranu. Nina L&#8217;Eau je miris koji \u0107e vas pratiti tijekom cijelog dana, ostavljaju\u0107i iza sebe neodoljivu aromu.<\/p>\n","protected":false},"featured_media":27410,"comment_status":"open","ping_status":"closed","template":"","meta":{"_acf_changed":false},"product_brand":[],"product_cat":[225,186],"product_tag":[],"class_list":{"0":"post-1978","1":"product","2":"type-product","3":"status-publish","4":"has-post-thumbnail","6":"product_cat-nina-ricci-marka","7":"product_cat-za-zene","9":"first","10":"instock","11":"taxable","12":"shipping-taxable","13":"purchasable","14":"product-type-variable","15":"has-default-attributes"},"acf":[],"_links":{"self":[{"href":"https:\/\/nicolefragrance.se\/hr\/wp-json\/wp\/v2\/product\/1978","targetHints":{"allow":["GET"]}}],"collection":[{"href":"https:\/\/nicolefragrance.se\/hr\/wp-json\/wp\/v2\/product"}],"about":[{"href":"https:\/\/nicolefragrance.se\/hr\/wp-json\/wp\/v2\/types\/product"}],"replies":[{"embeddable":true,"href":"https:\/\/nicolefragrance.se\/hr\/wp-json\/wp\/v2\/comments?post=1978"}],"version-history":[{"count":0,"href":"https:\/\/nicolefragrance.se\/hr\/wp-json\/wp\/v2\/product\/1978\/revisions"}],"wp:featuredmedia":[{"embeddable":true,"href":"https:\/\/nicolefragrance.se\/hr\/wp-json\/wp\/v2\/media\/27410"}],"wp:attachment":[{"href":"https:\/\/nicolefragrance.se\/hr\/wp-json\/wp\/v2\/media?parent=1978"}],"wp:term":[{"taxonomy":"product_brand","embeddable":true,"href":"https:\/\/nicolefragrance.se\/hr\/wp-json\/wp\/v2\/product_brand?post=1978"},{"taxonomy":"product_cat","embeddable":true,"href":"https:\/\/nicolefragrance.se\/hr\/wp-json\/wp\/v2\/product_cat?post=1978"},{"taxonomy":"product_tag","embeddable":true,"href":"https:\/\/nicolefragrance.se\/hr\/wp-json\/wp\/v2\/product_tag?post=1978"}],"curies":[{"name":"wp","href":"https:\/\/api.w.org\/{rel}","templated":true}]}}