{"id":1966,"date":"2021-03-12T19:23:22","date_gmt":"2021-03-12T18:23:22","guid":{"rendered":"https:\/\/nicolefragrance.se\/?post_type=product&#038;p=1966"},"modified":"2025-07-08T10:05:19","modified_gmt":"2025-07-08T08:05:19","slug":"calvin-klein-downtown-nicole-edp","status":"publish","type":"product","link":"https:\/\/nicolefragrance.se\/hr\/proizvod\/calvin-klein-downtown-nicole-edp\/","title":{"rendered":"Nicole 145 EDP inspiriran s Downtown Calvin Klein"},"content":{"rendered":"<p><strong>Downtown by Calvin Klein<\/strong> je \u017eenski parfem namijenjen mla\u0111im damama koje preferiraju slatke mirise.<\/p>\n<p>Kompozicija ovog \u017eenskog mirisa zapo\u010dinje osvje\u017eavaju\u0107im notama talijanskog limuna, bergamota, tuni\u017eanskog nerolija i zelene kru\u0161ke. Ovo otvaranje je poput energi\u010dnog i dinami\u010dnog koraka ulicom prepunom mogu\u0107nosti. Srce mirisa uklju\u010duje nje\u017ene latice gardenije kombinirane sa notama ru\u017ei\u010dastog papra i ljubi\u010dastog li\u0161\u0107a, na bazi kedra iz Teksasa, tamjana, vetivera i bar\u0161unastog mo\u0161usa. Ove note dodaju dubinu i senzualnost, stvaraju\u0107i slo\u017een i intrigantan miris. <strong>CK Downtown<\/strong> se zatvara sa suptilnim i \u017eenstvenim notama koje su idealne za svakodnevno no\u0161enje.<\/p>\n<p>Ovaj miris je poput nevidljivog dodatka va\u0161oj li\u010dnosti, pru\u017eaju\u0107i vam samopouzdanje i svje\u017einu tijekom cijelog dana. <strong>Downtown by Calvin Klein<\/strong> je miris za modernu \u017eenu mladala\u010dkog duha koja je uvijek u pokretu. Njegove slatke, ali svje\u017ee note \u010dine ga idealnim izborom za sve prilike, bilo da idete na posao, \u0161etate gradom ili izlazite sa prijateljima.<\/p>\n<p><strong>Calvin Klein Downtown<\/strong> je miris koji \u0107e vas inspirirati da istra\u017eujete gradsku d\u017eunglu. Njegove osvje\u017eavaju\u0107e note \u010dine ga savr\u0161enim dodatkom va\u0161oj svakodnevnoj rutini. Osjetite energiju i dinamiku grada sa CK Downtown parfemom koji nikada ne spava.<\/p>\n","protected":false},"excerpt":{"rendered":"<p>Downtown by Calvin Klein je \u017eenski parfem namijenjen mla\u0111im damama koje preferiraju slatke mirise. Ovaj miris je poput nevidljivog dodatka va\u0161oj li\u010dnosti, pru\u017eaju\u0107i vam samopouzdanje i svje\u017einu tijekom cijelog dana. Downtown by Calvin Klein je miris za modernu \u017eenu mladala\u010dkog duha koja je uvijek u pokretu.<\/p>\n","protected":false},"featured_media":27421,"comment_status":"open","ping_status":"closed","template":"","meta":{"_acf_changed":false},"product_brand":[],"product_cat":[209,186],"product_tag":[],"class_list":{"0":"post-1966","1":"product","2":"type-product","3":"status-publish","4":"has-post-thumbnail","6":"product_cat-calvin-klein-marka","7":"product_cat-za-zene","9":"first","10":"instock","11":"taxable","12":"shipping-taxable","13":"purchasable","14":"product-type-variable","15":"has-default-attributes"},"acf":[],"_links":{"self":[{"href":"https:\/\/nicolefragrance.se\/hr\/wp-json\/wp\/v2\/product\/1966","targetHints":{"allow":["GET"]}}],"collection":[{"href":"https:\/\/nicolefragrance.se\/hr\/wp-json\/wp\/v2\/product"}],"about":[{"href":"https:\/\/nicolefragrance.se\/hr\/wp-json\/wp\/v2\/types\/product"}],"replies":[{"embeddable":true,"href":"https:\/\/nicolefragrance.se\/hr\/wp-json\/wp\/v2\/comments?post=1966"}],"version-history":[{"count":0,"href":"https:\/\/nicolefragrance.se\/hr\/wp-json\/wp\/v2\/product\/1966\/revisions"}],"wp:featuredmedia":[{"embeddable":true,"href":"https:\/\/nicolefragrance.se\/hr\/wp-json\/wp\/v2\/media\/27421"}],"wp:attachment":[{"href":"https:\/\/nicolefragrance.se\/hr\/wp-json\/wp\/v2\/media?parent=1966"}],"wp:term":[{"taxonomy":"product_brand","embeddable":true,"href":"https:\/\/nicolefragrance.se\/hr\/wp-json\/wp\/v2\/product_brand?post=1966"},{"taxonomy":"product_cat","embeddable":true,"href":"https:\/\/nicolefragrance.se\/hr\/wp-json\/wp\/v2\/product_cat?post=1966"},{"taxonomy":"product_tag","embeddable":true,"href":"https:\/\/nicolefragrance.se\/hr\/wp-json\/wp\/v2\/product_tag?post=1966"}],"curies":[{"name":"wp","href":"https:\/\/api.w.org\/{rel}","templated":true}]}}