{"id":1954,"date":"2021-03-12T19:14:36","date_gmt":"2021-03-12T18:14:36","guid":{"rendered":"https:\/\/nicolefragrance.se\/?post_type=product&#038;p=1954"},"modified":"2025-07-08T14:13:07","modified_gmt":"2025-07-08T12:13:07","slug":"bvlgari-blv-notte-pour-femme-nicole-edp","status":"publish","type":"product","link":"https:\/\/nicolefragrance.se\/hr\/proizvod\/bvlgari-blv-notte-pour-femme-nicole-edp\/","title":{"rendered":"Nicole 126 EDP inspiriran s Notte Pour Femme Bvlgari"},"content":{"rendered":"<p><strong>Bvlgari BLV Notte Pour Femme<\/strong> je \u017eenski parfem koji predstavlja sinonim za luksuz i eleganciju. Lansiran 2004. godine, ovaj parfem donosi senzualnost i misteriju no\u0107i u svijet mirisa.<\/p>\n<p>Sastojci ovog parfema \u010dine ga posebnim i jedinstvenim. On otvara svoju pri\u010du sa svje\u017eim notama galange, mandarine i bergamota, uvode\u0107i nas u ovu senzualnu no\u0107nu avanturu. Srce parfema kombinira nevjerojatnu kombinaciju votke, akacije, puderastog irisa i cvjetova duhana. Kao da to nije dovoljno, osnova ovog parfema donosi miris tamne \u010doautode, \u0111umbira i ambera.<\/p>\n<p>Dominacija tamne \u010doautode i opojne votke \u010dini ovaj parfem posebnim i nezaboravnim. Ova impresivna aroma odlikuje se dubinom i toplinom, istovremeno isti\u010du\u0107i svje\u017einu i podi\u017eu\u0107i duhove svojom prisutno\u0161\u0107u.<\/p>\n<p><strong>BLV Notte Pour Femme<\/strong> namijenjen je \u017eenama koje znaju \u0161to \u017eele. On je poput tajanstvene no\u0107i &#8211; privla\u010dan, neodoljiv i nezaboravan. Ovaj miris je savr\u0161en izbor za \u017eene koje su samouvjerene, senzualne i \u017eele ostaviti sna\u017ean utisak.<\/p>\n<p><strong>Bvlgari BLV Notte Pour Femme<\/strong> je parfem koji \u0107e vas ostaviti bez daha. Neka ova senzualna aroma postane va\u0161 za\u0161titni znak i u\u010dini svako ve\u010der nezaboravnim. U\u017eivajte u tajanstvenoj i neodoljivoj \u010daroliji Bvlgarija uz BLV Notte Pour Femme.<\/p>\n","protected":false},"excerpt":{"rendered":"<p>BLV Notte Pour Femme namijenjen je \u017eenama koje znaju \u0161to \u017eele. On je poput tajanstvene no\u0107i &#8211; privla\u010dan, neodoljiv i nezaboravan. Ovaj miris je savr\u0161en izbor za \u017eene koje su samouvjerene, senzualne i \u017eele ostaviti sna\u017ean utisak. Dominacija tamne \u010doautode i opojne votke \u010dini ovaj parfem posebnim i nezaboravnim. Zato neka ova senzualna aroma postane va\u0161 za\u0161titni znak i u\u010dini svaku ve\u010der nezaboravnom.<\/p>\n","protected":false},"featured_media":27433,"comment_status":"open","ping_status":"closed","template":"","meta":{"_acf_changed":false},"product_brand":[],"product_cat":[196,186],"product_tag":[],"class_list":{"0":"post-1954","1":"product","2":"type-product","3":"status-publish","4":"has-post-thumbnail","6":"product_cat-bvlgari-marka","7":"product_cat-za-zene","9":"first","10":"instock","11":"taxable","12":"shipping-taxable","13":"purchasable","14":"product-type-variable","15":"has-default-attributes"},"acf":[],"_links":{"self":[{"href":"https:\/\/nicolefragrance.se\/hr\/wp-json\/wp\/v2\/product\/1954","targetHints":{"allow":["GET"]}}],"collection":[{"href":"https:\/\/nicolefragrance.se\/hr\/wp-json\/wp\/v2\/product"}],"about":[{"href":"https:\/\/nicolefragrance.se\/hr\/wp-json\/wp\/v2\/types\/product"}],"replies":[{"embeddable":true,"href":"https:\/\/nicolefragrance.se\/hr\/wp-json\/wp\/v2\/comments?post=1954"}],"version-history":[{"count":0,"href":"https:\/\/nicolefragrance.se\/hr\/wp-json\/wp\/v2\/product\/1954\/revisions"}],"wp:featuredmedia":[{"embeddable":true,"href":"https:\/\/nicolefragrance.se\/hr\/wp-json\/wp\/v2\/media\/27433"}],"wp:attachment":[{"href":"https:\/\/nicolefragrance.se\/hr\/wp-json\/wp\/v2\/media?parent=1954"}],"wp:term":[{"taxonomy":"product_brand","embeddable":true,"href":"https:\/\/nicolefragrance.se\/hr\/wp-json\/wp\/v2\/product_brand?post=1954"},{"taxonomy":"product_cat","embeddable":true,"href":"https:\/\/nicolefragrance.se\/hr\/wp-json\/wp\/v2\/product_cat?post=1954"},{"taxonomy":"product_tag","embeddable":true,"href":"https:\/\/nicolefragrance.se\/hr\/wp-json\/wp\/v2\/product_tag?post=1954"}],"curies":[{"name":"wp","href":"https:\/\/api.w.org\/{rel}","templated":true}]}}