{"id":1942,"date":"2021-03-11T16:09:53","date_gmt":"2021-03-11T15:09:53","guid":{"rendered":"https:\/\/nicolefragrance.se\/?post_type=product&#038;p=1942"},"modified":"2026-02-21T14:15:04","modified_gmt":"2026-02-21T13:15:04","slug":"emporio-armani-diamonds-nicole-edp","status":"publish","type":"product","link":"https:\/\/nicolefragrance.se\/hr\/proizvod\/emporio-armani-diamonds-nicole-edp\/","title":{"rendered":"Nicole 124 EDP inspiriran s Emporio Armani Diamonds Armani"},"content":{"rendered":"<p><strong>Emporio Armani Diamonds<\/strong> <strong>by Giorgio Armani<\/strong> je \u017eenski parfem koji vas uvodi u svijet luksuza, sofisticiranosti i \u017eenstvenosti. Ovaj miris je predstavljen 2007. godine i od tada je postao sinonim za eleganciju i atraktivnost.<\/p>\n<p><strong>Diamonds<\/strong> odu\u0161evljava svojim slo\u017eenim notama. Gornje note su li\u010di i malina, dok se u srcu ovog mirisa kriju frezija i maj\u010dina du\u0161ica. Baza ovog parfema je bogata, sa notama vetivera, kedra, pa\u010dulija i vanilije. Ova kombinacija mirisnih nota stvara dubinu i kompleksnost, \u010dine\u0107i ga savr\u0161enim izborom za \u017eenu koja zra\u010di samopouzdanjem i zavodljivo\u0161\u0107u.<\/p>\n<p>Ovaj miris se lako prilago\u0111ava razli\u010ditim prilikama, \u010dine\u0107i ga idealnim za svakodnevno no\u0161enje. Bilo da idete na posao, na sastanak ili planirate ve\u010der u gradu, <strong>Emporio Armani Diamonds<\/strong> \u0107e vas pratiti i doprinijeti va\u0161em samopouzdanju.<\/p>\n<p><strong>Emporio Armani Diamonds<\/strong> kombinira senzualnost i eleganciju na savr\u0161en na\u010din. Njegova prisutnost je zapa\u017eena, ali nikada ne preplavljuje. Umjesto toga, pru\u017ea suptilan \u0161arm i privla\u010dnost. Ovaj parfem je poput dijamanata &#8211; luksuzan, vrijedan i neprolazno lijep.<\/p>\n<p><strong>EA Diamonds<\/strong> je izjava o sofisticiranosti i \u017eenstvenosti. Njegove bogate note \u010dine ga neodoljivim i \u010dine ga savr\u0161enim izborom za \u017eenu koja \u017eeli da se istakne svojom elegancijom.<\/p>\n","protected":false},"excerpt":{"rendered":"<p>Emporio Armani Diamonds kombinira senzualnost i eleganciju na savr\u0161en na\u010din. Njegova prisutnost je zapa\u017eena, ali nikada ne preplavljuje. Umjesto toga, pru\u017ea suptilan \u0161arm i privla\u010dnost. Ovaj parfem je poput dijamanata &#8211; luksuzan, vrijedan i neprolazno lijep. Diamonds je izjava o sofisticiranosti i \u017eenstvenosti. Njegove bogate note \u010dine ga neodoljivim i \u010dine ga savr\u0161enim izborom za \u017eenu koja \u017eeli da se istakne svojom elegancijom.<\/p>\n","protected":false},"featured_media":27444,"comment_status":"open","ping_status":"closed","template":"","meta":{"_acf_changed":false},"product_brand":[],"product_cat":[191,186],"product_tag":[],"class_list":{"0":"post-1942","1":"product","2":"type-product","3":"status-publish","4":"has-post-thumbnail","6":"product_cat-armani-marka","7":"product_cat-za-zene","9":"first","10":"instock","11":"taxable","12":"shipping-taxable","13":"purchasable","14":"product-type-variable","15":"has-default-attributes"},"acf":[],"_links":{"self":[{"href":"https:\/\/nicolefragrance.se\/hr\/wp-json\/wp\/v2\/product\/1942","targetHints":{"allow":["GET"]}}],"collection":[{"href":"https:\/\/nicolefragrance.se\/hr\/wp-json\/wp\/v2\/product"}],"about":[{"href":"https:\/\/nicolefragrance.se\/hr\/wp-json\/wp\/v2\/types\/product"}],"replies":[{"embeddable":true,"href":"https:\/\/nicolefragrance.se\/hr\/wp-json\/wp\/v2\/comments?post=1942"}],"version-history":[{"count":0,"href":"https:\/\/nicolefragrance.se\/hr\/wp-json\/wp\/v2\/product\/1942\/revisions"}],"wp:featuredmedia":[{"embeddable":true,"href":"https:\/\/nicolefragrance.se\/hr\/wp-json\/wp\/v2\/media\/27444"}],"wp:attachment":[{"href":"https:\/\/nicolefragrance.se\/hr\/wp-json\/wp\/v2\/media?parent=1942"}],"wp:term":[{"taxonomy":"product_brand","embeddable":true,"href":"https:\/\/nicolefragrance.se\/hr\/wp-json\/wp\/v2\/product_brand?post=1942"},{"taxonomy":"product_cat","embeddable":true,"href":"https:\/\/nicolefragrance.se\/hr\/wp-json\/wp\/v2\/product_cat?post=1942"},{"taxonomy":"product_tag","embeddable":true,"href":"https:\/\/nicolefragrance.se\/hr\/wp-json\/wp\/v2\/product_tag?post=1942"}],"curies":[{"name":"wp","href":"https:\/\/api.w.org\/{rel}","templated":true}]}}