{"id":1906,"date":"2021-03-11T15:20:40","date_gmt":"2021-03-11T14:20:40","guid":{"rendered":"https:\/\/nicolefragrance.se\/?post_type=product&#038;p=1906"},"modified":"2025-07-08T14:19:00","modified_gmt":"2025-07-08T12:19:00","slug":"christian-dior-miss-dior-cherie-nicole-edp","status":"publish","type":"product","link":"https:\/\/nicolefragrance.se\/hr\/proizvod\/christian-dior-miss-dior-cherie-nicole-edp\/","title":{"rendered":"Nicole 116 EDP inspiriran s Miss Dior Cherie Dior"},"content":{"rendered":"<p><strong>Miss Dior Cherie by Dior<\/strong> je pravi dragulj u svijetu parfema. Lansiran 2011. godine, ovaj \u017eenski miris predstavlja izuzetno \u017eenstven i sofisticiran izbor za dame koje cijene suptilnu eleganciju.<\/p>\n<p><strong>Miss Dior Cherie<\/strong> otvara se osvje\u017eavaju\u0107im notama so\u010dne jagode i citrusne mandarine. Ovi prvi utisci su kao osmijeh koji vas poziva da istra\u017eite dublje i otkrijete \u010darobni svijet ovog mirisa. U srcu parfema kriju se cvjetne note ru\u017ee i jasmina. Ove prefinjene note donose romanti\u010dnu dimenziju, isti\u010du\u0107i nje\u017enost i eleganciju mirisa. Miss Dior Cherie te\u017ei ka savr\u0161enoj ravnote\u017ei izme\u0111u slatko\u0107e i sofisticiranosti, \u010dine\u0107i ga idealnim za dame koje znaju \u0161to \u017eele. Kako miris evoluira na ko\u017ei, osjetiti \u0107ete kako se otkrivaju dublji slojevi parfema. Pa\u010duli, sandalovina, amber, hrastova mahovina i vetiver \u010dine osnovu mirisa, pru\u017eaju\u0107i mu dubinu i toplinu. Ovi zemljani tonovi dodaju zavodljivu notu i doprinose postojanosti mirisa tijekom \u010ditavog dana.<\/p>\n<p><strong>Miss Dior Cherie<\/strong> je omiljen me\u0111u strastvenim ljubiteljima parfema. Njegova neodoljiva harmonija slatkih i cvjetnih nota, upotpunjena zemljanim baznim notama, \u010dini ga suptilnim, a opet intrigantnim izborom. Ovaj miris vas vodi na putovanje kroz suptilnu eleganciju, isti\u010du\u0107i va\u0161u jedinstvenu \u017eenstvenost.<\/p>\n<p><strong>Miss Dior Cherie by Christian Dior<\/strong> je izbor za dame koje \u017eele da se istaknu sofisticiranim i nezaboravnim mirisom.<\/p>\n","protected":false},"excerpt":{"rendered":"<p>Miss Dior Cherie by Chrstian Dior\u00a0je omiljen me\u0111u strastvenim ljubiteljima parfema. Njegova neodoljiva harmonija slatkih i cvjetnih nota, upotpunjena zemljanim baznim notama, \u010dini ga suptilnim, a opet intrigantnim izborom. Ovaj miris vas vodi na putovanje kroz suptilnu eleganciju, isti\u010du\u0107i va\u0161u jedinstvenu \u017eenstvenost. Miss Dior Cherie by Christian Dior je izbor za dame koje se \u017eele istaknuti profinjenim i nezaboravnim mirisom.<\/p>\n","protected":false},"featured_media":27468,"comment_status":"open","ping_status":"closed","template":"","meta":{"_acf_changed":false},"product_brand":[],"product_cat":[192,186],"product_tag":[],"class_list":{"0":"post-1906","1":"product","2":"type-product","3":"status-publish","4":"has-post-thumbnail","6":"product_cat-dior-marka","7":"product_cat-za-zene","9":"first","10":"instock","11":"taxable","12":"shipping-taxable","13":"purchasable","14":"product-type-variable","15":"has-default-attributes"},"acf":[],"_links":{"self":[{"href":"https:\/\/nicolefragrance.se\/hr\/wp-json\/wp\/v2\/product\/1906","targetHints":{"allow":["GET"]}}],"collection":[{"href":"https:\/\/nicolefragrance.se\/hr\/wp-json\/wp\/v2\/product"}],"about":[{"href":"https:\/\/nicolefragrance.se\/hr\/wp-json\/wp\/v2\/types\/product"}],"replies":[{"embeddable":true,"href":"https:\/\/nicolefragrance.se\/hr\/wp-json\/wp\/v2\/comments?post=1906"}],"version-history":[{"count":0,"href":"https:\/\/nicolefragrance.se\/hr\/wp-json\/wp\/v2\/product\/1906\/revisions"}],"wp:featuredmedia":[{"embeddable":true,"href":"https:\/\/nicolefragrance.se\/hr\/wp-json\/wp\/v2\/media\/27468"}],"wp:attachment":[{"href":"https:\/\/nicolefragrance.se\/hr\/wp-json\/wp\/v2\/media?parent=1906"}],"wp:term":[{"taxonomy":"product_brand","embeddable":true,"href":"https:\/\/nicolefragrance.se\/hr\/wp-json\/wp\/v2\/product_brand?post=1906"},{"taxonomy":"product_cat","embeddable":true,"href":"https:\/\/nicolefragrance.se\/hr\/wp-json\/wp\/v2\/product_cat?post=1906"},{"taxonomy":"product_tag","embeddable":true,"href":"https:\/\/nicolefragrance.se\/hr\/wp-json\/wp\/v2\/product_tag?post=1906"}],"curies":[{"name":"wp","href":"https:\/\/api.w.org\/{rel}","templated":true}]}}