{"id":1894,"date":"2021-03-11T15:10:07","date_gmt":"2021-03-11T14:10:07","guid":{"rendered":"https:\/\/nicolefragrance.se\/?post_type=product&#038;p=1894"},"modified":"2025-07-08T14:21:41","modified_gmt":"2025-07-08T12:21:41","slug":"jennifer-lopez-miami-glow-nicole-edp","status":"publish","type":"product","link":"https:\/\/nicolefragrance.se\/hr\/proizvod\/jennifer-lopez-miami-glow-nicole-edp\/","title":{"rendered":"Nicole 115 EDP inspiriran s Miami Glow Jennifer Lopez"},"content":{"rendered":"<p><strong>Miami Glow by Jennifer Lopez<\/strong> je cvjetno-vo\u0107ni \u017eenski miris koji prenosi duh ljetnih ve\u010deri, zabave i slobode, uz senzualne note koje isti\u010du \u017eenstvenost i strast.<\/p>\n<p><strong>Miami Glow se<\/strong> otvara bujnim i so\u010dnim notama ru\u017ei\u010dastog grejpfruta, vode kokosa, marakuje i crnog ribizla. Ove vo\u0107ne arome doprinose svje\u017eini i energiji mirisa, stvaraju\u0107i \u017eivopisan do\u017eivljaj koji o\u017eivljava ljetne dane i no\u0107i. Srce ovog mirisa kombinira note cvjetova naran\u010de, heliotropa i ciklame, stvaraju\u0107i mje\u0161avinu koja je istovremeno slatka, cvjetna i senzualna. Ove cvjetne note doprinose dubini i \u017eenstvenosti mirisa, isti\u010du\u0107i senzualnu stranu \u017eene koja nosi ovaj parfem. Bazne note mirisa, koje \u010dine senzualna vanilija, mo\u0161us, svijetlo drvo i amber, doprinose dubini i toplini mirisne kompozicije. Ove note stvaraju senzualan i sun\u010dan zavr\u0161etak koji traje tijekom cijelog dana i no\u0107i, pru\u017eaju\u0107i osje\u0107aj udobnosti i elegancije.<\/p>\n<p><strong>Jennifer Lopez Miami Glow<\/strong> je savr\u0161en izbor za mlade \u017eene koje \u017eele da istaknu svoju energiju, \u017eenstvenost i samopouzdanje. Miami Glow je poput osvje\u017eavaju\u0107eg povjetarca koji o\u017eivljava duh ljeta i stvara osje\u0107aj slobode i strasti. U\u017eivajte u ljetu sa Miami Glow by Jennifer Lopez.<\/p>\n","protected":false},"excerpt":{"rendered":"<p>Miami Glow by Jennifer Lopez je cvjetno-vo\u0107ni \u017eenski miris koji prenosi duh ljetnih ve\u010deri, zabave i slobode, uz senzualne note koje isti\u010du \u017eenstvenost i strast. Ovaj parfem je savr\u0161en izbor za mlade \u017eene koje \u017eele da istaknu svoju energiju, \u017eenstvenost i samopouzdanje. Miami Glow je poput osvje\u017eavaju\u0107eg povjetarca koji o\u017eivljava duh ljeta i stvara osje\u0107aj slobode i strasti.<\/p>\n","protected":false},"featured_media":27479,"comment_status":"open","ping_status":"closed","template":"","meta":{"_acf_changed":false},"product_brand":[],"product_cat":[224,186],"product_tag":[],"class_list":{"0":"post-1894","1":"product","2":"type-product","3":"status-publish","4":"has-post-thumbnail","6":"product_cat-jennifer-lopez-marka","7":"product_cat-za-zene","9":"first","10":"instock","11":"taxable","12":"shipping-taxable","13":"purchasable","14":"product-type-variable","15":"has-default-attributes"},"acf":[],"_links":{"self":[{"href":"https:\/\/nicolefragrance.se\/hr\/wp-json\/wp\/v2\/product\/1894","targetHints":{"allow":["GET"]}}],"collection":[{"href":"https:\/\/nicolefragrance.se\/hr\/wp-json\/wp\/v2\/product"}],"about":[{"href":"https:\/\/nicolefragrance.se\/hr\/wp-json\/wp\/v2\/types\/product"}],"replies":[{"embeddable":true,"href":"https:\/\/nicolefragrance.se\/hr\/wp-json\/wp\/v2\/comments?post=1894"}],"version-history":[{"count":0,"href":"https:\/\/nicolefragrance.se\/hr\/wp-json\/wp\/v2\/product\/1894\/revisions"}],"wp:featuredmedia":[{"embeddable":true,"href":"https:\/\/nicolefragrance.se\/hr\/wp-json\/wp\/v2\/media\/27479"}],"wp:attachment":[{"href":"https:\/\/nicolefragrance.se\/hr\/wp-json\/wp\/v2\/media?parent=1894"}],"wp:term":[{"taxonomy":"product_brand","embeddable":true,"href":"https:\/\/nicolefragrance.se\/hr\/wp-json\/wp\/v2\/product_brand?post=1894"},{"taxonomy":"product_cat","embeddable":true,"href":"https:\/\/nicolefragrance.se\/hr\/wp-json\/wp\/v2\/product_cat?post=1894"},{"taxonomy":"product_tag","embeddable":true,"href":"https:\/\/nicolefragrance.se\/hr\/wp-json\/wp\/v2\/product_tag?post=1894"}],"curies":[{"name":"wp","href":"https:\/\/api.w.org\/{rel}","templated":true}]}}