{"id":1882,"date":"2021-03-11T14:50:20","date_gmt":"2021-03-11T13:50:20","guid":{"rendered":"https:\/\/nicolefragrance.se\/?post_type=product&#038;p=1882"},"modified":"2025-07-08T14:23:18","modified_gmt":"2025-07-08T12:23:18","slug":"lacoste-touch-of-pink-nicole-edp","status":"publish","type":"product","link":"https:\/\/nicolefragrance.se\/hr\/proizvod\/lacoste-touch-of-pink-nicole-edp\/","title":{"rendered":"Nicole 106 EDP inspiriran s Touch of Pink Lacoste"},"content":{"rendered":"<p><strong>Touch of Pink by Lacoste<\/strong> je \u017eenski parfem koji odi\u0161e energijom, svje\u017einom i rado\u0161\u0107u. Ovaj \u017eenstveni miris, predstavljen 2004. godine, prava je poslastica za sva osjetila.<\/p>\n<p>Na samom po\u010detku, Touch of Pink se otvara notama krvave naran\u010de, lista korijandera, kardamoma i breskve. Ove note stvaraju \u017eivahnu i vo\u0107nu eksploziju koja odmah privla\u010di pa\u017enju. Dok se miris razvija, u srcu \u0107ete osjetiti ne\u0161to neo\u010dekivano &#8211; miris mrkve i za\u010dinskih nota korijandera, \u0161to dodaje dubinu i kompleksnost ovom mirisu. Miris se zatvara drvenastim notama baze, blago omek\u0161anom vanilijom.<\/p>\n<p><strong>Touch of Pink by Lacoste<\/strong> je parfem namijenjen mla\u0111oj populaciji, ali se svakako mo\u017ee svidjeti svim ljubiteljima \u017eivopisnih i energi\u010dnih mirisa. Ovaj miris savr\u0161eno kombinira citrusne i slatke note, stvaraju\u0107i ravnote\u017eu koja je jednako privla\u010dna i osvje\u017eavaju\u0107a.<\/p>\n<p><strong>Lacoste Touch of Pink<\/strong> je pravi izbor za \u017eene koje vole da se bave sportom i koje vole da se osje\u0107aju \u017eivahno i puno energije. Ovaj miris \u0107e vam pomo\u0107i da istaknete svoju energi\u010dnu li\u010dnost i proslavite radost \u017eivljenja.<\/p>\n","protected":false},"excerpt":{"rendered":"<p>Touch of Pink by Lacoste je parfem namijenjen mla\u0111oj populaciji, ali se svakako mo\u017ee svidjeti svim ljubiteljima \u017eivopisnih i energi\u010dnih mirisa. Savr\u0161eno kombinira citrusne i slatke note, stvaraju\u0107i ravnote\u017eu koja je jednako privla\u010dna i osvje\u017eavaju\u0107a. Ovaj miris je pravi izbor za \u017eene koje se vole baviti sportom i osje\u0107aju \u017eivahno i puno energije.<\/p>\n","protected":false},"featured_media":27490,"comment_status":"open","ping_status":"closed","template":"","meta":{"_acf_changed":false},"product_brand":[],"product_cat":[194,186],"product_tag":[],"class_list":{"0":"post-1882","1":"product","2":"type-product","3":"status-publish","4":"has-post-thumbnail","6":"product_cat-lacoste-marka","7":"product_cat-za-zene","9":"first","10":"outofstock","11":"taxable","12":"shipping-taxable","13":"purchasable","14":"product-type-variable","15":"has-default-attributes"},"acf":[],"_links":{"self":[{"href":"https:\/\/nicolefragrance.se\/hr\/wp-json\/wp\/v2\/product\/1882","targetHints":{"allow":["GET"]}}],"collection":[{"href":"https:\/\/nicolefragrance.se\/hr\/wp-json\/wp\/v2\/product"}],"about":[{"href":"https:\/\/nicolefragrance.se\/hr\/wp-json\/wp\/v2\/types\/product"}],"replies":[{"embeddable":true,"href":"https:\/\/nicolefragrance.se\/hr\/wp-json\/wp\/v2\/comments?post=1882"}],"version-history":[{"count":0,"href":"https:\/\/nicolefragrance.se\/hr\/wp-json\/wp\/v2\/product\/1882\/revisions"}],"wp:featuredmedia":[{"embeddable":true,"href":"https:\/\/nicolefragrance.se\/hr\/wp-json\/wp\/v2\/media\/27490"}],"wp:attachment":[{"href":"https:\/\/nicolefragrance.se\/hr\/wp-json\/wp\/v2\/media?parent=1882"}],"wp:term":[{"taxonomy":"product_brand","embeddable":true,"href":"https:\/\/nicolefragrance.se\/hr\/wp-json\/wp\/v2\/product_brand?post=1882"},{"taxonomy":"product_cat","embeddable":true,"href":"https:\/\/nicolefragrance.se\/hr\/wp-json\/wp\/v2\/product_cat?post=1882"},{"taxonomy":"product_tag","embeddable":true,"href":"https:\/\/nicolefragrance.se\/hr\/wp-json\/wp\/v2\/product_tag?post=1882"}],"curies":[{"name":"wp","href":"https:\/\/api.w.org\/{rel}","templated":true}]}}