{"id":1870,"date":"2021-03-11T14:39:20","date_gmt":"2021-03-11T13:39:20","guid":{"rendered":"https:\/\/nicolefragrance.se\/?post_type=product&#038;p=1870"},"modified":"2025-07-08T14:52:34","modified_gmt":"2025-07-08T12:52:34","slug":"escada-island-kiss-nicole-edp","status":"publish","type":"product","link":"https:\/\/nicolefragrance.se\/hr\/proizvod\/escada-island-kiss-nicole-edp\/","title":{"rendered":"Nicole 102 EDP inspiriran s Island Kiss Escada"},"content":{"rendered":"<p><strong>Escada Island Kiss<\/strong> je \u017eenski parfem koji vas vodi na putovanje na pla\u017ee Kariba. Ovaj miris, lansiran 2011. godine, nosi sa sobom miris morske obale, slanog zraka i bujnih nota vo\u0107a i cvije\u0107a. To je miris koji nas podsje\u0107a na ljetne radosti i tropsku atmosferu.<\/p>\n<p>Gornje note parfema otvaraju se svje\u017eim notama naran\u010de, pasiflore i manga, isti\u010du\u0107i egzoti\u010dnu prirodu ovog mirisa. Ove note podsje\u0107aju na so\u010dne vo\u0107ne koktele na pla\u017ei, osvje\u017eavaju\u0107e i \u010darobne. U srcu ovog mirisa, otkrivamo vo\u0107ne note breskve i magnolije koje stvaraju tropsku harmoniju. osje\u0107ajte se kao da \u0161etate kroz bujne vo\u0107njake i vrtlarite u cvjetnim oazama. Baza mirisa donosi drvene note i senzualni mo\u0161us, dodaju\u0107i dubinu i trajnost parfemu. Ovo su note koje ostavljaju nezaboravan trag na ko\u017ei.<\/p>\n<p><strong>Island Kiss<\/strong> je idealan ljetni miris. Njegova svje\u017eina i egzoti\u010dni tonovi \u010dine ga savr\u0161enim izborom za tople, sun\u010dane dane. Ovaj miris je kao miris tropskog raja u bo\u010dici.<\/p>\n<p><strong>Escada Island Kiss<\/strong> je miris za \u017eene koje vole da u\u017eivaju u ljetnim radostima i eksperimenti\u0161u sa egzoti\u010dnim mirisima. Ponesite sa sobom miris tropskog raja uz <strong>Escada Island Kiss.<\/strong><\/p>\n","protected":false},"excerpt":{"rendered":"<p>Escada Island Kiss je idealan ljetni miris. Njegova svje\u017eina i egzoti\u010dni tonovi \u010dine ga savr\u0161enim izborom za tople, sun\u010dane dane. Ovaj miris je kao miris tropskog raja u bo\u010dici. Ovo je miris za \u017eene koje vole u\u017eivati u ljetnim radostima i eksperimentirati sa egzoti\u010dnim mirisima. Stoga, ponesite sa sobom miris tropskog raja uz Escada Island Kiss.<\/p>\n","protected":false},"featured_media":27501,"comment_status":"open","ping_status":"closed","template":"","meta":{"_acf_changed":false},"product_brand":[],"product_cat":[223,186],"product_tag":[],"class_list":{"0":"post-1870","1":"product","2":"type-product","3":"status-publish","4":"has-post-thumbnail","6":"product_cat-escada-marka","7":"product_cat-za-zene","9":"first","10":"instock","11":"taxable","12":"shipping-taxable","13":"purchasable","14":"product-type-variable","15":"has-default-attributes"},"acf":[],"_links":{"self":[{"href":"https:\/\/nicolefragrance.se\/hr\/wp-json\/wp\/v2\/product\/1870","targetHints":{"allow":["GET"]}}],"collection":[{"href":"https:\/\/nicolefragrance.se\/hr\/wp-json\/wp\/v2\/product"}],"about":[{"href":"https:\/\/nicolefragrance.se\/hr\/wp-json\/wp\/v2\/types\/product"}],"replies":[{"embeddable":true,"href":"https:\/\/nicolefragrance.se\/hr\/wp-json\/wp\/v2\/comments?post=1870"}],"version-history":[{"count":0,"href":"https:\/\/nicolefragrance.se\/hr\/wp-json\/wp\/v2\/product\/1870\/revisions"}],"wp:featuredmedia":[{"embeddable":true,"href":"https:\/\/nicolefragrance.se\/hr\/wp-json\/wp\/v2\/media\/27501"}],"wp:attachment":[{"href":"https:\/\/nicolefragrance.se\/hr\/wp-json\/wp\/v2\/media?parent=1870"}],"wp:term":[{"taxonomy":"product_brand","embeddable":true,"href":"https:\/\/nicolefragrance.se\/hr\/wp-json\/wp\/v2\/product_brand?post=1870"},{"taxonomy":"product_cat","embeddable":true,"href":"https:\/\/nicolefragrance.se\/hr\/wp-json\/wp\/v2\/product_cat?post=1870"},{"taxonomy":"product_tag","embeddable":true,"href":"https:\/\/nicolefragrance.se\/hr\/wp-json\/wp\/v2\/product_tag?post=1870"}],"curies":[{"name":"wp","href":"https:\/\/api.w.org\/{rel}","templated":true}]}}