{"id":1846,"date":"2021-03-11T11:24:12","date_gmt":"2021-03-11T10:24:12","guid":{"rendered":"https:\/\/nicolefragrance.se\/?post_type=product&#038;p=1846"},"modified":"2025-11-04T19:13:02","modified_gmt":"2025-11-04T18:13:02","slug":"naomi-campbell-nicole-edp","status":"publish","type":"product","link":"https:\/\/nicolefragrance.se\/hr\/proizvod\/naomi-campbell-nicole-edp\/","title":{"rendered":"Nicole 049 EDP inspiriran s Naomi Campbell"},"content":{"rendered":"<p><strong>Naomi Campbell<\/strong> je luksuzni parfem za \u017eene koji osvaja svojom orijentalno drvenom aromom. Ovaj parfem predstavlja suptilan spoj senzualnih i toplih nota, pravo oflaktorno remek-djelo koje je slavna manekenka prvi put predstavila sada ve\u0107 davne 1999. godine.<\/p>\n<p>Parfem se otvara kompleksnom kombinacijom nota kokosa, breskve, zvjezdastog anisa, pimenta, magnolije, cvijeta naran\u010de, mandarina i bergamota. U srcu parfema dominiraju heliotrop, cvjetne note, tuberoza, ru\u017ea, jasmin i \u0111ur\u0111evak. U srcu mirisa tako\u0111er le\u017ei egzoti\u010dna nota kaktusovog cvijeta koja o\u010darava svojom svje\u017einom i neobi\u010dnim \u0161armom. U osnovi ovog parfema osje\u0107aju se tonovi ambera, sandalovine i vanilije, \u0161to mu daje zavodljivu i senzualnu dubinu.<\/p>\n<p><strong>Naomi Campbell<\/strong> je parfem kreiran za \u017eene \u010diji je \u0161arm oblikovan vlastitim stilom i samopouzdanjem. To je postojan miris koji nikada ne izlazi iz mode, istovremeno privla\u010dan i zavodljiv i idealan za \u017eene sa sofisticiranim ukusom.<\/p>\n<p>Ova mirisna kompozicija je poput Naomi Campbell same &#8211; vje\u010dna, \u0161armantna i neodoljiva. Bez obzira na priliku, ovaj parfem \u0107e vas u\u010diniti primjetnom i neodoljivom. Zato neka <strong>Naomi Campbell<\/strong> parfem bude va\u0161e tajno &#8221;oru\u017eje&#8221; za posebne trenutke i romanti\u010dne susrete.<\/p>\n","protected":false},"excerpt":{"rendered":"<p>Naomi Campbell je luksuzni parfem za \u017eene koji osvaja svojom orijentalno drvenom aromom. Ovo je parfem kreiran za \u017eene \u010diji je \u0161arm oblikovan vlastitim stilom i samopouzdanjem. To je postojan miris koji nikada ne izlazi iz mode, istovremeno privla\u010dan i zavodljiv i idealan za \u017eene sa sofisticiranim ukusom. Ova mirisna kompozicija je poput Naomi Campbell same &#8211; vje\u010dna, \u0161armantna i neodoljiva.<\/p>\n","protected":false},"featured_media":27523,"comment_status":"open","ping_status":"closed","template":"","meta":{"_acf_changed":false},"product_brand":[],"product_cat":[222,186],"product_tag":[],"class_list":{"0":"post-1846","1":"product","2":"type-product","3":"status-publish","4":"has-post-thumbnail","6":"product_cat-naomi-campbell-marka","7":"product_cat-za-zene","9":"first","10":"instock","11":"taxable","12":"shipping-taxable","13":"purchasable","14":"product-type-variable","15":"has-default-attributes"},"acf":[],"_links":{"self":[{"href":"https:\/\/nicolefragrance.se\/hr\/wp-json\/wp\/v2\/product\/1846","targetHints":{"allow":["GET"]}}],"collection":[{"href":"https:\/\/nicolefragrance.se\/hr\/wp-json\/wp\/v2\/product"}],"about":[{"href":"https:\/\/nicolefragrance.se\/hr\/wp-json\/wp\/v2\/types\/product"}],"replies":[{"embeddable":true,"href":"https:\/\/nicolefragrance.se\/hr\/wp-json\/wp\/v2\/comments?post=1846"}],"version-history":[{"count":0,"href":"https:\/\/nicolefragrance.se\/hr\/wp-json\/wp\/v2\/product\/1846\/revisions"}],"wp:featuredmedia":[{"embeddable":true,"href":"https:\/\/nicolefragrance.se\/hr\/wp-json\/wp\/v2\/media\/27523"}],"wp:attachment":[{"href":"https:\/\/nicolefragrance.se\/hr\/wp-json\/wp\/v2\/media?parent=1846"}],"wp:term":[{"taxonomy":"product_brand","embeddable":true,"href":"https:\/\/nicolefragrance.se\/hr\/wp-json\/wp\/v2\/product_brand?post=1846"},{"taxonomy":"product_cat","embeddable":true,"href":"https:\/\/nicolefragrance.se\/hr\/wp-json\/wp\/v2\/product_cat?post=1846"},{"taxonomy":"product_tag","embeddable":true,"href":"https:\/\/nicolefragrance.se\/hr\/wp-json\/wp\/v2\/product_tag?post=1846"}],"curies":[{"name":"wp","href":"https:\/\/api.w.org\/{rel}","templated":true}]}}