{"id":1834,"date":"2021-03-11T10:04:48","date_gmt":"2021-03-11T09:04:48","guid":{"rendered":"https:\/\/nicolefragrance.se\/?post_type=product&#038;p=1834"},"modified":"2026-01-29T14:14:41","modified_gmt":"2026-01-29T13:14:41","slug":"calvin-klein-eternity-for-women-nicole-edp","status":"publish","type":"product","link":"https:\/\/nicolefragrance.se\/hr\/proizvod\/calvin-klein-eternity-for-women-nicole-edp\/","title":{"rendered":"Nicole 022 EDP inspiriran s Eternity For Women Calvin Klein"},"content":{"rendered":"<p><strong>Eternity For Women by Calvin Klein<\/strong> je \u017eenski parfem koji je postao ikona jo\u0161 1988. godine, a i danas odu\u0161evljava \u017eene \u0161irom svijeta svojom vje\u010dnom ljepotom i svje\u017einom. Ovaj cvjetni parfem nosi u sebi miris svje\u017eih ljetnih dana i osvaja svojom kombinacijom vo\u0107nih, cvjetnih i toplih nota koje odi\u0161u \u017eenstveno\u0161\u0107u i elegancijom.<\/p>\n<p>U samom srcu ovog mirisa isti\u010du se jasmin i bo\u017eur, stvaraju\u0107i cvjetni buket koji je neodoljivo privla\u010dan. Na vrhu mirisne piramide, nalaze se note so\u010dne kru\u0161ke i crnog ribizla koje pru\u017eaju osvje\u017eavaju\u0107i po\u010detak, dok su osnove ovog mirisa pa\u010duli i amber, daju\u0107i mu dubinu i toplinu koja traje.<\/p>\n<p><strong>Eternity For Women by Calvin Klein<\/strong> je poput vje\u010dne ode vrijednostima kao \u0161to su ljubav, porodica i mir. Ovaj \u017eenstveni, svje\u017ei i cvjetni miris razlikuje se od generi\u010dkih vo\u0107nih cvjetnih parfema i \u010dini vas posebnom. Savr\u0161en je izbor za formalne prilike, bilo da se radi o posebnom doga\u0111aju ili \u017eelite da naglasite svoju eleganciju svakodnevno.<\/p>\n<p>Uzmite miris koji \u0107e vas podsjetiti na svje\u017einu ljetneg dana i \u010duvati vje\u010dne vrijednosti \u017eenstvenosti. <strong>Calvin Klein Eternity For Women<\/strong> je miris koji ostavlja neizbrisiv utisak i \u010dini da se osje\u0107ate posebno u svakom trenutku.<\/p>\n","protected":false},"excerpt":{"rendered":"<p>Eternity For Women by Calvin Klein je poput vje\u010dne ode vrijednostima kao \u0161to su ljubav, porodica i mir. Ovaj \u017eenstveni, svje\u017ei i cvjetni miris razlikuje se od generi\u010dkih vo\u0107nih cvjetnih parfema i \u010dini vas posebnom. Savr\u0161en je izbor za formalne prilike, bilo da se radi o posebnom doga\u0111aju ili \u017eelite da naglasite svoju eleganciju svakodnevno.<\/p>\n","protected":false},"featured_media":27536,"comment_status":"open","ping_status":"closed","template":"","meta":{"_acf_changed":false},"product_brand":[],"product_cat":[209,186],"product_tag":[],"class_list":{"0":"post-1834","1":"product","2":"type-product","3":"status-publish","4":"has-post-thumbnail","6":"product_cat-calvin-klein-marka","7":"product_cat-za-zene","9":"first","10":"instock","11":"taxable","12":"shipping-taxable","13":"purchasable","14":"product-type-variable","15":"has-default-attributes"},"acf":[],"_links":{"self":[{"href":"https:\/\/nicolefragrance.se\/hr\/wp-json\/wp\/v2\/product\/1834","targetHints":{"allow":["GET"]}}],"collection":[{"href":"https:\/\/nicolefragrance.se\/hr\/wp-json\/wp\/v2\/product"}],"about":[{"href":"https:\/\/nicolefragrance.se\/hr\/wp-json\/wp\/v2\/types\/product"}],"replies":[{"embeddable":true,"href":"https:\/\/nicolefragrance.se\/hr\/wp-json\/wp\/v2\/comments?post=1834"}],"version-history":[{"count":0,"href":"https:\/\/nicolefragrance.se\/hr\/wp-json\/wp\/v2\/product\/1834\/revisions"}],"wp:featuredmedia":[{"embeddable":true,"href":"https:\/\/nicolefragrance.se\/hr\/wp-json\/wp\/v2\/media\/27536"}],"wp:attachment":[{"href":"https:\/\/nicolefragrance.se\/hr\/wp-json\/wp\/v2\/media?parent=1834"}],"wp:term":[{"taxonomy":"product_brand","embeddable":true,"href":"https:\/\/nicolefragrance.se\/hr\/wp-json\/wp\/v2\/product_brand?post=1834"},{"taxonomy":"product_cat","embeddable":true,"href":"https:\/\/nicolefragrance.se\/hr\/wp-json\/wp\/v2\/product_cat?post=1834"},{"taxonomy":"product_tag","embeddable":true,"href":"https:\/\/nicolefragrance.se\/hr\/wp-json\/wp\/v2\/product_tag?post=1834"}],"curies":[{"name":"wp","href":"https:\/\/api.w.org\/{rel}","templated":true}]}}