{"id":1822,"date":"2021-03-08T11:22:37","date_gmt":"2021-03-08T10:22:37","guid":{"rendered":"https:\/\/nicolefragrance.se\/?post_type=product&#038;p=1822"},"modified":"2025-09-15T14:25:48","modified_gmt":"2025-09-15T12:25:48","slug":"gabriela-sabatini-nicole-edp","status":"publish","type":"product","link":"https:\/\/nicolefragrance.se\/hr\/proizvod\/gabriela-sabatini-nicole-edp\/","title":{"rendered":"Nicole 011 EDP inspiriran s Gabriela Sabatini"},"content":{"rendered":"<p><strong>Gabriela Sabatini<\/strong> je \u017eenski parfem koji predstavlja sinonim za \u010distu eleganciju i suptilnu \u017eenstvenost. Lansiran 1989. godine, ovaj parfem nosi u sebi mirisnu pri\u010du koja \u0107e odu\u0161eviti svaku \u017eenu koja ga nosi.<\/p>\n<p>Prvi dodiri ovog parfema donose vam osje\u0107aj svje\u017eine i \u010disto\u0107e. U njima \u0107ete prepoznati note svje\u017eeg vo\u0107a, citrusni bergamot i opojne aldehide. Ovi po\u010detni utisci poput suptilnog pozdrava pozivaju vas da istra\u017eite dublje i otkrijete \u010darobni svijet <strong>Gabriela Sabatini mirisa<\/strong>. U srcu parfema nalaze se cvjetne note koje su kao buket bijelih cvjetova. Tu su cvjetovi zove, ru\u017ee, konvalije, jasmina i heliotropa, ukra\u0161eni bijelim cvjetovima naran\u010de. Ove \u010darobne note daju parfemu jedinstvenu dubinu i \u017eenstvenost.<\/p>\n<p>Iako mo\u017eda nije toliko istaknut kao neki drugi parfemi, <strong>Gabriela Sabatini parfem<\/strong> je prava dragocenost. Ovaj miris vas vodi na putovanje koje \u0107e vam se \u010diniti kao da se opu\u0161tate u luksuznoj kupki okru\u017eeni buketima bijelih cvjetova i ko\u0161aricama svje\u017eeg vo\u0107a.<\/p>\n<p><strong>Gabriela Sabatini<\/strong> je pravi izbor za dame koje cijene suptilnost i eleganciju u svakodnevnom \u017eivotu. Njegova harmoni\u010dna kombinacija svje\u017eine vo\u0107a i opojnih cvjetnih nota \u010dini ga savr\u0161enim izborom za bilo koje prilike, od poslovnih sastanaka do ve\u010derrnjih izlazaka. Ovaj parfem je prava tajna za one koji znaju da prava lijepota le\u017ei u suptilnosti.<\/p>\n","protected":false},"excerpt":{"rendered":"<p>Gabriela Sabatini je pravi izbor za dame koje cijene suptilnost i eleganciju u svakodnevnom \u017eivotu. Njegova harmoni\u010dna kombinacija svje\u017eine vo\u0107a i opojnih cvjetnih nota \u010dini ga savr\u0161enim izborom za bilo koje prilike, od poslovnih sastanaka do ve\u010derrnjih izlazaka. Ovaj parfem je prava tajna za one koji znaju da prava lijepota le\u017ei u suptilnosti.<\/p>\n","protected":false},"featured_media":27547,"comment_status":"open","ping_status":"closed","template":"","meta":{"_acf_changed":false},"product_brand":[],"product_cat":[221,186],"product_tag":[],"class_list":{"0":"post-1822","1":"product","2":"type-product","3":"status-publish","4":"has-post-thumbnail","6":"product_cat-gabriela-sabatini-marka","7":"product_cat-za-zene","9":"first","10":"instock","11":"taxable","12":"shipping-taxable","13":"purchasable","14":"product-type-variable","15":"has-default-attributes"},"acf":[],"_links":{"self":[{"href":"https:\/\/nicolefragrance.se\/hr\/wp-json\/wp\/v2\/product\/1822","targetHints":{"allow":["GET"]}}],"collection":[{"href":"https:\/\/nicolefragrance.se\/hr\/wp-json\/wp\/v2\/product"}],"about":[{"href":"https:\/\/nicolefragrance.se\/hr\/wp-json\/wp\/v2\/types\/product"}],"replies":[{"embeddable":true,"href":"https:\/\/nicolefragrance.se\/hr\/wp-json\/wp\/v2\/comments?post=1822"}],"version-history":[{"count":0,"href":"https:\/\/nicolefragrance.se\/hr\/wp-json\/wp\/v2\/product\/1822\/revisions"}],"wp:featuredmedia":[{"embeddable":true,"href":"https:\/\/nicolefragrance.se\/hr\/wp-json\/wp\/v2\/media\/27547"}],"wp:attachment":[{"href":"https:\/\/nicolefragrance.se\/hr\/wp-json\/wp\/v2\/media?parent=1822"}],"wp:term":[{"taxonomy":"product_brand","embeddable":true,"href":"https:\/\/nicolefragrance.se\/hr\/wp-json\/wp\/v2\/product_brand?post=1822"},{"taxonomy":"product_cat","embeddable":true,"href":"https:\/\/nicolefragrance.se\/hr\/wp-json\/wp\/v2\/product_cat?post=1822"},{"taxonomy":"product_tag","embeddable":true,"href":"https:\/\/nicolefragrance.se\/hr\/wp-json\/wp\/v2\/product_tag?post=1822"}],"curies":[{"name":"wp","href":"https:\/\/api.w.org\/{rel}","templated":true}]}}