{"id":1810,"date":"2021-03-08T10:41:43","date_gmt":"2021-03-08T09:41:43","guid":{"rendered":"https:\/\/nicolefragrance.se\/?post_type=product&#038;p=1810"},"modified":"2025-09-15T14:25:47","modified_gmt":"2025-09-15T12:25:47","slug":"laura-biagiotti-roma-nicole-edp","status":"publish","type":"product","link":"https:\/\/nicolefragrance.se\/hr\/proizvod\/laura-biagiotti-roma-nicole-edp\/","title":{"rendered":"Nicole 009 EDP inspiriran s Roma Laura Biagiotti"},"content":{"rendered":"<p><strong>Laura Biagiotti Roma<\/strong> je \u017eenski parfem lansiran 1988. godine. Izdvaja se elegancijom i bogatim mirisnim notama. Ovaj orijentalni za\u010dinski miris je stvoren za \u017eene koje te\u017ee sofisticiranosti i \u017eele se ista\u0107i u svakoj prilici.<\/p>\n<p>Gornje note ovog parfema kombiniraju ru\u017ei\u010dasti grejpfrut, svje\u017eu nanu, sicilijansku naran\u010du, crni ribizl i hijacint. U srcu ovog mirisa osje\u0107aju se karanfili\u0107, jasmin, ru\u017ea i \u0111ur\u0111evak, stvaraju\u0107i cvjetnu harmoniju. Miris se razvija u bazi sa notama smirne, ambera, vanilije, sandalovine, hrastove mahovine, civeta, singapurskog pa\u010dulija i mo\u0161usa.<\/p>\n<p><strong>Laura Biagiotti Roma <\/strong>je svijetli osvje\u017eavaju\u0107i parfem i savr\u0161en izbor za svaki dan u tjednu.<\/p>\n<p>Mirisi ovog parfema opisuju \u017eenu iz anti\u010dkog Rima &#8211; lijepu i vitku, okru\u017eenu mirom i obavijenu luksuzom. To je profil \u017eene koja nosi duboke emocije u sebi i koja se raduje malim stvarima. Potpuno \u017eenstvena \u017eena koja isti\u010de svoju sofisticiranost i eleganciju.<\/p>\n<p><strong>Laura Biagiotti Roma<\/strong> je miris luksuza i \u017eenstvenosti koji vas vodi na putovanje kroz vrijeme i prostor, nose\u0107i sa sobom notu anti\u010dke ljepote i modernog \u0161arma. Ovaj parfem je prava aroma za dame koje znaju da se istaknu svojom elegancijom i da ostave neizbrisiv utisak gdje god da se pojave.<\/p>\n","protected":false},"excerpt":{"rendered":"<p>Laura Biagiotti Roma je miris luksuza i \u017eenstvenosti koji vas vodi na putovanje kroz vrijeme i prostor, nose\u0107i sa sobom notu anti\u010dke ljepote i modernog \u0161arma. Ovaj parfem je prava aroma za dame koje znaju da se istaknu svojom elegancijom i da ostave neizbrisiv utisak gdje god da se pojave. Ovaj osvje\u017eavaju\u0107i parfem je savr\u0161en izbor za svaki dan u tjednu.<\/p>\n","protected":false},"featured_media":27559,"comment_status":"open","ping_status":"closed","template":"","meta":{"_acf_changed":false},"product_brand":[],"product_cat":[220,186],"product_tag":[],"class_list":{"0":"post-1810","1":"product","2":"type-product","3":"status-publish","4":"has-post-thumbnail","6":"product_cat-laura-biagiotti-marka","7":"product_cat-za-zene","9":"first","10":"outofstock","11":"taxable","12":"shipping-taxable","13":"purchasable","14":"product-type-variable","15":"has-default-attributes"},"acf":[],"_links":{"self":[{"href":"https:\/\/nicolefragrance.se\/hr\/wp-json\/wp\/v2\/product\/1810","targetHints":{"allow":["GET"]}}],"collection":[{"href":"https:\/\/nicolefragrance.se\/hr\/wp-json\/wp\/v2\/product"}],"about":[{"href":"https:\/\/nicolefragrance.se\/hr\/wp-json\/wp\/v2\/types\/product"}],"replies":[{"embeddable":true,"href":"https:\/\/nicolefragrance.se\/hr\/wp-json\/wp\/v2\/comments?post=1810"}],"version-history":[{"count":0,"href":"https:\/\/nicolefragrance.se\/hr\/wp-json\/wp\/v2\/product\/1810\/revisions"}],"wp:featuredmedia":[{"embeddable":true,"href":"https:\/\/nicolefragrance.se\/hr\/wp-json\/wp\/v2\/media\/27559"}],"wp:attachment":[{"href":"https:\/\/nicolefragrance.se\/hr\/wp-json\/wp\/v2\/media?parent=1810"}],"wp:term":[{"taxonomy":"product_brand","embeddable":true,"href":"https:\/\/nicolefragrance.se\/hr\/wp-json\/wp\/v2\/product_brand?post=1810"},{"taxonomy":"product_cat","embeddable":true,"href":"https:\/\/nicolefragrance.se\/hr\/wp-json\/wp\/v2\/product_cat?post=1810"},{"taxonomy":"product_tag","embeddable":true,"href":"https:\/\/nicolefragrance.se\/hr\/wp-json\/wp\/v2\/product_tag?post=1810"}],"curies":[{"name":"wp","href":"https:\/\/api.w.org\/{rel}","templated":true}]}}