{"id":1798,"date":"2021-03-08T10:26:30","date_gmt":"2021-03-08T09:26:30","guid":{"rendered":"https:\/\/nicolefragrance.se\/?post_type=product&#038;p=1798"},"modified":"2025-09-15T14:25:47","modified_gmt":"2025-09-15T12:25:47","slug":"kenzo-jungle-l-elephant-nicole-edp","status":"publish","type":"product","link":"https:\/\/nicolefragrance.se\/hr\/proizvod\/kenzo-jungle-l-elephant-nicole-edp\/","title":{"rendered":"Nicole 006 EDP inspiriran s Jungle L Elephant Kenzo"},"content":{"rendered":"<p><strong>Kenzo Jungle L&#8217;Elijephant<\/strong> je \u017eenski parfem koji sa sobom nosi mirisnu avanturu koja se pamti. Ovaj parfem klasificiran je kao sofisticiran i suptilan orijentalni miris, stvoren za \u017eene koje \u017eive sa stra\u0161\u0107u.<\/p>\n<p><strong>Jungle L&#8217;Elijephant by Kenzo<\/strong> otvara se nje\u017enom notom mandarine koja donosi svje\u017einu, dok za\u010dinske note kumina i klin\u010di\u0107a dodaju dubinu i toplinu. Ovaj po\u010detak je poput uvoda u tajanstvenu d\u017eunglu senzualnosti. U srcu parfema spajaju se cvjetni ylang-ylang, sladi\u0107, so\u010dni mango i heliotrop. Ove note \u010dine srce mirisa i dodaju slo\u017eenost, stvaraju\u0107i osje\u0107aj duboke privla\u010dnosti i senzualnosti. Bazne note ovog mirisa ostavljaju dubok, senzualan trag. Pa\u010duli, vanilija, amber i ka\u0161mir stvaraju toplinu i \u010dulnost koja traje na ko\u017ei. Ovaj zavr\u0161etak je poput dugotrajnog zagrljaja, pru\u017eaju\u0107i osje\u0107aj neopisive udobnosti i radosti.<\/p>\n<p><strong>Kenzo Jungle L&#8217;Elijephant<\/strong> je preporu\u010dljiv za romanti\u010dne trenutke i posebne prilike. Ovaj parfem vas okru\u017euje tajanstvenom senzualno\u0161\u0107u koja \u0107e zaintrigirati i privu\u0107i druge. To je miris koji stvara uspomene i ostavlja neizbrisiv utisak.<\/p>\n<p><strong>Kenzo Jungle L&#8217;Elijephant<\/strong> grli vas senzualno\u0161\u0107u i toplinom, \u010dine\u0107i svaki dan posebnim. Priu\u0161tite sebi luksuz da budete tajanstveni i privla\u010dni, i prigrlite miris koji \u0107e vas izdvojiti iz mase.<\/p>\n","protected":false},"excerpt":{"rendered":"<p>Kenzo Jungle L&#8217;Elijephant stvoren je za \u017eene koje \u017eive sa stra\u0161\u0107u. Ovaj parfem vas okru\u017euje tajanstvenom senzualno\u0161\u0107u koja \u0107e zaintrigirati i privu\u0107i druge. Preporu\u010dljiv je za romanti\u010dne trenutke i posebne prilike. To je miris koji stvara uspomene i ostavlja neizbrisiv utisak. Jungle L&#8217;Elijephant grli vas senzualno\u0161\u0107u i toplinom, \u010dine\u0107i svaki dan posebnim.<\/p>\n","protected":false},"featured_media":27570,"comment_status":"open","ping_status":"closed","template":"","meta":{"_acf_changed":false},"product_brand":[],"product_cat":[207,186],"product_tag":[],"class_list":{"0":"post-1798","1":"product","2":"type-product","3":"status-publish","4":"has-post-thumbnail","6":"product_cat-kenzo-marka","7":"product_cat-za-zene","9":"first","10":"instock","11":"taxable","12":"shipping-taxable","13":"purchasable","14":"product-type-variable","15":"has-default-attributes"},"acf":[],"_links":{"self":[{"href":"https:\/\/nicolefragrance.se\/hr\/wp-json\/wp\/v2\/product\/1798","targetHints":{"allow":["GET"]}}],"collection":[{"href":"https:\/\/nicolefragrance.se\/hr\/wp-json\/wp\/v2\/product"}],"about":[{"href":"https:\/\/nicolefragrance.se\/hr\/wp-json\/wp\/v2\/types\/product"}],"replies":[{"embeddable":true,"href":"https:\/\/nicolefragrance.se\/hr\/wp-json\/wp\/v2\/comments?post=1798"}],"version-history":[{"count":0,"href":"https:\/\/nicolefragrance.se\/hr\/wp-json\/wp\/v2\/product\/1798\/revisions"}],"wp:featuredmedia":[{"embeddable":true,"href":"https:\/\/nicolefragrance.se\/hr\/wp-json\/wp\/v2\/media\/27570"}],"wp:attachment":[{"href":"https:\/\/nicolefragrance.se\/hr\/wp-json\/wp\/v2\/media?parent=1798"}],"wp:term":[{"taxonomy":"product_brand","embeddable":true,"href":"https:\/\/nicolefragrance.se\/hr\/wp-json\/wp\/v2\/product_brand?post=1798"},{"taxonomy":"product_cat","embeddable":true,"href":"https:\/\/nicolefragrance.se\/hr\/wp-json\/wp\/v2\/product_cat?post=1798"},{"taxonomy":"product_tag","embeddable":true,"href":"https:\/\/nicolefragrance.se\/hr\/wp-json\/wp\/v2\/product_tag?post=1798"}],"curies":[{"name":"wp","href":"https:\/\/api.w.org\/{rel}","templated":true}]}}