{"id":1786,"date":"2021-03-08T08:46:55","date_gmt":"2021-03-08T07:46:55","guid":{"rendered":"https:\/\/nicolefragrance.se\/?post_type=product&#038;p=1786"},"modified":"2025-09-15T14:25:46","modified_gmt":"2025-09-15T12:25:46","slug":"cacharel-noa-nicole-edp","status":"publish","type":"product","link":"https:\/\/nicolefragrance.se\/hr\/proizvod\/cacharel-noa-nicole-edp\/","title":{"rendered":"Nicole 002 EDP inspiriran s Noa Cacharel"},"content":{"rendered":"<p><strong>Cacharel Noa<\/strong> je miris koji je osvojio srca \u017eena \u0161irom svijeta od svog lansiranja 1998. godine. Ovaj \u010darobni miris pripada porodici cvjetnih drvenih mo\u0161usnih parfema i donosi notu transparentne svje\u017eine i nje\u017enosti.<\/p>\n<p>Noa je poput nje\u017enog \u0161apta &#8211; \u017eenstven i suptilan, lagane teksture, ali sa primjetnim prisustvom. Ovaj miris se otvara osvje\u017eavaju\u0107im notama frezije, ko\u017ee breskve, bo\u017eura i mo\u0161usa, \u010dine\u0107i prvi dodir nje\u017enim, ali i prepoznatljivim. Srce mirisa \u010dine bijele cvjetne note &#8211; jasmin, ilang-ilang i ru\u017ea. Ovi cvjetni akordi doprinose dubini i bogatstvu, stvaraju\u0107i osje\u0107aj harmonije i ravnote\u017ee. Baza mirisa je drveno-mo\u0161usna sa primjetnim notama kave i tamjana. Ova kombinacija dodaje zemaljsku dubinu mirisu i \u010dini ga dugotrajnim.<\/p>\n<p><strong>Cacharel Noa<\/strong> je kao oda miru. Ovaj \u017eenski parfem je dizajniran da pru\u017ei osje\u0107aj smirenosti i sre\u0107e. To je miris nje\u017enosti, harmonije i \u017eenstvenosti. Noa je vi\u0161e od mirisa &#8211; to je iskustvo koje budi sva va\u0161a osjetila i \u010dini da se osje\u0107ate posebno i zadovoljno.<\/p>\n<p><strong>Cacharel Noa<\/strong> je miris koji traje i ostavlja neizbrisiv trag u sje\u0107anju.<\/p>\n","protected":false},"excerpt":{"rendered":"<p>Cacharel Noa je kao oda miru. Ovaj \u017eenstveni parfem je dizajniran da pru\u017ei osje\u0107aj smirenosti i sre\u0107e. To je miris nje\u017enosti, harmonije i \u017eenstvenosti. Noa je vi\u0161e od mirisa &#8211; to je iskustvo koje budi sva va\u0161a osjetila i \u010dini da se osje\u0107ate posebno i zadovoljno. Noa je miris koji traje i ostavlja neizbrisiv trag u sje\u0107anju.<\/p>\n","protected":false},"featured_media":27581,"comment_status":"open","ping_status":"closed","template":"","meta":{"_acf_changed":false},"product_brand":[],"product_cat":[219,186],"product_tag":[],"class_list":{"0":"post-1786","1":"product","2":"type-product","3":"status-publish","4":"has-post-thumbnail","6":"product_cat-cacharel-marka","7":"product_cat-za-zene","9":"first","10":"instock","11":"taxable","12":"shipping-taxable","13":"purchasable","14":"product-type-variable","15":"has-default-attributes"},"acf":[],"_links":{"self":[{"href":"https:\/\/nicolefragrance.se\/hr\/wp-json\/wp\/v2\/product\/1786","targetHints":{"allow":["GET"]}}],"collection":[{"href":"https:\/\/nicolefragrance.se\/hr\/wp-json\/wp\/v2\/product"}],"about":[{"href":"https:\/\/nicolefragrance.se\/hr\/wp-json\/wp\/v2\/types\/product"}],"replies":[{"embeddable":true,"href":"https:\/\/nicolefragrance.se\/hr\/wp-json\/wp\/v2\/comments?post=1786"}],"version-history":[{"count":0,"href":"https:\/\/nicolefragrance.se\/hr\/wp-json\/wp\/v2\/product\/1786\/revisions"}],"wp:featuredmedia":[{"embeddable":true,"href":"https:\/\/nicolefragrance.se\/hr\/wp-json\/wp\/v2\/media\/27581"}],"wp:attachment":[{"href":"https:\/\/nicolefragrance.se\/hr\/wp-json\/wp\/v2\/media?parent=1786"}],"wp:term":[{"taxonomy":"product_brand","embeddable":true,"href":"https:\/\/nicolefragrance.se\/hr\/wp-json\/wp\/v2\/product_brand?post=1786"},{"taxonomy":"product_cat","embeddable":true,"href":"https:\/\/nicolefragrance.se\/hr\/wp-json\/wp\/v2\/product_cat?post=1786"},{"taxonomy":"product_tag","embeddable":true,"href":"https:\/\/nicolefragrance.se\/hr\/wp-json\/wp\/v2\/product_tag?post=1786"}],"curies":[{"name":"wp","href":"https:\/\/api.w.org\/{rel}","templated":true}]}}