{"id":1774,"date":"2021-01-13T16:52:46","date_gmt":"2021-01-13T15:52:46","guid":{"rendered":"https:\/\/nicolefragrance.se\/?post_type=product&#038;p=1774"},"modified":"2025-07-11T07:39:42","modified_gmt":"2025-07-11T05:39:42","slug":"michael-kors-wonderlust-nicole-edp","status":"publish","type":"product","link":"https:\/\/nicolefragrance.se\/hr\/proizvod\/michael-kors-wonderlust-nicole-edp\/","title":{"rendered":"Nicole 2016 EDP inspiriran s Wonderlust Michael Kors"},"content":{"rendered":"<p><strong>Wonderlust by Michael Kors<\/strong> je mirisna avantura koja osvaja srca \u017eena \u0161irom svijeta. Ovaj amber-cvjetni parfem za \u017eene lansiran je 2016. godine i od tada je postao neizostavan dio kolekcije svake prave ljubiteljke luksuznih mirisnih nota.<\/p>\n<p>U vrhu mirisne piramide dominiraju note bademovog mlijeka, stvaraju\u0107i neodoljivu slatko\u0107u koja mami osjetila. U samom srcu mirisa isti\u010de se heliotrop, pridru\u017euju\u0107i se bademovom mlijeku i stvaraju\u0107i cvjetno iskustvo koje o\u010darava svojom svje\u017einom. Osnovu mirisa \u010dini benzoin, prirodna smola sa Tajlanda, koja dodatno nagla\u0161ava toplinu, dok za\u010dinjena slatko\u0107a cimeta ostavlja nezaboravan utisak.<\/p>\n<p><strong>Wonderlust by Michael Kors<\/strong> je ne samo miris, ve\u0107 putovanje u svijet senzualnosti i \u017eenstvenosti. Ovaj prelijep i izuzetan \u017eenski parfem plijeni pa\u017enju svojom jedinstvenom kombinacijom sastojaka, \u010dine\u0107i ga izuzetno ugodnim i pogodnim za kupovinu naslijepo. Stoga je siguran izbor bez obzira na va\u0161e uobi\u010dajene afinitete prema mirisima.<\/p>\n<p>Ovaj miris je dizajniran da bude masovno privla\u010dan, istovremeno zadr\u017eavaju\u0107i notu individualnosti. <strong>Wonderlust<\/strong> je vi\u0161e od parfema &#8211; to je izjava stila, sofisticiranosti i neodoljive privla\u010dnosti. Savr\u0161en za svaku priliku, ovaj parfem \u0107e vas nositi na putovanje mirisnih \u010duda, ostavljaju\u0107i za sobom nezaboravan trag gdje god da kro\u010dite.<\/p>\n<p>Ukoliko \u017eelite da dodate da\u0161ak luksuza i senzualnosti u svoju svakodnevicu, <strong>Wonderlust by Michael Kors<\/strong> je pravi izbor.<\/p>\n","protected":false},"excerpt":{"rendered":"<p>Wonderlust by Michael Kors je mirisna avantura koja osvaja srca \u017eena \u0161irom svijeta. Ovaj miris je dizajniran da bude masovno privla\u010dan, istovremeno zadr\u017eavaju\u0107i notu individualnosti. Savr\u0161en za svaku priliku, ovaj parfem \u0107e vas nositi na putovanje mirisnih \u010duda, ostavljaju\u0107i za sobom nezaboravan trag gdje god da kro\u010dite.<\/p>\n","protected":false},"featured_media":28766,"comment_status":"open","ping_status":"closed","template":"","meta":{"_acf_changed":false},"product_brand":[],"product_cat":[218,186],"product_tag":[],"class_list":{"0":"post-1774","1":"product","2":"type-product","3":"status-publish","4":"has-post-thumbnail","6":"product_cat-michael-kors-marka","7":"product_cat-za-zene","9":"first","10":"outofstock","11":"taxable","12":"shipping-taxable","13":"purchasable","14":"product-type-variable","15":"has-default-attributes"},"acf":[],"_links":{"self":[{"href":"https:\/\/nicolefragrance.se\/hr\/wp-json\/wp\/v2\/product\/1774","targetHints":{"allow":["GET"]}}],"collection":[{"href":"https:\/\/nicolefragrance.se\/hr\/wp-json\/wp\/v2\/product"}],"about":[{"href":"https:\/\/nicolefragrance.se\/hr\/wp-json\/wp\/v2\/types\/product"}],"replies":[{"embeddable":true,"href":"https:\/\/nicolefragrance.se\/hr\/wp-json\/wp\/v2\/comments?post=1774"}],"version-history":[{"count":0,"href":"https:\/\/nicolefragrance.se\/hr\/wp-json\/wp\/v2\/product\/1774\/revisions"}],"wp:featuredmedia":[{"embeddable":true,"href":"https:\/\/nicolefragrance.se\/hr\/wp-json\/wp\/v2\/media\/28766"}],"wp:attachment":[{"href":"https:\/\/nicolefragrance.se\/hr\/wp-json\/wp\/v2\/media?parent=1774"}],"wp:term":[{"taxonomy":"product_brand","embeddable":true,"href":"https:\/\/nicolefragrance.se\/hr\/wp-json\/wp\/v2\/product_brand?post=1774"},{"taxonomy":"product_cat","embeddable":true,"href":"https:\/\/nicolefragrance.se\/hr\/wp-json\/wp\/v2\/product_cat?post=1774"},{"taxonomy":"product_tag","embeddable":true,"href":"https:\/\/nicolefragrance.se\/hr\/wp-json\/wp\/v2\/product_tag?post=1774"}],"curies":[{"name":"wp","href":"https:\/\/api.w.org\/{rel}","templated":true}]}}