{"id":1762,"date":"2021-01-13T16:52:41","date_gmt":"2021-01-13T15:52:41","guid":{"rendered":"https:\/\/nicolefragrance.se\/?post_type=product&#038;p=1762"},"modified":"2025-07-08T20:17:52","modified_gmt":"2025-07-08T18:17:52","slug":"chloe-2008-nicole-edp","status":"publish","type":"product","link":"https:\/\/nicolefragrance.se\/hr\/proizvod\/chloe-2008-nicole-edp\/","title":{"rendered":"Nicole 172 EDP inspiriran s Chloe 2008 Chloe"},"content":{"rendered":"<p><strong>Chloe 2008<\/strong> je mirisna poema koja je lansirana iste godine i predstavlja izuzetno \u017eenstven miris sa karakterom koji plijeni svojom svje\u017einom i senzualno\u0161\u0107u.<\/p>\n<p>Glavne note ovog \u017eenskog mirisa uklju\u010duju ru\u017eu, bo\u017eur, li\u010di i freziju. Ova harmoni\u010dna kombinacija nota stvara nevidljivi obla\u010di\u0107 izuzetnog mirisa koji okru\u017euje nosioca ovog parfema.<\/p>\n<p>Ovaj miris je \u017eenstven, ali ne na uobi\u010dajeni i klasi\u010dan na\u010din. Njegove note su majstorski isprepletene i ple\u0161u zajedno na na\u010din koji istovremeno izaziva divljenje i hrabrost. Chloe 2008 pru\u017ea osje\u0107aj luksuza, bar\u0161unastosti i mladala\u010dkog duha.<\/p>\n<p><strong>Chloe 2008<\/strong> je parfem koji traje. Njegova svje\u017eina se odr\u017eava tijekom cijelog dana, \u010dine\u0107i ga idealnim izborom za \u017eene koje \u017eele da ostanu svje\u017ee i prepoznatljive bez obzira na vrijeme i situaciju.<\/p>\n<p><strong>Chloe 2008<\/strong> je miris za samouvjerene i hrabre \u017eene koje \u017eele da izraze svoju \u017eenstvenost na svoj jedinstven na\u010din. Njegove note su luksuzne, ali ne preoptere\u0107uju\u0107e, stvaraju\u0107i osje\u0107aj svje\u017eine i elegancije koji \u0107e vas pratiti tijekom cijelog dana.<\/p>\n<p>Ovaj miris je izra\u017eajan, hrabar i prefinjen &#8211; ba\u0161 kao i \u017eena koja ga nosi.<\/p>\n","protected":false},"excerpt":{"rendered":"<p>Chloe 2008 je miris za samouvjerene i hrabre \u017eene koje \u017eele da izraze svoju \u017eenstvenost na svoj jedinstven na\u010din. Njegove note su luksuzne, ali ne preoptere\u0107uju\u0107e, stvaraju\u0107i osje\u0107aj svje\u017eine i elegancije koji \u0107e vas pratiti tijekom cijelog dana. Ovaj miris je izra\u017eajan, hrabar i profinjen &#8211; ba\u0161 kao i \u017eena koja ga nosi.<\/p>\n","protected":false},"featured_media":27592,"comment_status":"open","ping_status":"closed","template":"","meta":{"_acf_changed":false},"product_brand":[],"product_cat":[212,186],"product_tag":[],"class_list":{"0":"post-1762","1":"product","2":"type-product","3":"status-publish","4":"has-post-thumbnail","6":"product_cat-chloe-marka","7":"product_cat-za-zene","9":"first","10":"instock","11":"taxable","12":"shipping-taxable","13":"purchasable","14":"product-type-variable","15":"has-default-attributes"},"acf":[],"_links":{"self":[{"href":"https:\/\/nicolefragrance.se\/hr\/wp-json\/wp\/v2\/product\/1762","targetHints":{"allow":["GET"]}}],"collection":[{"href":"https:\/\/nicolefragrance.se\/hr\/wp-json\/wp\/v2\/product"}],"about":[{"href":"https:\/\/nicolefragrance.se\/hr\/wp-json\/wp\/v2\/types\/product"}],"replies":[{"embeddable":true,"href":"https:\/\/nicolefragrance.se\/hr\/wp-json\/wp\/v2\/comments?post=1762"}],"version-history":[{"count":0,"href":"https:\/\/nicolefragrance.se\/hr\/wp-json\/wp\/v2\/product\/1762\/revisions"}],"wp:featuredmedia":[{"embeddable":true,"href":"https:\/\/nicolefragrance.se\/hr\/wp-json\/wp\/v2\/media\/27592"}],"wp:attachment":[{"href":"https:\/\/nicolefragrance.se\/hr\/wp-json\/wp\/v2\/media?parent=1762"}],"wp:term":[{"taxonomy":"product_brand","embeddable":true,"href":"https:\/\/nicolefragrance.se\/hr\/wp-json\/wp\/v2\/product_brand?post=1762"},{"taxonomy":"product_cat","embeddable":true,"href":"https:\/\/nicolefragrance.se\/hr\/wp-json\/wp\/v2\/product_cat?post=1762"},{"taxonomy":"product_tag","embeddable":true,"href":"https:\/\/nicolefragrance.se\/hr\/wp-json\/wp\/v2\/product_tag?post=1762"}],"curies":[{"name":"wp","href":"https:\/\/api.w.org\/{rel}","templated":true}]}}