{"id":1738,"date":"2021-01-13T16:42:48","date_gmt":"2021-01-13T15:42:48","guid":{"rendered":"https:\/\/nicolefragrance.se\/?post_type=product&#038;p=1738"},"modified":"2025-07-08T20:25:54","modified_gmt":"2025-07-08T18:25:54","slug":"givenchy-irresistible-nicole-edp","status":"publish","type":"product","link":"https:\/\/nicolefragrance.se\/hr\/proizvod\/givenchy-irresistible-nicole-edp\/","title":{"rendered":"Nicole 2018 EDP inspiriran s Irresistible Givenchy"},"content":{"rendered":"<p><strong>Givenchy Irresistible<\/strong> je po mnogima neodoljiv parfem koji isti\u010de eleganciju i \u017eenstvenost. Ovaj \u017eenski parfem predstavlja spoj cvjetnih i drvenastih nota, sa fokusom na rasko\u0161nu ru\u017eu i svijetlim drvetom koje se sjedinjuju u neodoljivu harmoniju.<\/p>\n<p>Gornje note ovog mirisa otvaraju se svje\u017eim vo\u0107nim notama kru\u0161ke i ambrete, dodaju\u0107i suptilnu vibraciju. Srce ovog mirisa otkriva bogatu cvjetnu notu ru\u017ee koja dodaje eleganciju i \u017eenstvenost. U osnovi, osje\u0107a se nje\u017ena mirisna nota mo\u0161usa koja dodaje dubinu i toplinu ovom parfemu.<\/p>\n<p>Givenchy je kreirao ovaj miris za neodoljivu \u017eenu, za \u017eenu koja zra\u010di samopouzdanjem i privla\u010dno\u0161\u0107u. <strong>Givenchy Irresistible<\/strong> je dugotrajan i zadr\u017eava svoju prisutnost na ko\u017ei tijekom cijelog dana, \u010dak i nakon 7 sati.<\/p>\n<p><strong>Givenchy Irresistible<\/strong> simbolizira slobodnu i neodoljivu \u017eenu, \u017eenu sa sna\u017enim magnetnim \u0161armom. Ovaj miris je savr\u0161en izbor za \u017eene koje \u017eele da istaknu svoju eleganciju i sofisticiranost, ostavljaju\u0107i neodoljiv utisak gdje god da se pojave.<\/p>\n","protected":false},"excerpt":{"rendered":"<p>Givenchy Irresistible je po mnogima neodoljiv parfem koji isti\u010de eleganciju i \u017eenstvenost. Givenchy je kreirao ovaj miris za neodoljivu \u017eenu, za \u017eenu koja zra\u010di samopouzdanjem i privla\u010dno\u0161\u0107u. Ovaj miris je savr\u0161en izbor za \u017eene koje \u017eele da istaknu svoju eleganciju i sofisticiranost, ostavljaju\u0107i neodoljiv utisak gdje god da se pojave.<\/p>\n","protected":false},"featured_media":27637,"comment_status":"open","ping_status":"closed","template":"","meta":{"_acf_changed":false},"product_brand":[],"product_cat":[200,186],"product_tag":[],"class_list":{"0":"post-1738","1":"product","2":"type-product","3":"status-publish","4":"has-post-thumbnail","6":"product_cat-givenchy-marka","7":"product_cat-za-zene","9":"first","10":"instock","11":"taxable","12":"shipping-taxable","13":"purchasable","14":"product-type-variable","15":"has-default-attributes"},"acf":[],"_links":{"self":[{"href":"https:\/\/nicolefragrance.se\/hr\/wp-json\/wp\/v2\/product\/1738","targetHints":{"allow":["GET"]}}],"collection":[{"href":"https:\/\/nicolefragrance.se\/hr\/wp-json\/wp\/v2\/product"}],"about":[{"href":"https:\/\/nicolefragrance.se\/hr\/wp-json\/wp\/v2\/types\/product"}],"replies":[{"embeddable":true,"href":"https:\/\/nicolefragrance.se\/hr\/wp-json\/wp\/v2\/comments?post=1738"}],"version-history":[{"count":0,"href":"https:\/\/nicolefragrance.se\/hr\/wp-json\/wp\/v2\/product\/1738\/revisions"}],"wp:featuredmedia":[{"embeddable":true,"href":"https:\/\/nicolefragrance.se\/hr\/wp-json\/wp\/v2\/media\/27637"}],"wp:attachment":[{"href":"https:\/\/nicolefragrance.se\/hr\/wp-json\/wp\/v2\/media?parent=1738"}],"wp:term":[{"taxonomy":"product_brand","embeddable":true,"href":"https:\/\/nicolefragrance.se\/hr\/wp-json\/wp\/v2\/product_brand?post=1738"},{"taxonomy":"product_cat","embeddable":true,"href":"https:\/\/nicolefragrance.se\/hr\/wp-json\/wp\/v2\/product_cat?post=1738"},{"taxonomy":"product_tag","embeddable":true,"href":"https:\/\/nicolefragrance.se\/hr\/wp-json\/wp\/v2\/product_tag?post=1738"}],"curies":[{"name":"wp","href":"https:\/\/api.w.org\/{rel}","templated":true}]}}