{"id":1714,"date":"2021-01-13T16:42:48","date_gmt":"2021-01-13T15:42:48","guid":{"rendered":"https:\/\/nicolefragrance.se\/?post_type=product&#038;p=1714"},"modified":"2025-09-06T13:20:52","modified_gmt":"2025-09-06T11:20:52","slug":"carolina-herrera-212-summer-2013-nicole-edp","status":"publish","type":"product","link":"https:\/\/nicolefragrance.se\/hr\/proizvod\/carolina-herrera-212-summer-2013-nicole-edp\/","title":{"rendered":"Nicole 167 EDP inspiriran s 212 Summer Carolina Herrera"},"content":{"rendered":"<p><strong>212 Summer by Carolina Herrera<\/strong> je \u017eenski parfem lansiran 2013. godine. inspiriran je bojama zalaska sunca i prenosi svje\u017e, mladala\u010dki duh ljetnih tuluma i zabava na terasama New Yorka.<\/p>\n<p>Ovaj miris zapo\u010dinje izuzetno svje\u017eim notama limuna, bergamota i mandarine. Ovo otvaranje je poput osvje\u017eavaju\u0107eg tu\u0161iranja koje budi sva osjetila. Citrusne note pru\u017eaju energiju i pozitivan duh. Srce mirisa uhvata \u017eenstvenost bijelih cvjetova jasmina i ilang-ilanga, dopunjena slatko\u0107om maline. Ove note stvaraju cvjetno vo\u0107ni akord koji je nje\u017ean i privla\u010dan. Senzualna baza ovog mirisa sastoji se od \u0161afrana, ambera, mo\u0161usa i toplih drvenih nota. Ovi sastojci dodaju dubinu i toplinu mirisu, \u010dine\u0107i ga savr\u0161enim za ljetne ve\u010deri.<\/p>\n<p><strong>Carolina Herrera 212 Summer<\/strong> je miris koji savr\u0161eno odra\u017eava duh ljeta. Istovremeno, to je miris koji slavi \u017eenstvenost i raduje se svakom trenutku.<\/p>\n<p><strong>212 Summer<\/strong> je miris koji vas poziva da u\u017eivate u \u010darima ljetnih dana i ve\u010deri. Njegove svje\u017ee i vo\u0107no-cvjetne note \u010dine ga savr\u0161enim izborom za toplije dane i ve\u010deri. Osjetite duh ljeta sa ovim mirisom inspiriranim New Zorkom &#8211; gradom koji nikada ne spava.<\/p>\n","protected":false},"excerpt":{"rendered":"<p>Carolina Herrera 212 Summer je miris koji savr\u0161eno odra\u017eava duh ljeta. istovremeno, to je miris koji slavi \u017eenstvenost i raduje se svakom trenutku. 212 Summer je miris koji vas poziva da u\u017eivate u \u010darima ljetnih dana i ve\u010deri. Njegove svje\u017ee i vo\u0107no-cvjetne note \u010dine ga savr\u0161enim izborom za toplije dane i ve\u010deri. Osjetite duh ljeta sa ovim mirisom inspiriranim New Yorkom &#8211; gradom koji nikada ne spava.<\/p>\n","protected":false},"featured_media":27615,"comment_status":"open","ping_status":"closed","template":"","meta":{"_acf_changed":false},"product_brand":[],"product_cat":[677,621],"product_tag":[],"class_list":{"0":"post-1714","1":"product","2":"type-product","3":"status-publish","4":"has-post-thumbnail","6":"product_cat-carolina-herrera-marke","7":"product_cat-for-kvinnor","9":"first","10":"instock","11":"taxable","12":"shipping-taxable","13":"purchasable","14":"product-type-variable","15":"has-default-attributes"},"acf":[],"_links":{"self":[{"href":"https:\/\/nicolefragrance.se\/hr\/wp-json\/wp\/v2\/product\/1714","targetHints":{"allow":["GET"]}}],"collection":[{"href":"https:\/\/nicolefragrance.se\/hr\/wp-json\/wp\/v2\/product"}],"about":[{"href":"https:\/\/nicolefragrance.se\/hr\/wp-json\/wp\/v2\/types\/product"}],"replies":[{"embeddable":true,"href":"https:\/\/nicolefragrance.se\/hr\/wp-json\/wp\/v2\/comments?post=1714"}],"version-history":[{"count":0,"href":"https:\/\/nicolefragrance.se\/hr\/wp-json\/wp\/v2\/product\/1714\/revisions"}],"wp:featuredmedia":[{"embeddable":true,"href":"https:\/\/nicolefragrance.se\/hr\/wp-json\/wp\/v2\/media\/27615"}],"wp:attachment":[{"href":"https:\/\/nicolefragrance.se\/hr\/wp-json\/wp\/v2\/media?parent=1714"}],"wp:term":[{"taxonomy":"product_brand","embeddable":true,"href":"https:\/\/nicolefragrance.se\/hr\/wp-json\/wp\/v2\/product_brand?post=1714"},{"taxonomy":"product_cat","embeddable":true,"href":"https:\/\/nicolefragrance.se\/hr\/wp-json\/wp\/v2\/product_cat?post=1714"},{"taxonomy":"product_tag","embeddable":true,"href":"https:\/\/nicolefragrance.se\/hr\/wp-json\/wp\/v2\/product_tag?post=1714"}],"curies":[{"name":"wp","href":"https:\/\/api.w.org\/{rel}","templated":true}]}}