{"id":1702,"date":"2021-01-13T16:42:37","date_gmt":"2021-01-13T15:42:37","guid":{"rendered":"https:\/\/nicolefragrance.se\/?post_type=product&#038;p=1702"},"modified":"2025-07-08T20:28:21","modified_gmt":"2025-07-08T18:28:21","slug":"dolcegabbana-intense-nicole-edp","status":"publish","type":"product","link":"https:\/\/nicolefragrance.se\/hr\/proizvod\/dolcegabbana-intense-nicole-edp\/","title":{"rendered":"Nicole 161 EDP inspiriran s Intense Dolce &#038; Gabbana"},"content":{"rendered":"<p><strong>Intense by Dolce &amp; Gabbana<\/strong> je mirisna simfonija koja je lansirana 2013. godine, a koja o\u010darava svojom dubokom senzualno\u0161\u0107u i intenzivnom slatko\u0107om. Ovaj \u017eenski miris donosi sa sobom notu svje\u017eine, cvjetne akcente i toplinu slatkih nota kako bi stvorio mirisno iskustvo koje ostavlja neizbrisiv utisak.<\/p>\n<p>Parfem se otvara osvje\u017eavaju\u0107im notama zelene mandarine i nerolija. Ove note stvaraju energi\u010dan po\u010detak, poput prvih sun\u010devih zraka u jutarnjim satima. Ovo je trenutak koji vas budi i priprema za dan pred vama. Srce ovog mirisa isti\u010de se bujnim cvjetnim notama tuberoze i cvijeta naran\u010dinog drveta. Ovi cvjetovi donose dubinu i \u017eenstvenost ovom mirisu, pru\u017eaju\u0107i vam osje\u0107aj elegancije i luksuza. Baza mirisa otkriva slasne note slatkih bombona i sandalovine. Ovi sastojci \u010dine zavr\u0161nicu koja je istovremeno privla\u010dna i neodoljiva.<\/p>\n<p><strong>Dolce &amp; Gabbana Intense<\/strong> je adiktivan miris koji ostavlja sna\u017ean utisak. Njegova senzualnost je magnetska i privla\u010dna, \u010dine\u0107i vas neodoljivim. Ovaj miris je suptilan, nje\u017ean i ugodan, idealan za opu\u0161tene prilike i svakodnevno no\u0161enje.<\/p>\n<p><strong>D&amp;G Intense<\/strong> je miris koji isti\u010de va\u0161u senzualnost i samopouzdanje. Ova kombinacija svje\u017eine, cvjetnih akcenata i slatkih nota \u010dini ga idealnim izborom za \u017eenu koja \u017eeli da ostavi neizbrisiv utisak. Dodajte ovu esenciju luksuza u svoju kolekciju mirisa i do\u017eivite intenzivnu senzualnost u svakoj kapljici.<\/p>\n","protected":false},"excerpt":{"rendered":"<p>Dolce &amp; Gabbana Intense je adiktivan miris koji ostavlja sna\u017ean utisak. Njegova senzualnost je magnetska i privla\u010dna, \u010dine\u0107i vas neodoljivim. Suptilan, nje\u017ean i ugodan, idealan je za opu\u0161tene prilike i svakodnevno no\u0161enje. Ova kombinacija svje\u017eine, cvjetnih akcenata i slatkih nota \u010dini ga idealnim izborom za \u017eenu koja \u017eeli da ostavi neizbrisiv utisak.<\/p>\n","protected":false},"featured_media":27648,"comment_status":"open","ping_status":"closed","template":"","meta":{"_acf_changed":false},"product_brand":[],"product_cat":[197,186],"product_tag":[],"class_list":{"0":"post-1702","1":"product","2":"type-product","3":"status-publish","4":"has-post-thumbnail","6":"product_cat-dolce-gabbana-marka","7":"product_cat-za-zene","9":"first","10":"instock","11":"taxable","12":"shipping-taxable","13":"purchasable","14":"product-type-variable","15":"has-default-attributes"},"acf":[],"_links":{"self":[{"href":"https:\/\/nicolefragrance.se\/hr\/wp-json\/wp\/v2\/product\/1702","targetHints":{"allow":["GET"]}}],"collection":[{"href":"https:\/\/nicolefragrance.se\/hr\/wp-json\/wp\/v2\/product"}],"about":[{"href":"https:\/\/nicolefragrance.se\/hr\/wp-json\/wp\/v2\/types\/product"}],"replies":[{"embeddable":true,"href":"https:\/\/nicolefragrance.se\/hr\/wp-json\/wp\/v2\/comments?post=1702"}],"version-history":[{"count":0,"href":"https:\/\/nicolefragrance.se\/hr\/wp-json\/wp\/v2\/product\/1702\/revisions"}],"wp:featuredmedia":[{"embeddable":true,"href":"https:\/\/nicolefragrance.se\/hr\/wp-json\/wp\/v2\/media\/27648"}],"wp:attachment":[{"href":"https:\/\/nicolefragrance.se\/hr\/wp-json\/wp\/v2\/media?parent=1702"}],"wp:term":[{"taxonomy":"product_brand","embeddable":true,"href":"https:\/\/nicolefragrance.se\/hr\/wp-json\/wp\/v2\/product_brand?post=1702"},{"taxonomy":"product_cat","embeddable":true,"href":"https:\/\/nicolefragrance.se\/hr\/wp-json\/wp\/v2\/product_cat?post=1702"},{"taxonomy":"product_tag","embeddable":true,"href":"https:\/\/nicolefragrance.se\/hr\/wp-json\/wp\/v2\/product_tag?post=1702"}],"curies":[{"name":"wp","href":"https:\/\/api.w.org\/{rel}","templated":true}]}}