{"id":1678,"date":"2021-01-13T14:31:48","date_gmt":"2021-01-13T13:31:48","guid":{"rendered":"https:\/\/nicolefragrance.se\/?post_type=product&#038;p=1678"},"modified":"2025-07-08T20:34:26","modified_gmt":"2025-07-08T18:34:26","slug":"chloe-nomade-nicole-edp","status":"publish","type":"product","link":"https:\/\/nicolefragrance.se\/hr\/proizvod\/chloe-nomade-nicole-edp\/","title":{"rendered":"Nicole 2017 EDP inspiriran s Nomade Chloe"},"content":{"rendered":"<p><strong>Chloe Nomade<\/strong> je \u017eenski miris koji utelovljuje duh avanturisti\u010dke \u017eenstvenosti. Ovaj parfem spada u drvenaste note sa svje\u017eim i cvjetnim akordima. Intenzivan, mineralni hrastov mahovinac balansiran je \u010dulnom slatko\u0107om \u0161ljive mirabel i svijetlucavim cvjetnim notama koje nosi frezija.<\/p>\n<p>Slijede\u0107i klasi\u010dnu strukturu porodice ovih mirisa, <strong>Nomade<\/strong> <strong>by Chloe <\/strong>ima aspekte citrusno-vo\u0107ne svje\u017eine, cvjetnih nota, ambera, drvenih tonova i mahovine. Mirabel \u0161ljiva, podr\u017eana citrusima i breskvom, igra klju\u010dnu ulogu u vo\u0107nom akordu ovog mirisa i zaista je zvijezda ovog vo\u0107nog spoja.<\/p>\n<p><strong>Chloe Nomade<\/strong> EDP je pravi izbor za \u017eenu koja voli da istra\u017euje, za one trenutke kada \u017eelite da se osje\u0107ate povezano sa prirodom i spremni ste za nove avanture. Ovaj miris nosi sa sobom notu slobode i neustra\u0161ivosti, istovremeno pru\u017eaju\u0107i toplinu i senzualnost.<\/p>\n<p><strong>Chloe Nomade<\/strong> miris \u0107e vas pratiti tijekom cijelog dana, bez potrebe za \u010destim ponovnim nano\u0161enjem. Chloe je uspela da stvori miris koji nije samo luksuzan i sofisticiran, ve\u0107 i autenti\u010dan, inspiriran prirodom i slobodom. Zato je Chloe Nomade va\u0161 savr\u0161eni suputnik u svakodnevnim avanturama i inspirira vas da iskusite svaki trenutak u punom sjaju.<\/p>\n","protected":false},"excerpt":{"rendered":"<p>Chloe Nomade je pravi odabir za \u017eenu koja voli istra\u017eivati, za one trenutke kada \u017eelite da se osje\u0107ate povezano sa prirodom i spremni ste za nove avanture. Ovaj miris nosi sa sobom notu slobode i neustra\u0161ivosti, istovremeno pru\u017eaju\u0107i toplinu i senzualnost. Miris \u0107e vas pratiti tijekom cijelog dana, bez potrebe za ponovnim nano\u0161enjem. Chloe Nomade je va\u0161 savr\u0161eni suputnik u svakodnevnim avanturama i inspirira da iskusite svaki trenutak u punom sjaju.<\/p>\n","protected":false},"featured_media":27660,"comment_status":"open","ping_status":"closed","template":"","meta":{"_acf_changed":false},"product_brand":[],"product_cat":[212,186],"product_tag":[],"class_list":{"0":"post-1678","1":"product","2":"type-product","3":"status-publish","4":"has-post-thumbnail","6":"product_cat-chloe-marka","7":"product_cat-za-zene","9":"first","10":"instock","11":"taxable","12":"shipping-taxable","13":"purchasable","14":"product-type-variable","15":"has-default-attributes"},"acf":[],"_links":{"self":[{"href":"https:\/\/nicolefragrance.se\/hr\/wp-json\/wp\/v2\/product\/1678","targetHints":{"allow":["GET"]}}],"collection":[{"href":"https:\/\/nicolefragrance.se\/hr\/wp-json\/wp\/v2\/product"}],"about":[{"href":"https:\/\/nicolefragrance.se\/hr\/wp-json\/wp\/v2\/types\/product"}],"replies":[{"embeddable":true,"href":"https:\/\/nicolefragrance.se\/hr\/wp-json\/wp\/v2\/comments?post=1678"}],"version-history":[{"count":0,"href":"https:\/\/nicolefragrance.se\/hr\/wp-json\/wp\/v2\/product\/1678\/revisions"}],"wp:featuredmedia":[{"embeddable":true,"href":"https:\/\/nicolefragrance.se\/hr\/wp-json\/wp\/v2\/media\/27660"}],"wp:attachment":[{"href":"https:\/\/nicolefragrance.se\/hr\/wp-json\/wp\/v2\/media?parent=1678"}],"wp:term":[{"taxonomy":"product_brand","embeddable":true,"href":"https:\/\/nicolefragrance.se\/hr\/wp-json\/wp\/v2\/product_brand?post=1678"},{"taxonomy":"product_cat","embeddable":true,"href":"https:\/\/nicolefragrance.se\/hr\/wp-json\/wp\/v2\/product_cat?post=1678"},{"taxonomy":"product_tag","embeddable":true,"href":"https:\/\/nicolefragrance.se\/hr\/wp-json\/wp\/v2\/product_tag?post=1678"}],"curies":[{"name":"wp","href":"https:\/\/api.w.org\/{rel}","templated":true}]}}